{"id":30696,"date":"2013-11-26T00:10:23","date_gmt":"2013-11-26T00:10:23","guid":{"rendered":"https:\/\/350.org\/clone\/?page_id=30696"},"modified":"2014-10-29T13:30:56","modified_gmt":"2014-10-29T13:30:56","slug":"intl-ad-council","status":"publish","type":"page","link":"https:\/\/350.org\/de\/intl-ad-council\/","title":{"rendered":"Internationaler Beirat"},"content":{"rendered":"<ul>\n<li>\n<h3>Mohammed Adow<\/h3>\n<p>Mohamed ist Journalist und lebt in Nairobi. Er hat ausf\u00fchrlich \u00fcber die Konflikte in \u00c4thiopien, im Sudan und in Kenia berichtet. Er berichtete engagiert \u00fcber die Klimaverhandlungen in Durban, S\u00fcdafrika, und die Vertragsstaatenkonferenz letztes Jahr.<\/li>\n<li>\n<h3>Ex-Pr\u00e4sident Mohammed Nasheed<\/h3>\n<p>Mohammed Nasheed war 2009 der erste demokratisch gew\u00e4hlte Pr\u00e4sident der Malediven, er trat im Februar 2012 nach einem Putschversuch zur\u00fcck. Er hat sich f\u00fchrend an den UN-Klimaverhandlungen beteiligt und forderte eine R\u00fcckkehr zu 350\u00a0ppm CO2 und die Umsetzung eines verpflichtenden Vertrages, der den weltweiten Temperaturanstieg auf 2 Grad Celsius begrenzt. Ohne diese Beschr\u00e4nkung des globalen Temperaturanstieges auf 2 Grad werden die Malediven bald vollst\u00e4ndig unter Wasser liegen.<\/li>\n<li>\n<h3>Vandana Shiva<\/h3>\n<p>Vandana Shiva ist eine indische Physikerin und international bekannte Aktivistin, die ihre \u00fcberzeugende Vision von Frieden und Gewaltlosigkeit auf der ganzen Welt verbreitet hat. Ziel ihrer Arbeit ist der Schutz der Natur und der Rechte der Menschen auf sichere und saubere Nahrung und Trinkwasser, ebenso wie auf menschenw\u00fcrdige Arbeitspl\u00e4tze. Sie hat in ihrer T\u00e4tigkeit regionale und \u00f6kologische Modelle der Lebensmittelerzeugung gef\u00f6rdert und hat schon oft das Klimachaos, das globale Nahrungsmittel- und Infrastruktursysteme bedroht, aufgezeigt.<\/li>\n<li>\n<h3>Casper ter Kuile<\/h3>\n<p>Casper ist Co-Direktor der UK Youth Climate Coalition und erarbeitet derzeit Kampagnenstrategien f\u00fcr Common Cause. Seine Leidenschaft sind Kommunikationsstrategien und wie wir Meinung und Verhalten \u00e4ndern k\u00f6nnen, indem wir den richtigen Menschen die richtige Geschichte erz\u00e4hlen.<\/li>\n<li>\n<h3>Marita Manley<\/h3>\n<p>Marita Manley leitete bis Juli 2010 das Pacific Agriculture and Forestry Policy Network (PAFPNet, Netzwerk f\u00fcr Land- und Forstwirtschaftspolitik im Pazifik) beim SPC (Sekretariat der Pazifischen Gemeinschaft) und \u00fcberwachte die Forschung und Entwicklung der Pacific Youth in Agriculture Strategy (Strategie f\u00fcr Jugend in der Landwirtschaft im pazifischen Raum). Zurzeit arbeitet sie als technische Beraterin f\u00fcr die GIZ, die deutsche Gesellschaft f\u00fcr internationale Zusammenarbeit, an einem Programm f\u00fcr die Anpassung an den Klimawandel.<\/li>\n<li>\n<h3>Sean Weaver<\/h3>\n<p>Dr. Sean Weaver ist der Direktor von \u00a0Carbon Partnership Ltd. \u2013 einem Beratungsunternehmen f\u00fcr Klimapolitik, Projektdesign f\u00fcr den Emissionshandel und Informationsarbeit. Er hat mehr als 20 Jahre Erfahrung in Umweltschutzpolitik und -management, sowohl als Fachmann als auch als Berater. Er ist der UNFCCC-Verhandler f\u00fcr Vanuatu und konzentriert sich derzeit auf die Informationsarbeit zu Klimawandel und Emissionshandel f\u00fcr Entscheidungstr\u00e4ger aus Politik und Wirtschaft.<\/li>\n<li>\n<h3>Ricken Patel<\/h3>\n<p>Ricken Patel ist Mitbegr\u00fcnder und gesch\u00e4ftsf\u00fchrender Direktor von Avaaz.org. Ricken wurde 2009 von der Huffington Post zum \u201eUltimate Gamechanger in Politics\u201c gew\u00e4hlt und vom Davos Weltwirtschaftsforum zum \u201eYoung Global Leader\u201c ernannt. Vor Avaaz lebte er in Sierra Leone, Afghanistan und anderen Konfliktgebieten und arbeitete f\u00fcr die International Crisis Group, die Rockefeller Stiftung, das International Center for Transitional Justice und Res Publica.<\/li>\n<li>\n<h3>Wael Hmaidan<\/h3>\n<p>Wael Hmaidan ist ein Social Entrepreneur und Gr\u00fcnder von IndyACT, der Liga der unabh\u00e4ngigen Aktivistinnnen und Aktivisten. Er gr\u00fcndete die \u201eArab Climate Campaign\u201c in der Organisation, mit dem Ziel, nach 2012 eine starke Klimaschutzpolitik in der Region zu unterst\u00fctzen. Wael initiierte auch die Gr\u00fcndung der Arab Climate Alliance um eine starke Klimaschutzpolitik durch die Arabische Liga durchzusetzen. Innerhalb von zwei Jahren konnte diese Bewegung die Klimaschutzposition der Arabischen Liga drastisch \u00e4ndern, den Klimaschutz auf der politischen Tagesordnung weiter nach oben r\u00fccken und den Klimawandel zu einem zentralen Anliegen in der arabischen \u00d6ffentlichkeit machen. Wael verf\u00fcgt \u00fcber mehr als 13 Jahre Erfahrung im Klima- und Umweltschutzaktivismus in der arabischen Welt. Zur Zeit ist er einer der Leiter des Klimaschutz-Arbeitskreises und Mitglied der Gruppe f\u00fcr politische Koordination des Climate Action Network. Au\u00dferdem ist er ein Ashoka Fellow und Mitglied des Lenkungsausschusses f\u00fcr GAIA.<\/li>\n<li>\n<h3>Jorge Rodriguez-Gerada<\/h3>\n<p>Er ist einer der Gr\u00fcnder der New York Culture Jamming Bewegung und ein Wegbereiter der urbanen Kunstszene. Seit den sp\u00e4ten 90er Jahren ersetzt er die Gesichter von Kulturikonen auf Werbeplakaten mit den Gesichtern Unbekannter, um die uns im \u00f6ffentlichen Raum auferlegten Beschr\u00e4nkungen zu hinterfragen, welche Vorbilder uns aufgen\u00f6tigt werden und welche Art von Aktionen im kollektiven Ged\u00e4chtnis haften bleiben. Rodriguez-Geradas einzigartige Kunstrichtung fand in Naomi Kleins Buch \u201eNo Logo!\u201c Erw\u00e4hnung und war Vorreiter der jetzt in der Streetart \u00fcblichen Verwendung von Portr\u00e4ts Unbekannter. Seine spektakul\u00e4ren Installationen werden zu dem Zweck geschaffen, die Menschen auf dringende soziale Fragen aufmerksam zu machen. Seine gro\u00dffl\u00e4chigen, verg\u00e4nglichen Kunstwerke sind umweltfreundlich, hinterfragen den Konformismus zeitgen\u00f6ssischer Kunst und laden ein zu einer Reflexion, die hinausgeht \u00fcber das fertige Kunstwerk und sich auf dessen Konzept, Prozess und die im gew\u00e4hlten Werkstoff liegende Metapher konzentrieren.<\/li>\n<li>\n<h3>Ronny Jumeau<\/h3>\n<p>Ronny Jumeau ist Politiker und Diplomat der Seychellen und jetzt schon seit 2007 st\u00e4ndiger Vertreter der Seychellen bei den Vereinten Nationen und den USA. Von 1998 bis 2007 war er Mitglied der Regierung der Seychellen, als Minister f\u00fcr Landwirtschaft und Meeresressourcen, Kultur- und Informationsminister, Umweltminister und Minister f\u00fcr Umwelt und nat\u00fcrliche Ressourcen.<\/li>\n<li>\n<h3>Sze Ping<\/h3>\n<p>Sze Ping ist derzeit Generalsekret\u00e4r der Society of Entrepreneurs and Ecology. Er arbeitete f\u00fcr das Umweltprogramm der Vereinten Nationen und f\u00fchrte den Aufbau von Greenpeace in China seit 1999. Er ist Vorstandsmitglied der All China Environmental Federation und der Friends of Nature, der \u00e4ltesten Umweltschutz-NGO in China.<\/li>\n<li>\n<h3>Kumi Naidoo<\/h3>\n<p>Kumi Naidoo ist der gesch\u00e4ftsf\u00fchrende Direktor von Greenpeace International und hat seit mehreren Jahren eng mit Greenpeace zusammengearbeitet. Er engagierte sich w\u00e4hrend des Freiheitskampf in S\u00fcdafrika f\u00fcr die Legalisierung der Partei Afrikanischer Nationalkongress. Er war an der Entwicklung der Arbeit von Greenpeace in Afrika beteiligt und wurde Vorstandsmitglied von Greenpeace Afrika, als es 2008 die Arbeit aufnahm.<\/li>\n<li>\n<h3>Rod Oram<\/h3>\n<p>Rod Oram ist ein Journalist aus Neuseeland, der \u00fcber Konzerne, Wirtschaft und Politik schreibEr ist ein Treuh\u00e4nder der Hikurangi Stiftung, einer Initiative die hilft, b\u00fcrgernahe Antworten auf den Klimawandel zu finden, und des Council for Socially Responsible Investment (Rat f\u00fcr sozialvertr\u00e4gliche Investitionen). Er ist au\u00dferdem Mitglied der Klimawandel-Aktionsgruppe der Anglikanischen Di\u00f6zese Aukland.<\/li>\n<li>\n<h3>Rubens Harry Born<\/h3>\n<p>Rubens Harry Born ist Gesch\u00e4ftsf\u00fchrer des Vitae Civillis Instituts f\u00fcr Entwicklung, Umwelt und Frieden in Brasilien. Er ist ein engagierter Klimaaktivist, der f\u00fcr Umweltschutz und nachhaltige Entwicklung eintritt.<\/li>\n<li>\n<h3>Liz Thompson<\/h3>\n<p>Henrietta Elizabeth Thompson ist eine der beiden neu ernannten stellvertretenden Generalsekret\u00e4re, die als leitende Koordinatoren der UN-Konferenz f\u00fcr nachhaltige Entwicklung (Rio 2012) fungieren. Liz Thompson aus Barbados bringt in ihr Amt ein gro\u00dfe Bandbreite an Erfahrungen und F\u00fchrungsqualit\u00e4ten auf nationaler, regionaler und internationaler Ebene in nachhaltiger Entwicklung und Umweltfragen.<\/li>\n<\/ul>\n","protected":false},"excerpt":{"rendered":"<p>Mohammed Adow Mohamed ist Journalist und lebt in Nairobi. Er hat ausf\u00fchrlich \u00fcber die Konflikte in \u00c4thiopien, im Sudan und<span class=\"text-cutoff\">&#8230;<\/span><\/p>\n","protected":false},"author":3,"featured_media":0,"parent":0,"menu_order":0,"comment_status":"open","ping_status":"open","template":"","meta":{"_acf_changed":false,"footnotes":""},"class_list":["post-30696","page","type-page","status-publish","hentry"],"acf":[],"yoast_head":"<!-- This site is optimized with the Yoast SEO Premium plugin v27.6 (Yoast SEO v27.6) - https:\/\/yoast.com\/product\/yoast-seo-premium-wordpress\/ -->\n<title>Internationaler Beirat - 350 Deutsch<\/title>\n<meta name=\"robots\" content=\"index, follow, max-snippet:-1, max-image-preview:large, max-video-preview:-1\" \/>\n<link rel=\"canonical\" href=\"https:\/\/350.org\/de\/intl-ad-council\/\" \/>\n<meta property=\"og:locale\" content=\"de_DE\" \/>\n<meta property=\"og:type\" content=\"article\" \/>\n<meta property=\"og:title\" content=\"Internationaler Beirat\" \/>\n<meta property=\"og:description\" content=\"Mohammed Adow Mohamed ist Journalist und lebt in Nairobi. Er hat ausf\u00fchrlich \u00fcber die Konflikte in \u00c4thiopien, im Sudan und...\" \/>\n<meta property=\"og:url\" content=\"https:\/\/350.org\/de\/intl-ad-council\/\" \/>\n<meta property=\"og:site_name\" content=\"350 Deutsch\" \/>\n<meta property=\"article:modified_time\" content=\"2014-10-29T13:30:56+00:00\" \/>\n<meta name=\"twitter:card\" content=\"summary_large_image\" \/>\n<meta name=\"twitter:label1\" content=\"Gesch\u00e4tzte Lesezeit\" \/>\n\t<meta name=\"twitter:data1\" content=\"5 Minuten\" \/>\n<script type=\"application\/ld+json\" class=\"yoast-schema-graph\">{\"@context\":\"https:\\\/\\\/schema.org\",\"@graph\":[{\"@type\":\"WebPage\",\"@id\":\"https:\\\/\\\/350.org\\\/de\\\/intl-ad-council\\\/\",\"url\":\"https:\\\/\\\/350.org\\\/de\\\/intl-ad-council\\\/\",\"name\":\"Internationaler Beirat - 350 Deutsch\",\"isPartOf\":{\"@id\":\"https:\\\/\\\/350.org\\\/de\\\/#website\"},\"datePublished\":\"2013-11-26T00:10:23+00:00\",\"dateModified\":\"2014-10-29T13:30:56+00:00\",\"breadcrumb\":{\"@id\":\"https:\\\/\\\/350.org\\\/de\\\/intl-ad-council\\\/#breadcrumb\"},\"inLanguage\":\"de-DE\",\"potentialAction\":[{\"@type\":\"ReadAction\",\"target\":[\"https:\\\/\\\/350.org\\\/de\\\/intl-ad-council\\\/\"]}]},{\"@type\":\"BreadcrumbList\",\"@id\":\"https:\\\/\\\/350.org\\\/de\\\/intl-ad-council\\\/#breadcrumb\",\"itemListElement\":[{\"@type\":\"ListItem\",\"position\":1,\"name\":\"Home\",\"item\":\"https:\\\/\\\/350.org\\\/de\\\/\"},{\"@type\":\"ListItem\",\"position\":2,\"name\":\"Internationaler Beirat\"}]},{\"@type\":\"WebSite\",\"@id\":\"https:\\\/\\\/350.org\\\/de\\\/#website\",\"url\":\"https:\\\/\\\/350.org\\\/de\\\/\",\"name\":\"350 Deutsch\",\"description\":\"\",\"potentialAction\":[{\"@type\":\"SearchAction\",\"target\":{\"@type\":\"EntryPoint\",\"urlTemplate\":\"https:\\\/\\\/350.org\\\/de\\\/?s={search_term_string}\"},\"query-input\":{\"@type\":\"PropertyValueSpecification\",\"valueRequired\":true,\"valueName\":\"search_term_string\"}}],\"inLanguage\":\"de-DE\"}]}<\/script>\n<!-- \/ Yoast SEO Premium plugin. -->","yoast_head_json":{"title":"Internationaler Beirat - 350 Deutsch","robots":{"index":"index","follow":"follow","max-snippet":"max-snippet:-1","max-image-preview":"max-image-preview:large","max-video-preview":"max-video-preview:-1"},"canonical":"https:\/\/350.org\/de\/intl-ad-council\/","og_locale":"de_DE","og_type":"article","og_title":"Internationaler Beirat","og_description":"Mohammed Adow Mohamed ist Journalist und lebt in Nairobi. Er hat ausf\u00fchrlich \u00fcber die Konflikte in \u00c4thiopien, im Sudan und...","og_url":"https:\/\/350.org\/de\/intl-ad-council\/","og_site_name":"350 Deutsch","article_modified_time":"2014-10-29T13:30:56+00:00","twitter_card":"summary_large_image","twitter_misc":{"Gesch\u00e4tzte Lesezeit":"5 Minuten"},"schema":{"@context":"https:\/\/schema.org","@graph":[{"@type":"WebPage","@id":"https:\/\/350.org\/de\/intl-ad-council\/","url":"https:\/\/350.org\/de\/intl-ad-council\/","name":"Internationaler Beirat - 350 Deutsch","isPartOf":{"@id":"https:\/\/350.org\/de\/#website"},"datePublished":"2013-11-26T00:10:23+00:00","dateModified":"2014-10-29T13:30:56+00:00","breadcrumb":{"@id":"https:\/\/350.org\/de\/intl-ad-council\/#breadcrumb"},"inLanguage":"de-DE","potentialAction":[{"@type":"ReadAction","target":["https:\/\/350.org\/de\/intl-ad-council\/"]}]},{"@type":"BreadcrumbList","@id":"https:\/\/350.org\/de\/intl-ad-council\/#breadcrumb","itemListElement":[{"@type":"ListItem","position":1,"name":"Home","item":"https:\/\/350.org\/de\/"},{"@type":"ListItem","position":2,"name":"Internationaler Beirat"}]},{"@type":"WebSite","@id":"https:\/\/350.org\/de\/#website","url":"https:\/\/350.org\/de\/","name":"350 Deutsch","description":"","potentialAction":[{"@type":"SearchAction","target":{"@type":"EntryPoint","urlTemplate":"https:\/\/350.org\/de\/?s={search_term_string}"},"query-input":{"@type":"PropertyValueSpecification","valueRequired":true,"valueName":"search_term_string"}}],"inLanguage":"de-DE"}]}},"_links":{"self":[{"href":"https:\/\/350.org\/de\/wp-json\/wp\/v2\/pages\/30696","targetHints":{"allow":["GET"]}}],"collection":[{"href":"https:\/\/350.org\/de\/wp-json\/wp\/v2\/pages"}],"about":[{"href":"https:\/\/350.org\/de\/wp-json\/wp\/v2\/types\/page"}],"author":[{"embeddable":true,"href":"https:\/\/350.org\/de\/wp-json\/wp\/v2\/users\/3"}],"replies":[{"embeddable":true,"href":"https:\/\/350.org\/de\/wp-json\/wp\/v2\/comments?post=30696"}],"version-history":[{"count":0,"href":"https:\/\/350.org\/de\/wp-json\/wp\/v2\/pages\/30696\/revisions"}],"wp:attachment":[{"href":"https:\/\/350.org\/de\/wp-json\/wp\/v2\/media?parent=30696"}],"curies":[{"name":"wp","href":"https:\/\/api.w.org\/{rel}","templated":true}]}}