{"id":129541,"date":"2014-11-06T15:38:02","date_gmt":"2014-11-06T15:38:02","guid":{"rendered":"https:\/\/350.org\/es\/?page_id=129541"},"modified":"2014-12-09T13:59:20","modified_gmt":"2014-12-09T13:59:20","slug":"hayan-donations","status":"publish","type":"page","link":"https:\/\/350.org\/es\/hayan-donations\/","title":{"rendered":"Dona para apoyar los esfuerzos de ayuda que se realizan en Filipinas"},"content":{"rendered":"<p><a class=\"button\" href=\"https:\/\/act.climaterelief.org\/donate\/donate_haiyan_350\/\">DONAR EN USD<\/a><\/p>\n<p><a class=\"button\" href=\"https:\/\/act.350.org\/donate\/haiyan_relief_EUR\/\">DONAR EN EUR<\/a><\/p>\n<p><a class=\"button\" href=\"https:\/\/act.350.org\/donate\/haiyan_relief_AUD\/\">DONAR EN AUD<\/a><\/p>\n<p><a class=\"button\" href=\"https:\/\/act.350.org\/donate\/haiyan_relief_CAD\/\">DONAR EN CAD<\/a><\/p>\n<p><a class=\"button\" href=\"https:\/\/act.350.org\/donate\/haiyan_relief_GBP\/\">DONAR EN GBP<\/a><\/p>\n<p>&nbsp;<\/p>\n<hr \/>\n<p>&nbsp;<\/p>\n<h4 style=\"color: #333333;\">Hace un a\u00f1o, el tif\u00f3n Haiyan se estrell\u00f3 contra Filipinas. La tormenta y gran oleada en las costas dejaron m\u00e1s de 7.000 muertos o desaparecidos, destruyeron m\u00e1s de 1,1 millones de viviendas y afectaron a 14 millones de personas.<\/h4>\n<div style=\"color: #333333;\">\n<p>Un a\u00f1o m\u00e1s tarde, las islas est\u00e1n todav\u00eda recuper\u00e1ndose: m\u00e1s de 15,000 personas viven en ciudades de carpas. Muchos provienen de las \u00e1reas m\u00e1s afectadas por la pobreza con un acceso muy limitado a los recursos, y ahora est\u00e1n en riesgo de mayores da\u00f1os provocados por tifones. La gente en las Filipinas sigue sufriendo &#8211; t\u00fa puedes ayudar.<\/p>\n<p>350.org pide a sus seguidores donar para financiar los esfuerzos de recuperaci\u00f3n. Al donar en esta p\u00e1gina, 100% de tus donaciones se destinar\u00e1n al Centro de Respuesta a Desastres de Ciudadanos (CRDC).<\/p>\n<p>Como parte del Consorcio para el Desarrollo de los Pueblos, el CRDC ayuda a los sectores m\u00e1s afectados, menos atendidos y m\u00e1s vulnerables de la poblaci\u00f3n a trav\u00e9s de la preparaci\u00f3n y mitigaci\u00f3n, el socorro de emergencia y programas de rehabilitaci\u00f3n. Tu donaci\u00f3n apoyar\u00e1 programas tales como la reconstrucci\u00f3n de viviendas y otras estructuras, la recuperaci\u00f3n a largo plazo de la infraestructura, tales como los sistemas de agua y el desarrollo sostenible, incluyendo la reforestaci\u00f3n y apoyo a la agricultura. CRDC ha estado ayudando a la gente en las Filipinas desde 1984.<\/p>\n<p>&nbsp;<\/p>\n<img loading=\"lazy\" decoding=\"async\" src=\"https:\/\/s3.amazonaws.com\/aktest-2011\/images\/cdrclogo.png\" alt=\"\" width=\"200\" height=\"49\" \/>\n<\/div>\n","protected":false},"excerpt":{"rendered":"<p>DONAR EN USD DONAR EN EUR DONAR EN AUD DONAR EN CAD DONAR EN GBP &nbsp; &nbsp; Hace un a\u00f1o,<span class=\"text-cutoff\">&#8230;<\/span><\/p>\n","protected":false},"author":10012012,"featured_media":0,"parent":0,"menu_order":0,"comment_status":"open","ping_status":"open","template":"","meta":{"_acf_changed":false,"footnotes":""},"class_list":["post-129541","page","type-page","status-publish","hentry"],"acf":[],"yoast_head":"<!-- This site is optimized with the Yoast SEO Premium plugin v27.6 (Yoast SEO v27.6) - https:\/\/yoast.com\/product\/yoast-seo-premium-wordpress\/ -->\n<title>Dona para apoyar los esfuerzos de ayuda que se realizan en Filipinas - 350 Espa\u00f1ol<\/title>\n<meta name=\"robots\" content=\"index, follow, max-snippet:-1, max-image-preview:large, max-video-preview:-1\" \/>\n<link rel=\"canonical\" href=\"https:\/\/350.org\/es\/hayan-donations\/\" \/>\n<meta property=\"og:locale\" content=\"es_ES\" \/>\n<meta property=\"og:type\" content=\"article\" \/>\n<meta property=\"og:title\" content=\"Dona para apoyar los esfuerzos de ayuda que se realizan en Filipinas\" \/>\n<meta property=\"og:description\" content=\"DONAR EN USD DONAR EN EUR DONAR EN AUD DONAR EN CAD DONAR EN GBP &nbsp; &nbsp; Hace un a\u00f1o,...\" \/>\n<meta property=\"og:url\" content=\"https:\/\/350.org\/es\/hayan-donations\/\" \/>\n<meta property=\"og:site_name\" content=\"350 Espa\u00f1ol\" \/>\n<meta property=\"article:modified_time\" content=\"2014-12-09T13:59:20+00:00\" \/>\n<meta property=\"og:image\" content=\"https:\/\/s3.amazonaws.com\/aktest-2011\/images\/cdrclogo.png\" \/>\n<meta name=\"twitter:card\" content=\"summary_large_image\" \/>\n<meta name=\"twitter:label1\" content=\"Tiempo de lectura\" \/>\n\t<meta name=\"twitter:data1\" content=\"1 minuto\" \/>\n<script type=\"application\/ld+json\" class=\"yoast-schema-graph\">{\"@context\":\"https:\\\/\\\/schema.org\",\"@graph\":[{\"@type\":\"WebPage\",\"@id\":\"https:\\\/\\\/350.org\\\/es\\\/hayan-donations\\\/\",\"url\":\"https:\\\/\\\/350.org\\\/es\\\/hayan-donations\\\/\",\"name\":\"Dona para apoyar los esfuerzos de ayuda que se realizan en Filipinas - 350 Espa\u00f1ol\",\"isPartOf\":{\"@id\":\"https:\\\/\\\/350.org\\\/es\\\/#website\"},\"primaryImageOfPage\":{\"@id\":\"https:\\\/\\\/350.org\\\/es\\\/hayan-donations\\\/#primaryimage\"},\"image\":{\"@id\":\"https:\\\/\\\/350.org\\\/es\\\/hayan-donations\\\/#primaryimage\"},\"thumbnailUrl\":\"https:\\\/\\\/s3.amazonaws.com\\\/aktest-2011\\\/images\\\/cdrclogo.png\",\"datePublished\":\"2014-11-06T15:38:02+00:00\",\"dateModified\":\"2014-12-09T13:59:20+00:00\",\"breadcrumb\":{\"@id\":\"https:\\\/\\\/350.org\\\/es\\\/hayan-donations\\\/#breadcrumb\"},\"inLanguage\":\"es\",\"potentialAction\":[{\"@type\":\"ReadAction\",\"target\":[\"https:\\\/\\\/350.org\\\/es\\\/hayan-donations\\\/\"]}]},{\"@type\":\"ImageObject\",\"inLanguage\":\"es\",\"@id\":\"https:\\\/\\\/350.org\\\/es\\\/hayan-donations\\\/#primaryimage\",\"url\":\"https:\\\/\\\/s3.amazonaws.com\\\/aktest-2011\\\/images\\\/cdrclogo.png\",\"contentUrl\":\"https:\\\/\\\/s3.amazonaws.com\\\/aktest-2011\\\/images\\\/cdrclogo.png\"},{\"@type\":\"BreadcrumbList\",\"@id\":\"https:\\\/\\\/350.org\\\/es\\\/hayan-donations\\\/#breadcrumb\",\"itemListElement\":[{\"@type\":\"ListItem\",\"position\":1,\"name\":\"Home\",\"item\":\"https:\\\/\\\/350.org\\\/es\\\/\"},{\"@type\":\"ListItem\",\"position\":2,\"name\":\"Dona para apoyar los esfuerzos de ayuda que se realizan en Filipinas\"}]},{\"@type\":\"WebSite\",\"@id\":\"https:\\\/\\\/350.org\\\/es\\\/#website\",\"url\":\"https:\\\/\\\/350.org\\\/es\\\/\",\"name\":\"350 Espa\u00f1ol\",\"description\":\"\",\"potentialAction\":[{\"@type\":\"SearchAction\",\"target\":{\"@type\":\"EntryPoint\",\"urlTemplate\":\"https:\\\/\\\/350.org\\\/es\\\/?s={search_term_string}\"},\"query-input\":{\"@type\":\"PropertyValueSpecification\",\"valueRequired\":true,\"valueName\":\"search_term_string\"}}],\"inLanguage\":\"es\"}]}<\/script>\n<!-- \/ Yoast SEO Premium plugin. -->","yoast_head_json":{"title":"Dona para apoyar los esfuerzos de ayuda que se realizan en Filipinas - 350 Espa\u00f1ol","robots":{"index":"index","follow":"follow","max-snippet":"max-snippet:-1","max-image-preview":"max-image-preview:large","max-video-preview":"max-video-preview:-1"},"canonical":"https:\/\/350.org\/es\/hayan-donations\/","og_locale":"es_ES","og_type":"article","og_title":"Dona para apoyar los esfuerzos de ayuda que se realizan en Filipinas","og_description":"DONAR EN USD DONAR EN EUR DONAR EN AUD DONAR EN CAD DONAR EN GBP &nbsp; &nbsp; Hace un a\u00f1o,...","og_url":"https:\/\/350.org\/es\/hayan-donations\/","og_site_name":"350 Espa\u00f1ol","article_modified_time":"2014-12-09T13:59:20+00:00","og_image":[{"url":"https:\/\/s3.amazonaws.com\/aktest-2011\/images\/cdrclogo.png","type":"","width":"","height":""}],"twitter_card":"summary_large_image","twitter_misc":{"Tiempo de lectura":"1 minuto"},"schema":{"@context":"https:\/\/schema.org","@graph":[{"@type":"WebPage","@id":"https:\/\/350.org\/es\/hayan-donations\/","url":"https:\/\/350.org\/es\/hayan-donations\/","name":"Dona para apoyar los esfuerzos de ayuda que se realizan en Filipinas - 350 Espa\u00f1ol","isPartOf":{"@id":"https:\/\/350.org\/es\/#website"},"primaryImageOfPage":{"@id":"https:\/\/350.org\/es\/hayan-donations\/#primaryimage"},"image":{"@id":"https:\/\/350.org\/es\/hayan-donations\/#primaryimage"},"thumbnailUrl":"https:\/\/s3.amazonaws.com\/aktest-2011\/images\/cdrclogo.png","datePublished":"2014-11-06T15:38:02+00:00","dateModified":"2014-12-09T13:59:20+00:00","breadcrumb":{"@id":"https:\/\/350.org\/es\/hayan-donations\/#breadcrumb"},"inLanguage":"es","potentialAction":[{"@type":"ReadAction","target":["https:\/\/350.org\/es\/hayan-donations\/"]}]},{"@type":"ImageObject","inLanguage":"es","@id":"https:\/\/350.org\/es\/hayan-donations\/#primaryimage","url":"https:\/\/s3.amazonaws.com\/aktest-2011\/images\/cdrclogo.png","contentUrl":"https:\/\/s3.amazonaws.com\/aktest-2011\/images\/cdrclogo.png"},{"@type":"BreadcrumbList","@id":"https:\/\/350.org\/es\/hayan-donations\/#breadcrumb","itemListElement":[{"@type":"ListItem","position":1,"name":"Home","item":"https:\/\/350.org\/es\/"},{"@type":"ListItem","position":2,"name":"Dona para apoyar los esfuerzos de ayuda que se realizan en Filipinas"}]},{"@type":"WebSite","@id":"https:\/\/350.org\/es\/#website","url":"https:\/\/350.org\/es\/","name":"350 Espa\u00f1ol","description":"","potentialAction":[{"@type":"SearchAction","target":{"@type":"EntryPoint","urlTemplate":"https:\/\/350.org\/es\/?s={search_term_string}"},"query-input":{"@type":"PropertyValueSpecification","valueRequired":true,"valueName":"search_term_string"}}],"inLanguage":"es"}]}},"_links":{"self":[{"href":"https:\/\/350.org\/es\/wp-json\/wp\/v2\/pages\/129541","targetHints":{"allow":["GET"]}}],"collection":[{"href":"https:\/\/350.org\/es\/wp-json\/wp\/v2\/pages"}],"about":[{"href":"https:\/\/350.org\/es\/wp-json\/wp\/v2\/types\/page"}],"author":[{"embeddable":true,"href":"https:\/\/350.org\/es\/wp-json\/wp\/v2\/users\/10012012"}],"replies":[{"embeddable":true,"href":"https:\/\/350.org\/es\/wp-json\/wp\/v2\/comments?post=129541"}],"version-history":[{"count":0,"href":"https:\/\/350.org\/es\/wp-json\/wp\/v2\/pages\/129541\/revisions"}],"wp:attachment":[{"href":"https:\/\/350.org\/es\/wp-json\/wp\/v2\/media?parent=129541"}],"curies":[{"name":"wp","href":"https:\/\/api.w.org\/{rel}","templated":true}]}}