{"id":132323,"date":"2019-04-10T19:55:28","date_gmt":"2019-04-10T19:55:28","guid":{"rendered":"https:\/\/350.org\/es\/?page_id=132323"},"modified":"2019-04-16T17:50:31","modified_gmt":"2019-04-16T17:50:31","slug":"creacion-de-un-grupo-350-local","status":"publish","type":"page","link":"https:\/\/350.org\/es\/creacion-de-un-grupo-350-local\/","title":{"rendered":"Creaci\u00f3n de un grupo 350 local"},"content":{"rendered":"<h3><b>\u00bfQu\u00e9 son los grupos 350 locales?<\/b><\/h3>\n<p><span style=\"font-weight: 400;\">Desde que 350.org se cre\u00f3 en 2008, han surgido grupos activistas del cambio clim\u00e1tico liderados por ciudadanos a nivel local y nacional , en distintas partes del mundo, a fin de organizar 350 d\u00edas de acci\u00f3n y seguir moviliz\u00e1ndose en sus comunidades de manera continua. Nosotros creemos que una poderosa red mundial de movimientos locales trabajando en solidaridad mutua a nivel mundial y para transformar sus comunidades a trav\u00e9s de la educaci\u00f3n popular, la organizaci\u00f3n de las bases y la realizaci\u00f3n de campa\u00f1as a nivel local, es esencial para detener el cambio clim\u00e1tico mundial. Las actividades que los grupos 350 lleven a cabo localmente variar\u00e1n de lugar en lugar y depender\u00e1n de los l\u00edderes de los movimientos, pero, en su esencia, estos movimientos son dirigidos por personas comprometidas a crear un movimiento clim\u00e1tico mundial que represente los principios b\u00e1sicos contenidos en los <\/span><a href=\"https:\/\/350.org\/es\/principios-organizativos\/\"><span style=\"font-weight: 400;\">Principios de Organizaci\u00f3n de 350<\/span><\/a><span style=\"font-weight: 400;\">.<\/span><\/p>\n<h3><b>\u00bfMi equipo est\u00e1 listo para crear un grupo 350?<\/b><\/h3>\n<p><span style=\"font-weight: 400;\">Estos son los lineamientos generales para iniciar un grupo 350, con la flexibilidad del caso para los diferentes contextos locales. \u00a0Los grupos solicitantes deben:<\/span><\/p>\n<ul>\n<li style=\"font-weight: 400;\"><span style=\"font-weight: 400;\">ser una iniciativa de cambio clim\u00e1tico local (o regional) liderada por un equipo de 5 a 10 o m\u00e1s personas.<\/span><\/li>\n<li style=\"font-weight: 400;\"><span style=\"font-weight: 400;\">reunirse peri\u00f3dicamente (cada semana, cada dos semanas o cada mes).<\/span><\/li>\n<li style=\"font-weight: 400;\"><span style=\"font-weight: 400;\">haber colaborado con 350 de alguna forma anteriormente (d\u00edas de acci\u00f3n, proyectos locales, etc.).<\/span><\/li>\n<li style=\"font-weight: 400;\"><span style=\"font-weight: 400;\">\u00a1estar buscando mayor respaldo y colaboraci\u00f3n con 350.org y el movimiento clim\u00e1tico mundial m\u00e1s amplio!<\/span><\/li>\n<\/ul>\n<p><span style=\"font-weight: 400;\">Al trabajar juntos, es importante para nosotros contar con cierto entendimiento com\u00fan acerca de lo que queremos obtener y lo que valoramos. <\/span><a href=\"https:\/\/350.org\/es\/principios-organizativos\/\"><span style=\"font-weight: 400;\">Antes de presentar tu solicitud, tambi\u00e9n debes leer y aceptar los principios de organizaci\u00f3n de 350.<\/span><\/a><\/p>\n<h3><b>\u00bfQu\u00e9 hacen los grupos 350?<\/b><\/h3>\n<p><span style=\"font-weight: 400;\">La respuesta m\u00e1s importante a esta pregunta es: cualquier cosa que sea fundamental para detener el cambio clim\u00e1tico en su comunidad, ya sea en educaci\u00f3n, reclutamiento y fomento del esp\u00edritu de equipo, realizaci\u00f3n de campa\u00f1as y cambios en las pol\u00edticas o trabajando directamente en las soluciones para recortar las emisiones de carbono. <\/span><\/p>\n<p><span style=\"font-weight: 400;\">Si est\u00e1s comenzando, hazlo desde el principio y a peque\u00f1a escala. Organiza la proyecci\u00f3n de una pel\u00edcula, luego avanza con miras a <\/span><a href=\"https:\/\/350.org\/es\/materiales\/\"><span style=\"font-weight: 400;\">una reuni\u00f3n inicial<\/span><\/a><span style=\"font-weight: 400;\">. A medida que el grupo gane confianza desde los primeros pasos, habr\u00e1 espacio para acciones mayores y m\u00e1s audaces. <\/span><a href=\"https:\/\/350.org\/es\/materiales\/\"><span style=\"font-weight: 400;\">Realiza una protesta<\/span><\/a><span style=\"font-weight: 400;\"> y empieza <\/span><a href=\"https:\/\/350.org\/es\/materiales\/\"><span style=\"font-weight: 400;\">a hacer ruido en los medios de comunicaci\u00f3n locales<\/span><\/a><span style=\"font-weight: 400;\">.<\/span><\/p>\n<p><span style=\"font-weight: 400;\">Cuando se presentan momentos decisivos, tales como una decisi\u00f3n fundamental acerca de un devastador proyecto de combustibles f\u00f3siles o un d\u00eda global de acci\u00f3n, esperamos tambi\u00e9n que los grupos 350 locales act\u00faen en solidaridad, sabiendo que nuestras voces se escuchan m\u00e1s fuerte y son m\u00e1s persuasivas cuando actuamos como un movimiento mundial.<\/span><\/p>\n<h3><b>\u00bfQu\u00e9 podemos esperar de 350.org? \u00bfQu\u00e9 no podemos esperar?<\/b><\/h3>\n<p><span style=\"font-weight: 400;\">350 no es una organizaci\u00f3n de financiamiento, si bien sabemos que los fondos pueden ser importantes para eventos, acciones y m\u00e1s, muy rara vez podemos ayudar en este sentido. Podemos y haremos todo lo posible por brindar apoyo de otras formas igualmente importantes. \u00a0Esto podr\u00eda incluir <\/span><a href=\"https:\/\/350.org\/local\/digital-tools\/\"><span style=\"font-weight: 400;\">herramientas digitales y alojamiento de sitio web<\/span><\/a> (en ingl\u00e9s)<span style=\"font-weight: 400;\">, materiales descargables, apoyo de los medios de comunicaci\u00f3n, estrategias pol\u00edticas, poner de relieve actividades locales o brindar asesoramiento a trav\u00e9s de nuestro equipo de coordinaci\u00f3n. Nuestro equipo de coordinaci\u00f3n es un grupo de seres humanos muy compasivos de todas partes del mundo, con muchas ganas de conversar y ayudar a entender c\u00f3mo podemos trabajar juntos para crear movimientos locales poderosos, conectados globalmente para detener la crisis clim\u00e1tica.<\/span><\/p>\n<h3><b>\u00bfCu\u00e1nto tiempo debe durar el grupo 350 local? <\/b><\/h3>\n<p><span style=\"font-weight: 400;\">Tanto como el grupo se mantenga activo, cuente con un equipo s\u00f3lido de l\u00edderes y se organice en su \u00e1rea para realizar acciones por el clima. \u00a0Si el grupo se vuelve inactivo o los l\u00edderes no pueden continuar con su labor, discutiremos juntos las opciones. Nuestro principal objetivo es mantener una red en l\u00ednea que refleje con exactitud las acciones del mundo real para detener el cambio clim\u00e1tico y permitir que personas nuevas e interesadas en hacer m\u00e1s encuentren un grupo activo en el que puedan participar. <\/span><\/p>\n<h3><b>\u00bfListo para presentarte?<\/b><\/h3>\n<p><a class=\"button\" href=\"https:\/\/350.org\/es\/registra-tu-grupo-local\/\">Haz clic aqu\u00ed para registrarte<\/a><\/p>\n","protected":false},"excerpt":{"rendered":"<p>\u00bfQu\u00e9 son los grupos 350 locales? Desde que 350.org se cre\u00f3 en 2008, han surgido grupos activistas del cambio clim\u00e1tico<span class=\"text-cutoff\">&#8230;<\/span><\/p>\n","protected":false},"author":10012012,"featured_media":0,"parent":0,"menu_order":0,"comment_status":"closed","ping_status":"closed","template":"","meta":{"_acf_changed":false,"footnotes":""},"class_list":["post-132323","page","type-page","status-publish","hentry"],"acf":[],"yoast_head":"<!-- This site is optimized with the Yoast SEO Premium plugin v26.9 (Yoast SEO v27.5) - https:\/\/yoast.com\/product\/yoast-seo-premium-wordpress\/ -->\n<title>Creaci\u00f3n de un grupo 350 local - 350 Espa\u00f1ol<\/title>\n<meta name=\"robots\" content=\"index, follow, max-snippet:-1, max-image-preview:large, max-video-preview:-1\" \/>\n<link rel=\"canonical\" href=\"https:\/\/350.org\/es\/creacion-de-un-grupo-350-local\/\" \/>\n<meta property=\"og:locale\" content=\"es_ES\" \/>\n<meta property=\"og:type\" content=\"article\" \/>\n<meta property=\"og:title\" content=\"Creaci\u00f3n de un grupo 350 local\" \/>\n<meta property=\"og:description\" content=\"\u00bfQu\u00e9 son los grupos 350 locales? Desde que 350.org se cre\u00f3 en 2008, han surgido grupos activistas del cambio clim\u00e1tico...\" \/>\n<meta property=\"og:url\" content=\"https:\/\/350.org\/es\/creacion-de-un-grupo-350-local\/\" \/>\n<meta property=\"og:site_name\" content=\"350 Espa\u00f1ol\" \/>\n<meta property=\"article:modified_time\" content=\"2019-04-16T17:50:31+00:00\" \/>\n<meta name=\"twitter:card\" content=\"summary_large_image\" \/>\n<meta name=\"twitter:label1\" content=\"Tiempo de lectura\" \/>\n\t<meta name=\"twitter:data1\" content=\"4 minutos\" \/>\n<script type=\"application\/ld+json\" class=\"yoast-schema-graph\">{\"@context\":\"https:\\\/\\\/schema.org\",\"@graph\":[{\"@type\":\"WebPage\",\"@id\":\"https:\\\/\\\/350.org\\\/es\\\/creacion-de-un-grupo-350-local\\\/\",\"url\":\"https:\\\/\\\/350.org\\\/es\\\/creacion-de-un-grupo-350-local\\\/\",\"name\":\"Creaci\u00f3n de un grupo 350 local - 350 Espa\u00f1ol\",\"isPartOf\":{\"@id\":\"https:\\\/\\\/350.org\\\/es\\\/#website\"},\"datePublished\":\"2019-04-10T19:55:28+00:00\",\"dateModified\":\"2019-04-16T17:50:31+00:00\",\"breadcrumb\":{\"@id\":\"https:\\\/\\\/350.org\\\/es\\\/creacion-de-un-grupo-350-local\\\/#breadcrumb\"},\"inLanguage\":\"es\",\"potentialAction\":[{\"@type\":\"ReadAction\",\"target\":[\"https:\\\/\\\/350.org\\\/es\\\/creacion-de-un-grupo-350-local\\\/\"]}]},{\"@type\":\"BreadcrumbList\",\"@id\":\"https:\\\/\\\/350.org\\\/es\\\/creacion-de-un-grupo-350-local\\\/#breadcrumb\",\"itemListElement\":[{\"@type\":\"ListItem\",\"position\":1,\"name\":\"Home\",\"item\":\"https:\\\/\\\/350.org\\\/es\\\/\"},{\"@type\":\"ListItem\",\"position\":2,\"name\":\"Creaci\u00f3n de un grupo 350 local\"}]},{\"@type\":\"WebSite\",\"@id\":\"https:\\\/\\\/350.org\\\/es\\\/#website\",\"url\":\"https:\\\/\\\/350.org\\\/es\\\/\",\"name\":\"350 Espa\u00f1ol\",\"description\":\"\",\"potentialAction\":[{\"@type\":\"SearchAction\",\"target\":{\"@type\":\"EntryPoint\",\"urlTemplate\":\"https:\\\/\\\/350.org\\\/es\\\/?s={search_term_string}\"},\"query-input\":{\"@type\":\"PropertyValueSpecification\",\"valueRequired\":true,\"valueName\":\"search_term_string\"}}],\"inLanguage\":\"es\"}]}<\/script>\n<!-- \/ Yoast SEO Premium plugin. -->","yoast_head_json":{"title":"Creaci\u00f3n de un grupo 350 local - 350 Espa\u00f1ol","robots":{"index":"index","follow":"follow","max-snippet":"max-snippet:-1","max-image-preview":"max-image-preview:large","max-video-preview":"max-video-preview:-1"},"canonical":"https:\/\/350.org\/es\/creacion-de-un-grupo-350-local\/","og_locale":"es_ES","og_type":"article","og_title":"Creaci\u00f3n de un grupo 350 local","og_description":"\u00bfQu\u00e9 son los grupos 350 locales? Desde que 350.org se cre\u00f3 en 2008, han surgido grupos activistas del cambio clim\u00e1tico...","og_url":"https:\/\/350.org\/es\/creacion-de-un-grupo-350-local\/","og_site_name":"350 Espa\u00f1ol","article_modified_time":"2019-04-16T17:50:31+00:00","twitter_card":"summary_large_image","twitter_misc":{"Tiempo de lectura":"4 minutos"},"schema":{"@context":"https:\/\/schema.org","@graph":[{"@type":"WebPage","@id":"https:\/\/350.org\/es\/creacion-de-un-grupo-350-local\/","url":"https:\/\/350.org\/es\/creacion-de-un-grupo-350-local\/","name":"Creaci\u00f3n de un grupo 350 local - 350 Espa\u00f1ol","isPartOf":{"@id":"https:\/\/350.org\/es\/#website"},"datePublished":"2019-04-10T19:55:28+00:00","dateModified":"2019-04-16T17:50:31+00:00","breadcrumb":{"@id":"https:\/\/350.org\/es\/creacion-de-un-grupo-350-local\/#breadcrumb"},"inLanguage":"es","potentialAction":[{"@type":"ReadAction","target":["https:\/\/350.org\/es\/creacion-de-un-grupo-350-local\/"]}]},{"@type":"BreadcrumbList","@id":"https:\/\/350.org\/es\/creacion-de-un-grupo-350-local\/#breadcrumb","itemListElement":[{"@type":"ListItem","position":1,"name":"Home","item":"https:\/\/350.org\/es\/"},{"@type":"ListItem","position":2,"name":"Creaci\u00f3n de un grupo 350 local"}]},{"@type":"WebSite","@id":"https:\/\/350.org\/es\/#website","url":"https:\/\/350.org\/es\/","name":"350 Espa\u00f1ol","description":"","potentialAction":[{"@type":"SearchAction","target":{"@type":"EntryPoint","urlTemplate":"https:\/\/350.org\/es\/?s={search_term_string}"},"query-input":{"@type":"PropertyValueSpecification","valueRequired":true,"valueName":"search_term_string"}}],"inLanguage":"es"}]}},"_links":{"self":[{"href":"https:\/\/350.org\/es\/wp-json\/wp\/v2\/pages\/132323","targetHints":{"allow":["GET"]}}],"collection":[{"href":"https:\/\/350.org\/es\/wp-json\/wp\/v2\/pages"}],"about":[{"href":"https:\/\/350.org\/es\/wp-json\/wp\/v2\/types\/page"}],"author":[{"embeddable":true,"href":"https:\/\/350.org\/es\/wp-json\/wp\/v2\/users\/10012012"}],"replies":[{"embeddable":true,"href":"https:\/\/350.org\/es\/wp-json\/wp\/v2\/comments?post=132323"}],"version-history":[{"count":0,"href":"https:\/\/350.org\/es\/wp-json\/wp\/v2\/pages\/132323\/revisions"}],"wp:attachment":[{"href":"https:\/\/350.org\/es\/wp-json\/wp\/v2\/media?parent=132323"}],"curies":[{"name":"wp","href":"https:\/\/api.w.org\/{rel}","templated":true}]}}