{"id":175520798,"date":"2024-12-03T07:59:23","date_gmt":"2024-12-03T07:59:23","guid":{"rendered":"https:\/\/350.org\/es\/?page_id=175520798"},"modified":"2025-03-26T15:51:03","modified_gmt":"2025-03-26T15:51:03","slug":"programas-de-formacion","status":"publish","type":"page","link":"https:\/\/350.org\/es\/recursos\/programas-de-formacion\/","title":{"rendered":"Programas de formaci\u00f3n"},"content":{"rendered":"<p class=\"has-large-font-size\">Estos son programas de formaci\u00f3n o talleres que puedes dirigir con su grupo.<\/p>\n<p class=\"has-medium-font-size\">Encuentra m\u00e1s recursos y agendas en\u00a0<a class=\"wpel-icon-right\" href=\"http:\/\/trainings.350.org\/\" rel=\"external noopener noreferrer\" data-wpel-link=\"external\">Trainings.350.org<\/a>.)<\/p>\n<ul class=\"wp-block-latest-posts__list wp-block-latest-posts\">\n<li><a href=\"https:\/\/350.org\/es\/construccion-del-poder-en-manos-de-las-personas-con-herramientas-digitales\/\"><img loading=\"lazy\" decoding=\"async\" class=\"size-full wp-image-175521159 alignleft\" src=\"https:\/\/350.org\/es\/wp-content\/uploads\/sites\/10\/2025\/03\/Build-People-Power-with-Digital-Tools.png\" alt=\"\" width=\"150\" height=\"150\" srcset=\"https:\/\/350.org\/es\/wp-content\/uploads\/sites\/10\/2025\/03\/Build-People-Power-with-Digital-Tools.png 150w, https:\/\/350.org\/es\/wp-content\/uploads\/sites\/10\/2025\/03\/Build-People-Power-with-Digital-Tools-15x15.png 15w\" sizes=\"auto, (max-width: 150px) 100vw, 150px\" \/><\/a>\n<div class=\"wp-block-latest-posts__featured-image alignleft\"><\/div>\n<p><a class=\"wp-block-latest-posts__post-title\" href=\"https:\/\/350.org\/es\/construccion-del-poder-en-manos-de-las-personas-con-herramientas-digitales\/\" data-wpel-link=\"internal\">Construcci\u00f3n del poder en manos de las personas con herramientas digitales<\/a><\/p>\n<div class=\"wp-block-latest-posts__post-excerpt\">Social movements are powered by people. This workshop explores how groups build people-power, and what digital tools might support that<span class=\"text-cutoff\">\u2026<\/span><\/div>\n<\/li>\n<\/ul>\n<p>&nbsp;<\/p>\n<p>&nbsp;<\/p>\n<p>&nbsp;<\/p>\n<ul class=\"wp-block-latest-posts__list wp-block-latest-posts\">\n<li><a href=\"https:\/\/350.org\/es\/comparte-tu-historia\/\"><img loading=\"lazy\" decoding=\"async\" class=\"size-full wp-image-175521158 alignleft\" src=\"https:\/\/350.org\/es\/wp-content\/uploads\/sites\/10\/2025\/03\/Share-your-Story.png\" alt=\"\" width=\"150\" height=\"143\" srcset=\"https:\/\/350.org\/es\/wp-content\/uploads\/sites\/10\/2025\/03\/Share-your-Story.png 150w, https:\/\/350.org\/es\/wp-content\/uploads\/sites\/10\/2025\/03\/Share-your-Story-16x15.png 16w\" sizes=\"auto, (max-width: 150px) 100vw, 150px\" \/><\/a>\n<div class=\"wp-block-latest-posts__featured-image alignleft\"><\/div>\n<p><a class=\"wp-block-latest-posts__post-title\" href=\"https:\/\/350.org\/es\/comparte-tu-historia\/\" data-wpel-link=\"internal\">Comparte tu historia<\/a><\/p>\n<div class=\"wp-block-latest-posts__post-excerpt\">Each of us has a compelling story to tell. As you learn this skill, you will be learning to tell<span class=\"text-cutoff\">\u2026<\/span><\/div>\n<\/li>\n<\/ul>\n<p>&nbsp;<\/p>\n<p>&nbsp;<\/p>\n<ul class=\"wp-block-latest-posts__list wp-block-latest-posts\">\n<li><a href=\"https:\/\/350.org\/es\/crear-un-calendario-de-campana\/\"><img loading=\"lazy\" decoding=\"async\" class=\"size-full wp-image-175521157 alignleft\" src=\"https:\/\/350.org\/es\/wp-content\/uploads\/sites\/10\/2025\/03\/Create-your-campaign-timeline.png\" alt=\"\" width=\"150\" height=\"150\" srcset=\"https:\/\/350.org\/es\/wp-content\/uploads\/sites\/10\/2025\/03\/Create-your-campaign-timeline.png 150w, https:\/\/350.org\/es\/wp-content\/uploads\/sites\/10\/2025\/03\/Create-your-campaign-timeline-15x15.png 15w\" sizes=\"auto, (max-width: 150px) 100vw, 150px\" \/><\/a>\n<div class=\"wp-block-latest-posts__featured-image alignleft\"><\/div>\n<p><a class=\"wp-block-latest-posts__post-title\" href=\"https:\/\/350.org\/es\/crear-un-calendario-de-campana\/\" data-wpel-link=\"internal\">Crear un calendario de campa\u00f1a<\/a><\/p>\n<div class=\"wp-block-latest-posts__post-excerpt\">Campaigns live on events and actions. Those actions bring more people in, build relationships, teach about the issue, and ultimately<span class=\"text-cutoff\">\u2026<\/span><\/div>\n<\/li>\n<\/ul>\n<p>&nbsp;<\/p>\n<p>&nbsp;<\/p>\n<p>&nbsp;<\/p>\n<ul class=\"wp-block-latest-posts__list wp-block-latest-posts\">\n<li><a href=\"https:\/\/350.org\/es\/construye-tu-estrategia\/\"><img loading=\"lazy\" decoding=\"async\" class=\"size-full wp-image-175521156 alignleft\" src=\"https:\/\/350.org\/es\/wp-content\/uploads\/sites\/10\/2025\/03\/Build-your-strategy.png\" alt=\"\" width=\"150\" height=\"150\" srcset=\"https:\/\/350.org\/es\/wp-content\/uploads\/sites\/10\/2025\/03\/Build-your-strategy.png 150w, https:\/\/350.org\/es\/wp-content\/uploads\/sites\/10\/2025\/03\/Build-your-strategy-15x15.png 15w\" sizes=\"auto, (max-width: 150px) 100vw, 150px\" \/><\/a>\n<div class=\"wp-block-latest-posts__featured-image alignleft\"><\/div>\n<p><a class=\"wp-block-latest-posts__post-title\" href=\"https:\/\/350.org\/es\/construye-tu-estrategia\/\" data-wpel-link=\"internal\">Construye tu estrategia<\/a><\/p>\n<div class=\"wp-block-latest-posts__post-excerpt\">Now that you\u2019ve chosen your target, it\u2019s time to identify your strategy \u2013 a path that gets you from where<span class=\"text-cutoff\">\u2026<\/span><\/div>\n<\/li>\n<\/ul>\n<p>&nbsp;<\/p>\n<p>&nbsp;<\/p>\n<p>&nbsp;<\/p>\n<ul class=\"wp-block-latest-posts__list wp-block-latest-posts\">\n<li><a href=\"https:\/\/350.org\/es\/tomar-decisiones-juntos\/\"><img loading=\"lazy\" decoding=\"async\" class=\"size-full wp-image-175521155 alignleft\" src=\"https:\/\/350.org\/es\/wp-content\/uploads\/sites\/10\/2025\/03\/Make-decisions-together.png\" alt=\"\" width=\"150\" height=\"150\" srcset=\"https:\/\/350.org\/es\/wp-content\/uploads\/sites\/10\/2025\/03\/Make-decisions-together.png 150w, https:\/\/350.org\/es\/wp-content\/uploads\/sites\/10\/2025\/03\/Make-decisions-together-15x15.png 15w\" sizes=\"auto, (max-width: 150px) 100vw, 150px\" \/><\/a>\n<div class=\"wp-block-latest-posts__featured-image alignleft\"><\/div>\n<p><a class=\"wp-block-latest-posts__post-title\" href=\"https:\/\/350.org\/es\/tomar-decisiones-juntos\/\" data-wpel-link=\"internal\">Tomar decisiones, juntos<\/a><\/p>\n<div class=\"wp-block-latest-posts__post-excerpt\">In your campaign journey together, your team will have to make hundreds of decisions, big and small. People in your<span class=\"text-cutoff\">\u2026<\/span><\/div>\n<\/li>\n<\/ul>\n<p>&nbsp;<\/p>\n<p>&nbsp;<\/p>\n<p>&nbsp;<\/p>\n<ul class=\"wp-block-latest-posts__list wp-block-latest-posts\">\n<li><a href=\"https:\/\/350.org\/es\/construyendo-un-equipo-efectivo\/\"><img loading=\"lazy\" decoding=\"async\" class=\"size-full wp-image-175521154 alignleft\" src=\"https:\/\/350.org\/es\/wp-content\/uploads\/sites\/10\/2025\/03\/Building-an-Effective-Team.png\" alt=\"\" width=\"150\" height=\"150\" srcset=\"https:\/\/350.org\/es\/wp-content\/uploads\/sites\/10\/2025\/03\/Building-an-Effective-Team.png 150w, https:\/\/350.org\/es\/wp-content\/uploads\/sites\/10\/2025\/03\/Building-an-Effective-Team-15x15.png 15w\" sizes=\"auto, (max-width: 150px) 100vw, 150px\" \/><\/a>\n<div class=\"wp-block-latest-posts__featured-image alignleft\"><\/div>\n<p><a class=\"wp-block-latest-posts__post-title\" href=\"https:\/\/350.org\/es\/construyendo-un-equipo-efectivo\/\" data-wpel-link=\"internal\">Construyendo un equipo efectivo<\/a><\/p>\n<div class=\"wp-block-latest-posts__post-excerpt\">To change the world, we need to work together. Teamwork is at the heart of every successful campaign. Do you<span class=\"text-cutoff\">\u2026<\/span><\/div>\n<\/li>\n<\/ul>\n","protected":false},"excerpt":{"rendered":"<p>Estos son programas de formaci\u00f3n o talleres que puedes dirigir con su grupo. Encuentra m\u00e1s recursos y agendas en\u00a0Trainings.350.org.) Construcci\u00f3n<span class=\"text-cutoff\">&#8230;<\/span><\/p>\n","protected":false},"author":10012254,"featured_media":0,"parent":175521176,"menu_order":0,"comment_status":"closed","ping_status":"closed","template":"","meta":{"_acf_changed":false,"footnotes":""},"class_list":["post-175520798","page","type-page","status-publish","hentry"],"acf":[],"yoast_head":"<!-- This site is optimized with the Yoast SEO Premium plugin v26.9 (Yoast SEO v27.5) - https:\/\/yoast.com\/product\/yoast-seo-premium-wordpress\/ -->\n<title>Programas de formaci\u00f3n - 350 Espa\u00f1ol<\/title>\n<meta name=\"robots\" content=\"index, follow, max-snippet:-1, max-image-preview:large, max-video-preview:-1\" \/>\n<link rel=\"canonical\" href=\"https:\/\/350.org\/es\/recursos\/programas-de-formacion\/\" \/>\n<meta property=\"og:locale\" content=\"es_ES\" \/>\n<meta property=\"og:type\" content=\"article\" \/>\n<meta property=\"og:title\" content=\"Programas de formaci\u00f3n\" \/>\n<meta property=\"og:description\" content=\"Estos son programas de formaci\u00f3n o talleres que puedes dirigir con su grupo. Encuentra m\u00e1s recursos y agendas en\u00a0Trainings.350.org.) Construcci\u00f3n...\" \/>\n<meta property=\"og:url\" content=\"https:\/\/350.org\/es\/recursos\/programas-de-formacion\/\" \/>\n<meta property=\"og:site_name\" content=\"350 Espa\u00f1ol\" \/>\n<meta property=\"article:modified_time\" content=\"2025-03-26T15:51:03+00:00\" \/>\n<meta property=\"og:image\" content=\"https:\/\/350.org\/es\/wp-content\/uploads\/sites\/10\/2025\/03\/Build-People-Power-with-Digital-Tools.png\" \/>\n\t<meta property=\"og:image:width\" content=\"150\" \/>\n\t<meta property=\"og:image:height\" content=\"150\" \/>\n\t<meta property=\"og:image:type\" content=\"image\/png\" \/>\n<meta name=\"twitter:card\" content=\"summary_large_image\" \/>\n<meta name=\"twitter:label1\" content=\"Tiempo de lectura\" \/>\n\t<meta name=\"twitter:data1\" content=\"2 minutos\" \/>\n<script type=\"application\/ld+json\" class=\"yoast-schema-graph\">{\"@context\":\"https:\\\/\\\/schema.org\",\"@graph\":[{\"@type\":\"WebPage\",\"@id\":\"https:\\\/\\\/350.org\\\/es\\\/recursos\\\/programas-de-formacion\\\/\",\"url\":\"https:\\\/\\\/350.org\\\/es\\\/recursos\\\/programas-de-formacion\\\/\",\"name\":\"Programas de formaci\u00f3n - 350 Espa\u00f1ol\",\"isPartOf\":{\"@id\":\"https:\\\/\\\/350.org\\\/es\\\/#website\"},\"primaryImageOfPage\":{\"@id\":\"https:\\\/\\\/350.org\\\/es\\\/recursos\\\/programas-de-formacion\\\/#primaryimage\"},\"image\":{\"@id\":\"https:\\\/\\\/350.org\\\/es\\\/recursos\\\/programas-de-formacion\\\/#primaryimage\"},\"thumbnailUrl\":\"https:\\\/\\\/350.org\\\/es\\\/wp-content\\\/uploads\\\/sites\\\/10\\\/2025\\\/03\\\/Build-People-Power-with-Digital-Tools.png\",\"datePublished\":\"2024-12-03T07:59:23+00:00\",\"dateModified\":\"2025-03-26T15:51:03+00:00\",\"breadcrumb\":{\"@id\":\"https:\\\/\\\/350.org\\\/es\\\/recursos\\\/programas-de-formacion\\\/#breadcrumb\"},\"inLanguage\":\"es\",\"potentialAction\":[{\"@type\":\"ReadAction\",\"target\":[\"https:\\\/\\\/350.org\\\/es\\\/recursos\\\/programas-de-formacion\\\/\"]}]},{\"@type\":\"ImageObject\",\"inLanguage\":\"es\",\"@id\":\"https:\\\/\\\/350.org\\\/es\\\/recursos\\\/programas-de-formacion\\\/#primaryimage\",\"url\":\"https:\\\/\\\/350.org\\\/es\\\/wp-content\\\/uploads\\\/sites\\\/10\\\/2025\\\/03\\\/Build-People-Power-with-Digital-Tools.png\",\"contentUrl\":\"https:\\\/\\\/350.org\\\/es\\\/wp-content\\\/uploads\\\/sites\\\/10\\\/2025\\\/03\\\/Build-People-Power-with-Digital-Tools.png\",\"width\":150,\"height\":150},{\"@type\":\"BreadcrumbList\",\"@id\":\"https:\\\/\\\/350.org\\\/es\\\/recursos\\\/programas-de-formacion\\\/#breadcrumb\",\"itemListElement\":[{\"@type\":\"ListItem\",\"position\":1,\"name\":\"Home\",\"item\":\"https:\\\/\\\/350.org\\\/es\\\/\"},{\"@type\":\"ListItem\",\"position\":2,\"name\":\"Recursos\",\"item\":\"https:\\\/\\\/350.org\\\/es\\\/recursos\\\/\"},{\"@type\":\"ListItem\",\"position\":3,\"name\":\"Programas de formaci\u00f3n\"}]},{\"@type\":\"WebSite\",\"@id\":\"https:\\\/\\\/350.org\\\/es\\\/#website\",\"url\":\"https:\\\/\\\/350.org\\\/es\\\/\",\"name\":\"350 Espa\u00f1ol\",\"description\":\"\",\"potentialAction\":[{\"@type\":\"SearchAction\",\"target\":{\"@type\":\"EntryPoint\",\"urlTemplate\":\"https:\\\/\\\/350.org\\\/es\\\/?s={search_term_string}\"},\"query-input\":{\"@type\":\"PropertyValueSpecification\",\"valueRequired\":true,\"valueName\":\"search_term_string\"}}],\"inLanguage\":\"es\"}]}<\/script>\n<!-- \/ Yoast SEO Premium plugin. -->","yoast_head_json":{"title":"Programas de formaci\u00f3n - 350 Espa\u00f1ol","robots":{"index":"index","follow":"follow","max-snippet":"max-snippet:-1","max-image-preview":"max-image-preview:large","max-video-preview":"max-video-preview:-1"},"canonical":"https:\/\/350.org\/es\/recursos\/programas-de-formacion\/","og_locale":"es_ES","og_type":"article","og_title":"Programas de formaci\u00f3n","og_description":"Estos son programas de formaci\u00f3n o talleres que puedes dirigir con su grupo. Encuentra m\u00e1s recursos y agendas en\u00a0Trainings.350.org.) Construcci\u00f3n...","og_url":"https:\/\/350.org\/es\/recursos\/programas-de-formacion\/","og_site_name":"350 Espa\u00f1ol","article_modified_time":"2025-03-26T15:51:03+00:00","og_image":[{"width":150,"height":150,"url":"https:\/\/350.org\/es\/wp-content\/uploads\/sites\/10\/2025\/03\/Build-People-Power-with-Digital-Tools.png","type":"image\/png"}],"twitter_card":"summary_large_image","twitter_misc":{"Tiempo de lectura":"2 minutos"},"schema":{"@context":"https:\/\/schema.org","@graph":[{"@type":"WebPage","@id":"https:\/\/350.org\/es\/recursos\/programas-de-formacion\/","url":"https:\/\/350.org\/es\/recursos\/programas-de-formacion\/","name":"Programas de formaci\u00f3n - 350 Espa\u00f1ol","isPartOf":{"@id":"https:\/\/350.org\/es\/#website"},"primaryImageOfPage":{"@id":"https:\/\/350.org\/es\/recursos\/programas-de-formacion\/#primaryimage"},"image":{"@id":"https:\/\/350.org\/es\/recursos\/programas-de-formacion\/#primaryimage"},"thumbnailUrl":"https:\/\/350.org\/es\/wp-content\/uploads\/sites\/10\/2025\/03\/Build-People-Power-with-Digital-Tools.png","datePublished":"2024-12-03T07:59:23+00:00","dateModified":"2025-03-26T15:51:03+00:00","breadcrumb":{"@id":"https:\/\/350.org\/es\/recursos\/programas-de-formacion\/#breadcrumb"},"inLanguage":"es","potentialAction":[{"@type":"ReadAction","target":["https:\/\/350.org\/es\/recursos\/programas-de-formacion\/"]}]},{"@type":"ImageObject","inLanguage":"es","@id":"https:\/\/350.org\/es\/recursos\/programas-de-formacion\/#primaryimage","url":"https:\/\/350.org\/es\/wp-content\/uploads\/sites\/10\/2025\/03\/Build-People-Power-with-Digital-Tools.png","contentUrl":"https:\/\/350.org\/es\/wp-content\/uploads\/sites\/10\/2025\/03\/Build-People-Power-with-Digital-Tools.png","width":150,"height":150},{"@type":"BreadcrumbList","@id":"https:\/\/350.org\/es\/recursos\/programas-de-formacion\/#breadcrumb","itemListElement":[{"@type":"ListItem","position":1,"name":"Home","item":"https:\/\/350.org\/es\/"},{"@type":"ListItem","position":2,"name":"Recursos","item":"https:\/\/350.org\/es\/recursos\/"},{"@type":"ListItem","position":3,"name":"Programas de formaci\u00f3n"}]},{"@type":"WebSite","@id":"https:\/\/350.org\/es\/#website","url":"https:\/\/350.org\/es\/","name":"350 Espa\u00f1ol","description":"","potentialAction":[{"@type":"SearchAction","target":{"@type":"EntryPoint","urlTemplate":"https:\/\/350.org\/es\/?s={search_term_string}"},"query-input":{"@type":"PropertyValueSpecification","valueRequired":true,"valueName":"search_term_string"}}],"inLanguage":"es"}]}},"_links":{"self":[{"href":"https:\/\/350.org\/es\/wp-json\/wp\/v2\/pages\/175520798","targetHints":{"allow":["GET"]}}],"collection":[{"href":"https:\/\/350.org\/es\/wp-json\/wp\/v2\/pages"}],"about":[{"href":"https:\/\/350.org\/es\/wp-json\/wp\/v2\/types\/page"}],"author":[{"embeddable":true,"href":"https:\/\/350.org\/es\/wp-json\/wp\/v2\/users\/10012254"}],"replies":[{"embeddable":true,"href":"https:\/\/350.org\/es\/wp-json\/wp\/v2\/comments?post=175520798"}],"version-history":[{"count":0,"href":"https:\/\/350.org\/es\/wp-json\/wp\/v2\/pages\/175520798\/revisions"}],"up":[{"embeddable":true,"href":"https:\/\/350.org\/es\/wp-json\/wp\/v2\/pages\/175521176"}],"wp:attachment":[{"href":"https:\/\/350.org\/es\/wp-json\/wp\/v2\/media?parent=175520798"}],"curies":[{"name":"wp","href":"https:\/\/api.w.org\/{rel}","templated":true}]}}