{"id":175521021,"date":"2025-02-18T11:27:51","date_gmt":"2025-02-18T11:27:51","guid":{"rendered":"https:\/\/350.org\/es\/?page_id=175521021"},"modified":"2025-02-28T14:23:27","modified_gmt":"2025-02-28T14:23:27","slug":"condiciones-de-uso","status":"publish","type":"page","link":"https:\/\/350.org\/es\/condiciones-de-uso\/","title":{"rendered":"Condiciones de servicio"},"content":{"rendered":"<h5><strong>Vigente desde enero 2025<\/strong><\/h5>\n<p>&nbsp;<\/p>\n<h2><b>1. Aceptaci\u00f3n de las condiciones generales.<\/b><\/h2>\n<p><span style=\"font-weight: 400;\">1.1 &#8211; Este sitio web (el \u00ab<\/span><b>sitio web<\/b><span style=\"font-weight: 400;\">\u00ab) lo proporciona y pone a su disposici\u00f3n 350.org, una organizaci\u00f3n sin \u00e1nimo de lucro 501(c)3 registrada en Estados Unidos, PO Box 843004, Boston, MA 02284-3004, EE.UU. (en lo sucesivo, \u00ab<\/span><b>350.org<\/b><span style=\"font-weight: 400;\">\u00ab, \u00ab<\/span><b>nosotros<\/b><span style=\"font-weight: 400;\">\u00ab, \u00ab<\/span><b>nos<\/b><span style=\"font-weight: 400;\">\u00bb o \u00ab<\/span><b>nuestro\u00bb<\/b><span style=\"font-weight: 400;\">) y ha sido creado para cumplir nuestra misi\u00f3n de crear un movimiento mundial para resolver la crisis clim\u00e1tica con la ayuda de los visitantes del sitio web (\u00ab<\/span><b>usted<\/b><span style=\"font-weight: 400;\">\u00ab, \u00ab<\/span><b>su<\/b><span style=\"font-weight: 400;\">\u00ab).\u00a0 Todo uso del Sitio Web est\u00e1 sujeto a los t\u00e9rminos y condiciones contenidos en el presente Acuerdo de Condiciones de Servicio (el \u00ab<\/span><b>Acuerdo<\/b><span style=\"font-weight: 400;\">\u00ab).\u00a0 Le rogamos que lea atentamente este Acuerdo.\u00a0 Al acceder, navegar o utilizar de cualquier otro modo el Sitio Web, usted reconoce que ha le\u00eddo, comprendido y aceptado el presente Acuerdo.\u00a0 Si no acepta los t\u00e9rminos y condiciones de este Acuerdo, no deber\u00e1 acceder, navegar o utilizar el Sitio Web.<\/span><\/p>\n<p>1.2 &#8211; <span style=\"font-weight: 400;\">Usted entiende y acepta que podemos cambiar este Acuerdo en cualquier momento sin previo aviso.\u00a0 Puede leer una copia actual y efectiva de este Acuerdo en cualquier momento seleccionando el enlace \u00abCondiciones del servicio\u00bb en el Sitio Web.\u00a0 Las condiciones revisadas entrar\u00e1n en vigor en el momento de su publicaci\u00f3n.\u00a0 Cualquier uso del Sitio Web despu\u00e9s de dicha fecha constituir\u00e1 su aceptaci\u00f3n de dichos t\u00e9rminos y condiciones revisados.\u00a0 Si alg\u00fan cambio en este Acuerdo no es aceptable para usted, su \u00fanico recurso es dejar de acceder, navegar y utilizar de cualquier otra forma el Sitio Web.<\/span><\/p>\n<p>1.3 &#8211; <span style=\"font-weight: 400;\">Su acceso y uso del Sitio Web tambi\u00e9n est\u00e1n sujetos a la Pol\u00edtica de Privacidad de 350.org, que se encuentra en <a href=\"https:\/\/350.org\/privacy\/\">https:\/\/350.org\/privacy\/<\/a>.<\/span><\/p>\n<h2><b>2. Uso del sitio web.<\/b><\/h2>\n<p>2.1 &#8211; <span style=\"font-weight: 400;\">Este sitio web contiene material, incluidos, entre otros, programas inform\u00e1ticos, textos, gr\u00e1ficos e im\u00e1genes (denominados colectivamente \u00ab<\/span><b>Contenido<\/b><span style=\"font-weight: 400;\">\u00ab).\u00a0 Es posible que el Contenido sea de nuestra propiedad o que partes del mismo se pongan a nuestra disposici\u00f3n a trav\u00e9s de acuerdos que tengamos con terceros.\u00a0 El Contenido est\u00e1 protegido por las leyes de propiedad intelectual de Estados Unidos y de otros pa\u00edses.\u00a0 El uso no autorizado del Contenido puede dar lugar a la violaci\u00f3n de las leyes de derechos de autor, marcas registradas y otras leyes.\u00a0 Usted no tiene ning\u00fan derecho sobre el Contenido, y no utilizar\u00e1, copiar\u00e1 o mostrar\u00e1 el Contenido excepto en los casos permitidos por este Acuerdo.\u00a0 No se permite ning\u00fan otro uso sin nuestro consentimiento previo por escrito.\u00a0 Debe conservar todos los avisos de derechos de autor y otros avisos de propiedad contenidos en el Contenido original en cualquier copia que haga del Contenido.\u00a0 Usted no puede vender, transferir, asignar, licenciar, sublicenciar o modificar el Contenido o reproducir, mostrar, ejecutar p\u00fablicamente, hacer una versi\u00f3n derivada, distribuir o utilizar el Contenido de cualquier manera para cualquier prop\u00f3sito p\u00fablico o comercial.\u00a0 Queda expresamente prohibido el uso o publicaci\u00f3n de cualquier parte del Contenido en cualquier otro sitio web o en un entorno inform\u00e1tico en red para cualquier fin.\u00a0 Si incumple cualquier parte del presente Acuerdo, su derecho a acceder y\/o utilizar el Contenido y el Sitio Web quedar\u00e1 autom\u00e1ticamente anulado y deber\u00e1 destruir inmediatamente cualquier copia que haya realizado del Contenido.<\/span><\/p>\n<p>2.2 &#8211; <span style=\"font-weight: 400;\">Las marcas comerciales, marcas de servicio y logotipos de 350.org (las \u00ab<\/span><b>Marcas comerciales de la empresa<\/b><span style=\"font-weight: 400;\">\u00ab) utilizadas y mostradas en este sitio web son marcas comerciales registradas y no registradas o marcas de servicio de 350.org.\u00a0 Otros nombres de empresas, productos y servicios ubicados en el sitio web pueden ser marcas comerciales o marcas de servicio propiedad de terceros (las \u00ab<\/span><b>Marcas comerciales de terceros<\/b><span style=\"font-weight: 400;\">\u00bb y, conjuntamente con las Marcas comerciales de 350.org, las \u00ab<\/span><b>Marcas comerciales<\/b><span style=\"font-weight: 400;\">\u00ab).\u00a0 Nada de lo contenido en este sitio web o en el presente Acuerdo deber\u00e1 interpretarse como la concesi\u00f3n, por implicaci\u00f3n, impedimento o de otro modo, de licencia o derecho alguno para utilizar cualquier Marca comercial que aparezca en este sitio web sin el consentimiento previo por escrito de 350.org espec\u00edfico para cada uno de dichos usos.\u00a0 Las Marcas comerciales no podr\u00e1n utilizarse para menospreciar a 350.org o al tercero correspondiente, los productos o servicios de 350.org o del tercero, ni de ning\u00fan modo (seg\u00fan un criterio comercial razonable) que pueda da\u00f1ar el fondo de comercio de las Marcas comerciales.\u00a0 Queda prohibido el uso de cualquier Marca comercial como parte de un enlace a o desde cualquier sitio web sin el consentimiento previo por escrito de 350.org.\u00a0 Todo el fondo de comercio generado por el uso de cualquier Marca de la Compa\u00f1\u00eda redundar\u00e1 en beneficio de 350.org.<\/span><\/p>\n<p>2.3 &#8211; <span style=\"font-weight: 400;\">Usted se compromete a no: (a) realizar ninguna acci\u00f3n que imponga una carga irrazonable en la infraestructura del Sitio Web, (b) utilizar ning\u00fan dispositivo, software o rutina para interferir o intentar interferir en el correcto funcionamiento del Sitio Web o en cualquier actividad que se est\u00e9 llevando a cabo en el Sitio Web, (c) intentar descifrar, descompilar, desensamblar o realizar ingenier\u00eda inversa en cualquiera de los programas que componen o integran el Sitio Web, excepto en la medida en que dichas acciones no puedan ser prohibidas por la legislaci\u00f3n aplicable, (d) eliminar o alterar cualquier material publicado en el Sitio Web por 350.org o cualquier otra persona o entidad, o (e) enmarcar o enlazar con cualquiera de los materiales o informaci\u00f3n disponibles en el sitio web.<\/span><\/p>\n<p>2.4 &#8211; <span style=\"font-weight: 400;\">El sitio web contiene enlaces a sitios web de terceros (\u00ab<\/span><b>sitios externos<\/b><span style=\"font-weight: 400;\">\u00ab).\u00a0 Estos enlaces se proporcionan \u00fanicamente para su comodidad y no como una aprobaci\u00f3n por nuestra parte del contenido de dichos sitios externos.\u00a0 El contenido de dichos sitios externos es desarrollado y proporcionado por terceros.\u00a0 Si tiene alguna duda sobre los enlaces o el contenido de esos sitios externos, p\u00f3ngase en contacto con el administrador o webmaster de los mismos.<\/span><\/p>\n<p><span style=\"font-weight: 400;\">No somos responsables del contenido de los Sitios Externos enlazados y no hacemos ninguna declaraci\u00f3n sobre el contenido o la exactitud de los materiales de dichos Sitios Externos.\u00a0 Debe tomar precauciones al descargar archivos de todos los sitios web para proteger su ordenador de virus y otros programas destructivos.\u00a0 Si decide acceder a cualquier Sitio Externo, lo har\u00e1 por su cuenta y riesgo.<\/span><\/p>\n<p>2.5 &#8211; <span style=\"font-weight: 400;\">Ciertos elementos del Sitio Web est\u00e1n protegidos por las leyes de imagen comercial, marcas registradas, competencia desleal y otras leyes estatales y federales, y no podr\u00e1n copiarse ni imitarse en todo o en parte, por ning\u00fan medio, incluido, entre otros, el uso de marcos o espejos, salvo que se permita expresamente lo contrario en la Secci\u00f3n 2.1 del Acuerdo.\u00a0 No podr\u00e1 retransmitirse ning\u00fan Contenido de este Sitio Web sin el consentimiento expreso por escrito de 350.org para todos y cada uno de los casos.<\/span><\/p>\n<h2><b>3. Limitaci\u00f3n de responsabilidad y exenci\u00f3n de garant\u00edas.<\/b><\/h2>\n<p>3.1 &#8211; <span style=\"font-weight: 400;\">EN LA M\u00c1XIMA MEDIDA PERMITIDA POR LA LEY, 350.ORG, SUS FILIALES, SUS RESPECTIVOS DIRECTIVOS, DIRECTORES, EMPLEADOS, AGENTES, PROVEEDORES O LICENCIANTES (COLECTIVAMENTE, LAS \u00ab<\/span><b>PARTES DE LA EMPRESA<\/b><span style=\"font-weight: 400;\">\u00ab) NO OFRECEN NINGUNA GARANT\u00cdA, CONDICI\u00d3N, COMPROMISO O DECLARACI\u00d3N SOBRE EL CONTENIDO, INCLUYENDO, A T\u00cdTULO MERAMENTE ENUNCIATIVO Y NO LIMITATIVO, SU EXACTITUD, FIABILIDAD, INTEGRIDAD, PUNTUALIDAD O FIABILIDAD.\u00a0 EN LA MEDIDA EN QUE LA LEY LO PERMITA, LAS PARTES DE 350.ORG NO SER\u00c1N RESPONSABLES DE LA VERACIDAD, EXACTITUD O INTEGRIDAD DEL CONTENIDO O DE CUALQUIER OTRA INFORMACI\u00d3N TRANSMITIDA AL USUARIO, NI DE LOS ERRORES, FALLOS U OMISIONES EN EL MISMO, NI DE LOS RETRASOS O INTERRUPCIONES DEL FLUJO DE DATOS O INFORMACI\u00d3N POR CUALQUIER CAUSA.\u00a0 EL USUARIO ACEPTA QUE UTILIZA EL SITIO WEB Y LOS CONTENIDOS POR SU CUENTA Y RIESGO.<\/span><\/p>\n<p><span style=\"font-weight: 400;\">LAS PARTES DE 350.ORG NO GARANTIZAN QUE EL SITIO WEB FUNCIONE SIN ERRORES NI QUE EL SITIO WEB, SU SERVIDOR O EL CONTENIDO EST\u00c9N LIBRES DE VIRUS INFORM\u00c1TICOS O DE ELEMENTOS CONTAMINANTES O DESTRUCTIVOS SIMILARES.\u00a0 SI EL USO QUE USTED HAGA DEL SITIO WEB O DE LOS CONTENIDOS DA LUGAR A LA NECESIDAD DE REPARAR O SUSTITUIR EQUIPOS O DATOS, NINGUNA DE LAS PARTES DE LA EMPRESA SER\u00c1 RESPONSABLE DE DICHOS COSTES.<\/span><\/p>\n<p><span style=\"font-weight: 400;\">EN LA MEDIDA EN QUE LO PERMITA LA LEY, EL SITIO WEB Y LOS CONTENIDOS SE PROPORCIONAN \u00abTAL CUAL\u00bb Y \u00abSEG\u00daN DISPONIBILIDAD\u00bb, SIN GARANT\u00cdAS DE NING\u00daN TIPO, Y LAS PARTES DE 350.ORG RENUNCIAN A TODAS LAS GARANT\u00cdAS, CONDICIONES, COMPROMISOS Y DECLARACIONES, EXPRESAS O IMPL\u00cdCITAS, INCLUIDAS, ENTRE OTRAS, LAS GARANT\u00cdAS Y CONDICIONES DE TITULARIDAD, COMERCIABILIDAD, NO INFRACCI\u00d3N DE DERECHOS DE TERCEROS E IDONEIDAD PARA UN FIN DETERMINADO.<\/span><\/p>\n<p>3.2 &#8211; <span style=\"font-weight: 400;\">EN LA M\u00c1XIMA MEDIDA PERMITIDA POR LA LEY, EN NING\u00daN CASO NINGUNA DE LAS PARTES DE LA EMPRESA SER\u00c1 RESPONSABLE DE NING\u00daN DA\u00d1O (INCLUIDOS, ENTRE OTROS, DA\u00d1OS INCIDENTALES, PUNITIVOS, EJEMPLARES O CONSECUENTES, P\u00c9RDIDA DE BENEFICIOS O DA\u00d1OS DERIVADOS DE LA P\u00c9RDIDA DE DATOS O DE LA INTERRUPCI\u00d3N DE LA ACTIVIDAD EMPRESARIAL), QUE SURJA DE O EN RELACI\u00d3N CON ESTE ACUERDO O EL USO O LA IMPOSIBILIDAD DE USAR EL SITIO WEB Y EL CONTENIDO, YA SEA BASADO EN GARANT\u00cdA, CONTRATO, AGRAVIO (INCLUIDA NEGLIGENCIA), INCUMPLIMIENTO DE DEBER LEGAL O CUALQUIER OTRA TEOR\u00cdA LEGAL, INCLUSO SI DICHA PARTE DE LA EMPRESA HA SIDO ADVERTIDA DE LA POSIBILIDAD DE TALES DA\u00d1OS.\u00a0<\/span><\/p>\n<p>3.3 &#8211; <span style=\"font-weight: 400;\">ALGUNAS JURISDICCIONES NO PERMITEN LA RENUNCIA O EXCLUSI\u00d3N DE DETERMINADAS GARANT\u00cdAS NI LA LIMITACI\u00d3N O EXCLUSI\u00d3N DE RESPONSABILIDAD POR DA\u00d1OS INCIDENTALES O CONSECUENTES.\u00a0 EN CONSECUENCIA, EN DICHOS ESTADOS, ES POSIBLE QUE ALGUNAS DE LAS LIMITACIONES ANTERIORES NO LE SEAN DE APLICACI\u00d3N O NO SEAN EXIGIBLES CON RESPECTO A USTED, Y LA RESPONSABILIDAD DE LAS PARTES DE 350.ORG SE LIMITAR\u00c1 EN LA MAYOR MEDIDA PERMITIDA POR LA LEY.<\/span><\/p>\n<p>3.4 &#8211; <span style=\"font-weight: 400;\">SI USTED ES DE NUEVA JERSEY, LAS SECCIONES 3.1 Y 3.2 Y LA SECCI\u00d3N 4 QUE FIGURAN A CONTINUACI\u00d3N S\u00d3LO PRETENDEN SER TAN AMPLIAS COMO LO PERMITA LA LEGISLACI\u00d3N DEL ESTADO DE NUEVA JERSEY.\u00a0 SI ALGUNA PARTE DE ESTAS SECCIONES SE CONSIDERA INV\u00c1LIDA EN VIRTUD DE LA LEGISLACI\u00d3N DEL ESTADO DE NUEVA JERSEY, LA INVALIDEZ DE DICHA PARTE NO AFECTAR\u00c1 A LA VALIDEZ DE LAS PARTES RESTANTES DE LAS SECCIONES APLICABLES.<\/span><\/p>\n<p>3.5 &#8211; <span style=\"font-weight: 400;\">SI USTED ES UN CONSUMIDOR EN EL REINO UNIDO O EN LA UNI\u00d3N EUROPEA, LA SECCI\u00d3N 3.2 NO SE APLICAR\u00c1 A LA RESPONSABILIDAD DE LAS PARTES POR P\u00c9RDIDAS Y DA\u00d1OS DIRECTOS Y, EN LA M\u00c1XIMA MEDIDA PERMITIDA POR LA LEY, LA RESPONSABILIDAD TOTAL AGREGADA DE LAS PARTES BAJO O EN CONEXI\u00d3N CON ESTE ACUERDO Y EL USO O IMPOSIBILIDAD DE USO DEL SITIO WEB Y EL CONTENIDO, YA SEA BASADA EN GARANT\u00cdA, CONTRATO, AGRAVIO (INCLUYENDO NEGLIGENCIA), INCUMPLIMIENTO DE DEBER LEGAL O CUALQUIER OTRA TEOR\u00cdA LEGAL, NO EXCEDER\u00c1 DE $100 (CIEN D\u00d3LARES ESTADOUNIDENSES).<\/span><\/p>\n<h2><b>4. Indemnizaci\u00f3n.<\/b><\/h2>\n<p><b>\u00a0<\/b><span style=\"font-weight: 400;\">En la medida en que lo permita la legislaci\u00f3n aplicable, usted acepta defender, indemnizar y eximir de responsabilidad a las Partes de 350.org frente a cualquier reclamaci\u00f3n, acci\u00f3n o demanda, incluidos, entre otros, los honorarios razonables de abogados y contables, que surjan o resulten del incumplimiento por su parte del presente Acuerdo o de su acceso, uso o mal uso del Contenido o del Sitio web.\u00a0 350.org le notificar\u00e1 cualquier reclamaci\u00f3n, demanda o procedimiento de este tipo.\u00a0 350.org se reserva el derecho a asumir la defensa y el control exclusivos de cualquier asunto que est\u00e9 sujeto a indemnizaci\u00f3n en virtud de esta secci\u00f3n.\u00a0 En tal caso, usted acepta cooperar con cualquier solicitud razonable que ayude a 350.org en la defensa de dicho asunto.\u00a0 Usted no podr\u00e1 llegar a un acuerdo o compromiso sobre ninguna reclamaci\u00f3n contra las Partes de 350.org sin el consentimiento por escrito de la Compa\u00f1\u00eda.<\/span><\/p>\n<h2><b>5. Rescisi\u00f3n del Acuerdo.<\/b><\/h2>\n<p><span style=\"font-weight: 400;\">5.1 &#8211; 350.org se reserva el derecho, a su entera discreci\u00f3n, de restringir, suspender o rescindir el presente Acuerdo y su acceso a la totalidad o parte del Sitio web o el Contenido en cualquier momento y por cualquier motivo sin previo aviso ni responsabilidad alguna.\u00a0 350.org se reserva el derecho a modificar, suspender o interrumpir la totalidad o parte del sitio web o el Contenido en cualquier momento sin previo aviso ni responsabilidad alguna.<\/span><\/p>\n<p><span style=\"font-weight: 400;\">5.2 &#8211; Las secciones 2 (Uso del sitio web), 3 (Limitaci\u00f3n de responsabilidad y garant\u00eda), 4 (Indemnizaci\u00f3n), 5 (Rescisi\u00f3n del contrato) y 8 (Varios) seguir\u00e1n vigentes tras la rescisi\u00f3n del presente contrato.\u00a0<\/span><\/p>\n<h2><b>6. El usuario debe cumplir la legislaci\u00f3n aplicable.<\/b><\/h2>\n<p><span style=\"font-weight: 400;\">6.1 &#8211; Aunque el movimiento 350.org es mundial, este sitio web tiene su sede en Estados Unidos.<\/span><span style=\"font-weight: 400;\">\u00a0 No hacemos ninguna afirmaci\u00f3n sobre si el Contenido puede descargarse, visualizarse o ser apropiado para su uso fuera de Estados Unidos.\u00a0 Si usted accede al Sitio Web o al Contenido desde fuera de los Estados Unidos, lo hace por su cuenta y riesgo.\u00a0 Ya sea dentro o fuera de Estados Unidos, usted es el \u00fanico responsable de garantizar el cumplimiento de las leyes de su jurisdicci\u00f3n espec\u00edfica.<\/span><\/p>\n<p><span style=\"font-weight: 400;\">6.2 &#8211; Estados Unidos controla la exportaci\u00f3n de productos e informaci\u00f3n.\u00a0 Usted acepta expresamente cumplir dichas restricciones y no exportar ni reexportar ninguno de los Contenidos a pa\u00edses o personas prohibidos en virtud de las leyes de control de las exportaciones.\u00a0 Al descargar el Contenido, usted acepta expresamente que no se encuentra en un pa\u00eds en el que dicha exportaci\u00f3n est\u00e9 prohibida ni es una persona o entidad para la que dicha exportaci\u00f3n est\u00e9 prohibida.\u00a0 Usted es el \u00fanico responsable del cumplimiento de las leyes de su jurisdicci\u00f3n espec\u00edfica en relaci\u00f3n con la importaci\u00f3n, exportaci\u00f3n o reexportaci\u00f3n del Contenido.<\/span><\/p>\n<h2><b>7. Varios.\u00a0\u00a0<\/b><\/h2>\n<p><span style=\"font-weight: 400;\">El presente Acuerdo se rige por el derecho sustantivo interno del Estado de Nueva York, sin perjuicio de sus disposiciones en materia de conflicto de leyes.\u00a0 Usted acepta expresamente someterse a la jurisdicci\u00f3n personal exclusiva de los tribunales estatales y federales con sede en la ciudad de Nueva York, en el Estado de Nueva York, a menos que sea un consumidor ubicado en el Reino Unido o en la Uni\u00f3n Europea, en cuyo caso podr\u00e1 interponer una demanda en los tribunales de su pa\u00eds.\u00a0 Si un tribunal competente declara inv\u00e1lida alguna de las disposiciones del presente Acuerdo, la invalidez de dicha disposici\u00f3n no afectar\u00e1 a la validez del resto de las disposiciones del presente Acuerdo, que permanecer\u00e1n en pleno vigor y efecto.\u00a0 El hecho de que 350.org no act\u00fae o no haga cumplir alguna de las disposiciones del Acuerdo no se interpretar\u00e1 como una renuncia a dicha disposici\u00f3n o a cualquier otra disposici\u00f3n del presente Acuerdo.\u00a0 Ninguna renuncia ser\u00e1 efectiva frente a 350.org a menos que se haga por escrito, y ninguna renuncia de este tipo se interpretar\u00e1 como una renuncia en cualquier otro caso o instancia posterior.\u00a0 Salvo acuerdo expreso entre 350.org y el usuario, el presente Acuerdo constituye el Acuerdo \u00edntegro entre el usuario y 350.org en relaci\u00f3n con el objeto del mismo, y sustituye a todos los acuerdos anteriores o contempor\u00e1neos, ya sean escritos u orales, entre las partes en relaci\u00f3n con el objeto del mismo.\u00a0 Los encabezamientos de las secciones se proporcionan \u00fanicamente por conveniencia y no se les dar\u00e1 ning\u00fan significado legal.\u00a0 El presente Acuerdo redundar\u00e1 en beneficio de nuestros sucesores, cesionarios, licenciatarios y sublicenciatarios.\u00a0 Cualquier informaci\u00f3n enviada o proporcionada por usted al Sitio Web podr\u00eda ser p\u00fablicamente accesible.\u00a0 Debe proteger la informaci\u00f3n importante y privada.\u00a0 350.org no se hace responsable de la protecci\u00f3n de la privacidad del correo electr\u00f3nico u otra informaci\u00f3n transferida a trav\u00e9s de Internet o de cualquier otra red que usted pueda utilizar.<\/span><\/p>\n","protected":false},"excerpt":{"rendered":"<p>Vigente desde enero 2025 &nbsp; 1. Aceptaci\u00f3n de las condiciones generales. 1.1 &#8211; Este sitio web (el \u00absitio web\u00ab) lo<span class=\"text-cutoff\">&#8230;<\/span><\/p>\n","protected":false},"author":10012281,"featured_media":0,"parent":0,"menu_order":0,"comment_status":"closed","ping_status":"closed","template":"","meta":{"_acf_changed":false,"footnotes":""},"class_list":["post-175521021","page","type-page","status-publish","hentry"],"acf":[],"yoast_head":"<!-- This site is optimized with the Yoast SEO Premium plugin v27.4 (Yoast SEO v27.4) - https:\/\/yoast.com\/product\/yoast-seo-premium-wordpress\/ -->\n<title>Condiciones de servicio - 350 Espa\u00f1ol<\/title>\n<meta name=\"robots\" content=\"index, follow, max-snippet:-1, max-image-preview:large, max-video-preview:-1\" \/>\n<link rel=\"canonical\" href=\"https:\/\/350.org\/es\/condiciones-de-uso\/\" \/>\n<meta property=\"og:locale\" content=\"es_ES\" \/>\n<meta property=\"og:type\" content=\"article\" \/>\n<meta property=\"og:title\" content=\"Condiciones de servicio\" \/>\n<meta property=\"og:description\" content=\"Vigente desde enero 2025 &nbsp; 1. Aceptaci\u00f3n de las condiciones generales. 1.1 &#8211; Este sitio web (el \u00absitio web\u00ab) lo...\" \/>\n<meta property=\"og:url\" content=\"https:\/\/350.org\/es\/condiciones-de-uso\/\" \/>\n<meta property=\"og:site_name\" content=\"350 Espa\u00f1ol\" \/>\n<meta property=\"article:modified_time\" content=\"2025-02-28T14:23:27+00:00\" \/>\n<meta name=\"twitter:card\" content=\"summary_large_image\" \/>\n<meta name=\"twitter:label1\" content=\"Tiempo de lectura\" \/>\n\t<meta name=\"twitter:data1\" content=\"12 minutos\" \/>\n<script type=\"application\/ld+json\" class=\"yoast-schema-graph\">{\"@context\":\"https:\\\/\\\/schema.org\",\"@graph\":[{\"@type\":\"WebPage\",\"@id\":\"https:\\\/\\\/350.org\\\/es\\\/condiciones-de-uso\\\/\",\"url\":\"https:\\\/\\\/350.org\\\/es\\\/condiciones-de-uso\\\/\",\"name\":\"Condiciones de servicio - 350 Espa\u00f1ol\",\"isPartOf\":{\"@id\":\"https:\\\/\\\/350.org\\\/es\\\/#website\"},\"datePublished\":\"2025-02-18T11:27:51+00:00\",\"dateModified\":\"2025-02-28T14:23:27+00:00\",\"breadcrumb\":{\"@id\":\"https:\\\/\\\/350.org\\\/es\\\/condiciones-de-uso\\\/#breadcrumb\"},\"inLanguage\":\"es\",\"potentialAction\":[{\"@type\":\"ReadAction\",\"target\":[\"https:\\\/\\\/350.org\\\/es\\\/condiciones-de-uso\\\/\"]}]},{\"@type\":\"BreadcrumbList\",\"@id\":\"https:\\\/\\\/350.org\\\/es\\\/condiciones-de-uso\\\/#breadcrumb\",\"itemListElement\":[{\"@type\":\"ListItem\",\"position\":1,\"name\":\"Home\",\"item\":\"https:\\\/\\\/350.org\\\/es\\\/\"},{\"@type\":\"ListItem\",\"position\":2,\"name\":\"Condiciones de servicio\"}]},{\"@type\":\"WebSite\",\"@id\":\"https:\\\/\\\/350.org\\\/es\\\/#website\",\"url\":\"https:\\\/\\\/350.org\\\/es\\\/\",\"name\":\"350 Espa\u00f1ol\",\"description\":\"\",\"potentialAction\":[{\"@type\":\"SearchAction\",\"target\":{\"@type\":\"EntryPoint\",\"urlTemplate\":\"https:\\\/\\\/350.org\\\/es\\\/?s={search_term_string}\"},\"query-input\":{\"@type\":\"PropertyValueSpecification\",\"valueRequired\":true,\"valueName\":\"search_term_string\"}}],\"inLanguage\":\"es\"}]}<\/script>\n<!-- \/ Yoast SEO Premium plugin. -->","yoast_head_json":{"title":"Condiciones de servicio - 350 Espa\u00f1ol","robots":{"index":"index","follow":"follow","max-snippet":"max-snippet:-1","max-image-preview":"max-image-preview:large","max-video-preview":"max-video-preview:-1"},"canonical":"https:\/\/350.org\/es\/condiciones-de-uso\/","og_locale":"es_ES","og_type":"article","og_title":"Condiciones de servicio","og_description":"Vigente desde enero 2025 &nbsp; 1. Aceptaci\u00f3n de las condiciones generales. 1.1 &#8211; Este sitio web (el \u00absitio web\u00ab) lo...","og_url":"https:\/\/350.org\/es\/condiciones-de-uso\/","og_site_name":"350 Espa\u00f1ol","article_modified_time":"2025-02-28T14:23:27+00:00","twitter_card":"summary_large_image","twitter_misc":{"Tiempo de lectura":"12 minutos"},"schema":{"@context":"https:\/\/schema.org","@graph":[{"@type":"WebPage","@id":"https:\/\/350.org\/es\/condiciones-de-uso\/","url":"https:\/\/350.org\/es\/condiciones-de-uso\/","name":"Condiciones de servicio - 350 Espa\u00f1ol","isPartOf":{"@id":"https:\/\/350.org\/es\/#website"},"datePublished":"2025-02-18T11:27:51+00:00","dateModified":"2025-02-28T14:23:27+00:00","breadcrumb":{"@id":"https:\/\/350.org\/es\/condiciones-de-uso\/#breadcrumb"},"inLanguage":"es","potentialAction":[{"@type":"ReadAction","target":["https:\/\/350.org\/es\/condiciones-de-uso\/"]}]},{"@type":"BreadcrumbList","@id":"https:\/\/350.org\/es\/condiciones-de-uso\/#breadcrumb","itemListElement":[{"@type":"ListItem","position":1,"name":"Home","item":"https:\/\/350.org\/es\/"},{"@type":"ListItem","position":2,"name":"Condiciones de servicio"}]},{"@type":"WebSite","@id":"https:\/\/350.org\/es\/#website","url":"https:\/\/350.org\/es\/","name":"350 Espa\u00f1ol","description":"","potentialAction":[{"@type":"SearchAction","target":{"@type":"EntryPoint","urlTemplate":"https:\/\/350.org\/es\/?s={search_term_string}"},"query-input":{"@type":"PropertyValueSpecification","valueRequired":true,"valueName":"search_term_string"}}],"inLanguage":"es"}]}},"_links":{"self":[{"href":"https:\/\/350.org\/es\/wp-json\/wp\/v2\/pages\/175521021","targetHints":{"allow":["GET"]}}],"collection":[{"href":"https:\/\/350.org\/es\/wp-json\/wp\/v2\/pages"}],"about":[{"href":"https:\/\/350.org\/es\/wp-json\/wp\/v2\/types\/page"}],"author":[{"embeddable":true,"href":"https:\/\/350.org\/es\/wp-json\/wp\/v2\/users\/10012281"}],"replies":[{"embeddable":true,"href":"https:\/\/350.org\/es\/wp-json\/wp\/v2\/comments?post=175521021"}],"version-history":[{"count":0,"href":"https:\/\/350.org\/es\/wp-json\/wp\/v2\/pages\/175521021\/revisions"}],"wp:attachment":[{"href":"https:\/\/350.org\/es\/wp-json\/wp\/v2\/media?parent=175521021"}],"curies":[{"name":"wp","href":"https:\/\/api.w.org\/{rel}","templated":true}]}}