{"id":30696,"date":"2013-11-26T00:10:23","date_gmt":"2013-11-26T00:10:23","guid":{"rendered":"https:\/\/350.org\/clone\/?page_id=30696"},"modified":"2017-05-05T08:10:19","modified_gmt":"2017-05-05T08:10:19","slug":"intl-ad-council","status":"publish","type":"page","link":"https:\/\/350.org\/es\/about-old\/intl-ad-council\/","title":{"rendered":"Consejo Consultivo Internacional"},"content":{"rendered":"<h3><strong>\u00a0Mohammed Adow<\/strong><\/h3>\n<p>Mohamed es un periodista con sede en Nairobi, que ha informado ampliamente sobre los conflictos en Etiop\u00eda, Sud\u00e1n y Kenia. Fue una voz activa en la cobertura de las negociaciones sobre el clima en Durban, Sud\u00e1frica, durante la Conferencia de las Partes del a\u00f1o 2011.<\/p>\n<h3><strong>\u00a0El ex presidente Mohamed Nasheed<\/strong><\/h3>\n<p>El derrocado durante un golpe pol\u00edtico en febrero del 2012, Mohammed Nasheed fue el primer presidente elegido democr\u00e1ticamente (en 2009) de las Maldivas. Se convirti\u00f3 en l\u00edder en las negociaciones de clima de la ONU, pidiendo el retorno de las concentraciones atmosf\u00e9ricas de C02 a 350 ppm, y pidiendo un tratado vinculante que limite el aumento de temperatura global a 2 grados cent\u00edgrados. Las acciones que no limiten el aumento global de la temperatura a 2 grados se traducir\u00e1 en que las Maldivas se hundan en el oc\u00e9ano.<\/p>\n<h3><strong>Vandana Shiva<\/strong><\/h3>\n<p>Vandana Shiva es una f\u00edsica de la India y activista de renombre internacional, que difunde una poderosa visi\u00f3n de paz y no violencia en todo el mundo. Trabaja para cuidar y defender la naturaleza y los derechos de las personas a una alimentaci\u00f3n segura y limpia, agua potable, as\u00ed como puestos de trabajo dignos. A menudo ha trabajado para promover modelos ecol\u00f3gicos de producci\u00f3n de alimentos a escala local, y con frecuencia ha resaltado que el caos clim\u00e1tico amenaza tanto a los sistemas mundiales de alimentos como a la infraestructura.<\/p>\n<h3><strong>Casper ter Kuile<\/strong><\/h3>\n<p>Casper es el Co-director de la Coalici\u00f3n Clim\u00e1tica de J\u00f3venes del Reino Unido, y actualmente es estratega de campa\u00f1a para Causa Com\u00fan (Common Cause). Su pasi\u00f3n es la estrategia de comunicaci\u00f3n y c\u00f3mo podemos cambiar opiniones y comportamientos si se cuenta la historia correcta a las personas correctas.<\/p>\n<h3><strong>Marita Manley<\/strong><\/h3>\n<p>Marita Manley administr\u00f3 la Red de Pol\u00edtica Forestal y Agr\u00edcola del Pac\u00edfico ( PAFPNet en sus siglas en ingl\u00e9s) en la Sociedad de la Comunidad del Pacifico (SPC en sus siglas en ingl\u00e9s) hasta julio de 2010 y supervis\u00f3 la investigaci\u00f3n y el desarrollo de la Estrategia para la Agricultura de la Juventud del Pac\u00edfico. Ahora trabaja como asesora t\u00e9cnica para GIZ, la Agencia Alemana para la Cooperaci\u00f3n Internacional, en un programa de adaptaci\u00f3n al cambio clim\u00e1tico.<\/p>\n<h3><strong>Sean Weaver<\/strong><\/h3>\n<p>El doctor Sean Weaver es Director de Carbon Partnership Ltd. \u2013 Una consultora sobre educaci\u00f3n, pol\u00edtica clim\u00e1tica y dise\u00f1o de proyectos de mercado de carbono. Tiene m\u00e1s de 20 a\u00f1os de experiencia como profesional\/educador en pol\u00edtica y gesti\u00f3n ambiental. Es el negociador Vanuatu en la Convenci\u00f3n Marco de las Naciones Unidas sobre el Cambio Clim\u00e1tico (CMNUCC), y ahora se centra en el cambio clim\u00e1tico y la educaci\u00f3n sobre los mercados de carbono para l\u00edderes pol\u00edticos y de negocios.<\/p>\n<h3><strong>Ricken Patel<\/strong><\/h3>\n<p>Ricken Patel es Co-fundador y Director Ejecutivo de Avaaz.org. Ricken fue votado como \u201cInnovador Definitivo en Pol\u00edtica\u201d en 2009 por el Huffington Post y fue nombrado Joven L\u00edder Global por el Foro Econ\u00f3mico Mundial de Davos. Antes de fundar Avaaz, vivi\u00f3 en Sierra Leona, Afganist\u00e1n y otros pa\u00edses en conflicto, y trabaj\u00f3 para el Grupo Internacional de Crisis, la Fundaci\u00f3n Rockefeller, el Centro Internacional para la Justicia Transicional y ResPublica.<\/p>\n<h3><strong>Wael Hmaidan<\/strong><\/h3>\n<p>Wael Hmaidan es un emprendedor social y fundador de IndyACT, la Liga de Activistas Independientes. Ha iniciado la \u201dCampa\u00f1a Clim\u00e1tica \u00c1rabe\u201d en su organizaci\u00f3n, que tiene por objeto lograr una pol\u00edtica clim\u00e1tica fuerte en la regi\u00f3n despu\u00e9s del2012. Wael tambi\u00e9n impuls\u00f3 la creaci\u00f3n de la Alianza \u00c1rabe Clim\u00e1tica a trav\u00e9s de la Liga \u00c1rabe. Despu\u00e9s de dos a\u00f1os, la campa\u00f1a fue capaz de cambiar dr\u00e1sticamente la posici\u00f3n \u00e1rabe sobre cambio clim\u00e1tico, posicionar el cambio clim\u00e1tico dentro de la agenda pol\u00edtica y lograr que el cambio clim\u00e1tico se convierta una de las principales preocupaciones entre el p\u00fablico \u00e1rabe. Wael tiene m\u00e1s de 13 a\u00f1os de experiencia en cambio clim\u00e1tico y la defensa del medio ambiente en el mundo \u00e1rabe. Actualmente es Co-presidente del grupo de trabajo en mitigaci\u00f3n de la Red de Acci\u00f3n Clim\u00e1tica (CAN en sus siglas en ingl\u00e9s) y miembro de su unidad de coordinaci\u00f3n pol\u00edtica. Es tambi\u00e9n un Fellow de Ashoka y miembro del comit\u00e9 de direcci\u00f3n de GAIA.<\/p>\n<h3><strong>Jorge Rodr\u00edguez-Gerada<\/strong><\/h3>\n<p>Es uno de los fundadores del movimiento Culture Jamming de Nueva York y un innovador en la escena internacional del arte urbano. Desde finales de los 90 ha estado reemplazando los rostros de los iconos culturales elegidos por los publicistas por los rostros de personas an\u00f3nimas para cuestionar el control impuesto sobre los espacios p\u00fablicos, los modelos de conducta y el tipo de eventos que son custodiados por la memoria colectiva. La direcci\u00f3n de Rodr\u00edguez-Gerada se menciona en el libro de Naomi Klein \u201cNo Logo\u201d. Fue precursor en el uso de retratos an\u00f3nimos, ahora comunes en el arte callejero. Sus espectaculares intervenciones son creadas para remover conciencias sobre problemas sociales relevantes. Sus trabajos evitan el impacto negativo sobre el medio ambiente, desaf\u00edan la conformidad en el arte contempor\u00e1neo y permiten una reflexi\u00f3n que va m\u00e1s all\u00e1 de la finalizaci\u00f3n de la obra para centrarse en su concepto, proceso y la met\u00e1fora que surge debido al material elegido.<\/p>\n<h3><strong>Ronny Jumeau<\/strong><\/h3>\n<p>Ronny Jumeau es una figura pol\u00edtica y un diplom\u00e1tico de Seychelles, y ahora es el representante permanente de las Seychelles ante la ONU y los EE.UU., una posici\u00f3n que ha ocupado desde 2007. De 1998 a 2007 sirvi\u00f3 como Ministro de Agricultura y Recursos Marinos, Ministro de Cultura e Informaci\u00f3n, Ministro de Medio Ambiente, y Ministro de Medio Ambiente y Recursos Naturales en el gobierno de Seychelles.<\/p>\n<h3><strong>Sze Ping<\/strong><\/h3>\n<p>Sze Ping es actualmente el Secretario General de la Sociedad de Emprendedores y Ecolog\u00eda. Trabaj\u00f3 para el Programa de Medio Ambiente de las Naciones Unidas, y ha dado lugar al establecimiento de Greenpeace en China en 1999. Sirve en las juntas directivas de Federaci\u00f3n China del Medio Ambiente, as\u00ed como Amigos de la Naturaleza, que es la ONG verde m\u00e1s antigua de China.<\/p>\n<h3><strong>Kumi Naidoo<\/strong><\/h3>\n<p>Kumi Naidoo es el Director Ejecutivo de Greenpeace Internacional, y ha trabajado en estrecha colaboraci\u00f3n con Greenpeace por varios a\u00f1os. Estuvo involucrado en la lucha de liberaci\u00f3n de Sud\u00e1frica, y trabaj\u00f3 para la legalizaci\u00f3n del Congreso Nacional Africano. Estuvo involucrado en el desarrollo del trabajo de Greenpeace en \u00c1frica, y se convirti\u00f3 en miembro del consejo de Greenpeace \u00c1frica cuando abri\u00f3 sus oficinas en 2008.<\/p>\n<h3><strong>Rod Oram<\/strong><\/h3>\n<p>Rod Oram es un periodista de Nueva Zelanda que escribe sobre temas empresariales, econ\u00f3micos y pol\u00edticos. \u00c9s miembro del consejo de la Fundaci\u00f3n Hikurangi, una iniciativa para desarrollar respuestas de base al cambio clim\u00e1tico, y del consejo de la inversi\u00f3n socialmente responsable. Es tambi\u00e9n miembro del grupo de acci\u00f3n sobre el cambio clim\u00e1tico en la di\u00f3cesis anglicana de Aukland.<\/p>\n<h3><strong>Rubens Harry Born<\/strong><\/h3>\n<p>El doctor Rubens Harry Born es el Director Ejecutivo del Instituto Vitae Civillis para el Desarrollo, el Medio Ambiente y la Paz, en Brasil. \u00c9s un entregado activista clim\u00e1tico, que lucha por la conservaci\u00f3n y el desarrollo sostenible.<\/p>\n<h3><strong>Liz Thompson<\/strong><\/h3>\n<p>Henrietta Elizabeth Thompson es una de los dos reci\u00e9n nombrados Secretarios Generales Adjuntos, con responsabilidad como coordinadores ejecutivos de la Conferencia de las Naciones Unidas sobre el Desarrollo Sostenible (R\u00edo 2012). Liz Thompson es de Barbados y tiene una amplia experiencia y liderazgo a nivel nacional, regional e internacional, as\u00ed como una amplia exposici\u00f3n a cuestiones relativas al desarrollo sostenible y al medio ambiente.<\/p>\n","protected":false},"excerpt":{"rendered":"<p>\u00a0Mohammed Adow Mohamed es un periodista con sede en Nairobi, que ha informado ampliamente sobre los conflictos en Etiop\u00eda, Sud\u00e1n<span class=\"text-cutoff\">&#8230;<\/span><\/p>\n","protected":false},"author":3,"featured_media":0,"parent":52,"menu_order":0,"comment_status":"open","ping_status":"open","template":"","meta":{"_acf_changed":false,"footnotes":""},"class_list":["post-30696","page","type-page","status-publish","hentry"],"acf":[],"yoast_head":"<!-- This site is optimized with the Yoast SEO Premium plugin v26.9 (Yoast SEO v27.5) - https:\/\/yoast.com\/product\/yoast-seo-premium-wordpress\/ -->\n<title>Consejo Consultivo Internacional - 350 Espa\u00f1ol<\/title>\n<meta name=\"robots\" content=\"index, follow, max-snippet:-1, max-image-preview:large, max-video-preview:-1\" \/>\n<link rel=\"canonical\" href=\"https:\/\/350.org\/es\/about-old\/intl-ad-council\/\" \/>\n<meta property=\"og:locale\" content=\"es_ES\" \/>\n<meta property=\"og:type\" content=\"article\" \/>\n<meta property=\"og:title\" content=\"Consejo Consultivo Internacional\" \/>\n<meta property=\"og:description\" content=\"\u00a0Mohammed Adow Mohamed es un periodista con sede en Nairobi, que ha informado ampliamente sobre los conflictos en Etiop\u00eda, Sud\u00e1n...\" \/>\n<meta property=\"og:url\" content=\"https:\/\/350.org\/es\/about-old\/intl-ad-council\/\" \/>\n<meta property=\"og:site_name\" content=\"350 Espa\u00f1ol\" \/>\n<meta property=\"article:modified_time\" content=\"2017-05-05T08:10:19+00:00\" \/>\n<meta name=\"twitter:card\" content=\"summary_large_image\" \/>\n<meta name=\"twitter:label1\" content=\"Tiempo de lectura\" \/>\n\t<meta name=\"twitter:data1\" content=\"7 minutos\" \/>\n<script type=\"application\/ld+json\" class=\"yoast-schema-graph\">{\"@context\":\"https:\\\/\\\/schema.org\",\"@graph\":[{\"@type\":\"WebPage\",\"@id\":\"https:\\\/\\\/350.org\\\/es\\\/about-old\\\/intl-ad-council\\\/\",\"url\":\"https:\\\/\\\/350.org\\\/es\\\/about-old\\\/intl-ad-council\\\/\",\"name\":\"Consejo Consultivo Internacional - 350 Espa\u00f1ol\",\"isPartOf\":{\"@id\":\"https:\\\/\\\/350.org\\\/es\\\/#website\"},\"datePublished\":\"2013-11-26T00:10:23+00:00\",\"dateModified\":\"2017-05-05T08:10:19+00:00\",\"breadcrumb\":{\"@id\":\"https:\\\/\\\/350.org\\\/es\\\/about-old\\\/intl-ad-council\\\/#breadcrumb\"},\"inLanguage\":\"es\",\"potentialAction\":[{\"@type\":\"ReadAction\",\"target\":[\"https:\\\/\\\/350.org\\\/es\\\/about-old\\\/intl-ad-council\\\/\"]}]},{\"@type\":\"BreadcrumbList\",\"@id\":\"https:\\\/\\\/350.org\\\/es\\\/about-old\\\/intl-ad-council\\\/#breadcrumb\",\"itemListElement\":[{\"@type\":\"ListItem\",\"position\":1,\"name\":\"Home\",\"item\":\"https:\\\/\\\/350.org\\\/es\\\/\"},{\"@type\":\"ListItem\",\"position\":2,\"name\":\"Acerca de la p\u00e1gina\",\"item\":\"https:\\\/\\\/350.org\\\/es\\\/about-old\\\/\"},{\"@type\":\"ListItem\",\"position\":3,\"name\":\"Consejo Consultivo Internacional\"}]},{\"@type\":\"WebSite\",\"@id\":\"https:\\\/\\\/350.org\\\/es\\\/#website\",\"url\":\"https:\\\/\\\/350.org\\\/es\\\/\",\"name\":\"350 Espa\u00f1ol\",\"description\":\"\",\"potentialAction\":[{\"@type\":\"SearchAction\",\"target\":{\"@type\":\"EntryPoint\",\"urlTemplate\":\"https:\\\/\\\/350.org\\\/es\\\/?s={search_term_string}\"},\"query-input\":{\"@type\":\"PropertyValueSpecification\",\"valueRequired\":true,\"valueName\":\"search_term_string\"}}],\"inLanguage\":\"es\"}]}<\/script>\n<!-- \/ Yoast SEO Premium plugin. -->","yoast_head_json":{"title":"Consejo Consultivo Internacional - 350 Espa\u00f1ol","robots":{"index":"index","follow":"follow","max-snippet":"max-snippet:-1","max-image-preview":"max-image-preview:large","max-video-preview":"max-video-preview:-1"},"canonical":"https:\/\/350.org\/es\/about-old\/intl-ad-council\/","og_locale":"es_ES","og_type":"article","og_title":"Consejo Consultivo Internacional","og_description":"\u00a0Mohammed Adow Mohamed es un periodista con sede en Nairobi, que ha informado ampliamente sobre los conflictos en Etiop\u00eda, Sud\u00e1n...","og_url":"https:\/\/350.org\/es\/about-old\/intl-ad-council\/","og_site_name":"350 Espa\u00f1ol","article_modified_time":"2017-05-05T08:10:19+00:00","twitter_card":"summary_large_image","twitter_misc":{"Tiempo de lectura":"7 minutos"},"schema":{"@context":"https:\/\/schema.org","@graph":[{"@type":"WebPage","@id":"https:\/\/350.org\/es\/about-old\/intl-ad-council\/","url":"https:\/\/350.org\/es\/about-old\/intl-ad-council\/","name":"Consejo Consultivo Internacional - 350 Espa\u00f1ol","isPartOf":{"@id":"https:\/\/350.org\/es\/#website"},"datePublished":"2013-11-26T00:10:23+00:00","dateModified":"2017-05-05T08:10:19+00:00","breadcrumb":{"@id":"https:\/\/350.org\/es\/about-old\/intl-ad-council\/#breadcrumb"},"inLanguage":"es","potentialAction":[{"@type":"ReadAction","target":["https:\/\/350.org\/es\/about-old\/intl-ad-council\/"]}]},{"@type":"BreadcrumbList","@id":"https:\/\/350.org\/es\/about-old\/intl-ad-council\/#breadcrumb","itemListElement":[{"@type":"ListItem","position":1,"name":"Home","item":"https:\/\/350.org\/es\/"},{"@type":"ListItem","position":2,"name":"Acerca de la p\u00e1gina","item":"https:\/\/350.org\/es\/about-old\/"},{"@type":"ListItem","position":3,"name":"Consejo Consultivo Internacional"}]},{"@type":"WebSite","@id":"https:\/\/350.org\/es\/#website","url":"https:\/\/350.org\/es\/","name":"350 Espa\u00f1ol","description":"","potentialAction":[{"@type":"SearchAction","target":{"@type":"EntryPoint","urlTemplate":"https:\/\/350.org\/es\/?s={search_term_string}"},"query-input":{"@type":"PropertyValueSpecification","valueRequired":true,"valueName":"search_term_string"}}],"inLanguage":"es"}]}},"_links":{"self":[{"href":"https:\/\/350.org\/es\/wp-json\/wp\/v2\/pages\/30696","targetHints":{"allow":["GET"]}}],"collection":[{"href":"https:\/\/350.org\/es\/wp-json\/wp\/v2\/pages"}],"about":[{"href":"https:\/\/350.org\/es\/wp-json\/wp\/v2\/types\/page"}],"author":[{"embeddable":true,"href":"https:\/\/350.org\/es\/wp-json\/wp\/v2\/users\/3"}],"replies":[{"embeddable":true,"href":"https:\/\/350.org\/es\/wp-json\/wp\/v2\/comments?post=30696"}],"version-history":[{"count":0,"href":"https:\/\/350.org\/es\/wp-json\/wp\/v2\/pages\/30696\/revisions"}],"up":[{"embeddable":true,"href":"https:\/\/350.org\/es\/wp-json\/wp\/v2\/pages\/52"}],"wp:attachment":[{"href":"https:\/\/350.org\/es\/wp-json\/wp\/v2\/media?parent=30696"}],"curies":[{"name":"wp","href":"https:\/\/api.w.org\/{rel}","templated":true}]}}