{"id":133042,"date":"2017-10-11T18:50:58","date_gmt":"2017-10-11T18:50:58","guid":{"rendered":"https:\/\/350.org\/fr\/?page_id=133042"},"modified":"2017-11-03T14:55:36","modified_gmt":"2017-11-03T14:55:36","slug":"principes-dorganisation","status":"publish","type":"page","link":"https:\/\/350.org\/fr\/principes-dorganisation\/","title":{"rendered":"Principes d&rsquo;organisation de 350"},"content":{"rendered":"<p><em>Pour compl\u00e9ter la description de <\/em><a href=\"https:\/\/350.org\/fr\/a-propos\/#how-we-work\"><em>notre m\u00e9thodologie<\/em><\/a><em>, nous pr\u00e9sentons ci-dessous quelques principes d&rsquo;organisation plus sp\u00e9cifiques. Ces principes guident la mani\u00e8re dont nous travaillons les uns avec les autres et en r\u00e9seau pour d\u00e9velopper nos moyens d&rsquo;action, nous opposer \u00e0 l&rsquo;industrie des combustibles fossiles et acc\u00e9l\u00e9rer la transition socialement juste vers des \u00e9nergies renouvelables. Nous demandons \u00e0 tous les groupes qui utilisent 350 ou Z\u00e9ro Fossile dans leur nom ou qui sont d\u2019une quelconque autre mani\u00e8re associ\u00e9s \u00e0 notre r\u00e9seau de lire, de comprendre et de faire en sorte d\u2019appliquer ces principes.<\/em><\/p>\n<p><strong>Nous sommes un mouvement mondial de citoyens dont l&rsquo;ambition est de faire face \u00e0 la crise climatique. Nous sommes des citoyens du monde qui s&rsquo;organisent en vue de transformer la soci\u00e9t\u00e9 au niveau local.<\/strong> Par l&rsquo;interm\u00e9diaire de nos actions solidaires qui transcendent les barri\u00e8res linguistiques et g\u00e9ographiques, nous formons un r\u00e9seau international puissant qui est uni par une humanit\u00e9 et une volont\u00e9 communes de r\u00e9soudre la crise climatique.<\/p>\n<p><strong>Nous nous effor\u00e7ons de construire un mouvement inclusif d&rsquo;autonomisation. <span style=\"font-weight: 400;\">Que ce soit au niveau local ou international, nous sommes ouverts et r\u00e9ceptifs aux nouvelles id\u00e9es et initiatives, nous encourageons une large participation et une prise de d\u00e9cisions collective \u00e0 tous les niveaux du processus organisationnel et nous donnons \u00e0 la nouvelle g\u00e9n\u00e9ration de leaders des moyens d\u2019action.<\/span><\/strong>\u00a0Des groupes religieux aux dirigeants d\u2019entreprise, en passant par les \u00e9tablissements scolaires et autres, nous travaillons avec une grande diversit\u00e9 de groupes et d\u2019individus, car nous avons \u00e9minemment besoin des id\u00e9es et de l\u2019engagement de tous pour cr\u00e9er le changement n\u00e9cessaire. Les relations que nous tissons les uns avec les autres, ainsi qu\u2019avec les groupes partenaires, la dynamique que nous faisons \u00e9clore et les r\u00e9cits que nous relatons contribuent tous \u00e0 consolider le pouvoir des citoyens, car c\u2019est de cette mani\u00e8re que se produit le changement.<\/p>\n<p><strong>Nous travaillons en collaboration avec d\u2019autres mouvements pour lesquels la justice est un principe fondamental.<\/strong> Nous sommes convaincus que les probl\u00e9matiques relatives \u00e0 la justice climatique, \u00e0 la justice \u00e9conomique, \u00e0 la justice raciale, \u00e0 l\u2019\u00e9galit\u00e9 hommes-femmes, aux droits des travailleurs, etc. sont li\u00e9es entre elles et nous nous effor\u00e7ons de faire front commun avec nos alli\u00e9s de mani\u00e8re \u00e0 produire un impact plus important.<\/p>\n<p><strong>Nous sommes solidaires avec les communaut\u00e9s les plus touch\u00e9es par le changement climatique et par les cons\u00e9quences de l\u2019extraction des combustibles fossiles.<\/strong> En raison d\u2019in\u00e9galit\u00e9s historiques, une grande partie de ces communaut\u00e9s sont celles qui souffrent le plus du changement climatique et qui sont aussi les moins prot\u00e9g\u00e9es. Nous soutenons leurs revendications, qui visent essentiellement \u00e0 assurer leur survie et la d\u00e9fense des droits des g\u00e9n\u00e9rations futures.<\/p>\n<p><strong>Nous privil\u00e9gions l\u2019action \u00e0 la parole.<\/strong> Nous nous appuyons sur l\u2019intelligence collective et non pas sur des personnalit\u00e9s individuelles. Il n\u2019y a pas de place pour l\u2019\u00e9go dans notre organisation et nous nous effor\u00e7ons de dire \u00ab\u00a0oui\u00a0\u00bb le plus souvent possible (tout en respectant nos limites). Nous essayons de rester flexibles et r\u00e9actifs, de faire un maximum avec le peu de ressources dont nous disposons, et de nous concentrer sur les actions qui profitent r\u00e9ellement aux communaut\u00e9s locales.<\/p>\n<p><strong>Nos ambitions et nos actions sont \u00e0 la hauteur du d\u00e9fi.<\/strong> C\u2019est en voyant grand et en \u00e9tant ambitieux que l\u2019on motive les gens \u00e0 s\u2019impliquer et \u00e0 agir avec l\u2019urgence n\u00e9cessaire.<\/p>\n<p><strong>La cr\u00e9ativit\u00e9 est la pierre angulaire de notre travail.<\/strong> Les symboles, l\u2019art et les actions cr\u00e9atives nous aident \u00e0 visualiser tant les probl\u00e8mes que les solutions au changement climatique. Les m\u00e9thodes de communication cr\u00e9atives nous touchent souvent plus directement et nous rappellent de bien jolie mani\u00e8re ce que nous nous effor\u00e7ons de prot\u00e9ger.<\/p>\n<p><strong>En tant qu\u2019organisateurs, nous touchons le c\u0153ur et l&rsquo;\u00e2me autant que l&rsquo;esprit.<\/strong> La crise climatique est un probl\u00e8me \u00e9thique\u00a0: le fait de prendre des mesures utiles donne un poids moral \u00e0 notre travail et renforce notre engagement en faveur de la cause ainsi qu&rsquo;\u00e0 l\u2019\u00e9gard d&rsquo;autrui. Ce lien nous permet de mieux faire face aux changements profonds que subit notre plan\u00e8te et d&rsquo;imaginer plus facilement le monde que nous voulons b\u00e2tir.<\/p>\n<p><strong>Les mouvements au sein desquels les membres ne s&rsquo;amusent pas sont d\u00e9nu\u00e9s d&rsquo;int\u00e9r\u00eat.<\/strong> Nous dansons, chantons, mangeons, jouons et plaisantons ensemble, parce que cela nous donne des forces et de l\u2019espoir et nous motive \u00e0 relever les nombreux d\u00e9fis (et \u00e0 f\u00eater les victoires\u00a0!) qui nous attendent sur la route vers un avenir \u00e9nerg\u00e9tique durable et propre.<\/p>\n<p><strong>Nous utilisons la technologie de mani\u00e8re cr\u00e9ative pour soutenir des actions dans le monde r\u00e9el.<\/strong> Nous savons que la technologie ne remplace pas les relations qui sont \u00e9tablies dans la vie r\u00e9elle ni les techniques d\u2019organisation qui ont fait leur preuve dans le temps, mais elle nous permet de voir, de comprendre et d&rsquo;agir de mani\u00e8re solidaire avec nos fr\u00e8res et nos s\u0153urs touch\u00e9s par le changement climatique dans le monde entier. La technologie est ce qui relie la communaut\u00e9 que nous formons.<\/p>\n<p><strong>Nous ne sommes pas des experts, mais nous en savons suffisamment sur la crise climatique et l\u2019industrie des combustibles fossiles pour pouvoir dire la v\u00e9rit\u00e9.<\/strong> Nous nous tenons autant que possible inform\u00e9s des derni\u00e8res d\u00e9couvertes scientifiques ainsi que de la situation \u00e9conomique et politique, mais nous savons \u00e9galement que nous n\u2019avons pas besoin de tout savoir pour d\u00e9fendre notre avenir. Dire la v\u00e9rit\u00e9 sur les \u00e9l\u00e9ments scientifiques et les injustices est \u00e0 la fois notre devoir et notre strat\u00e9gie la plus efficace.<\/p>\n<p><strong>Cependant, m\u00eame si les donn\u00e9es scientifiques sont importantes, ce sont les r\u00e9cits qui rendent notre mouvement influent et qui donnent une dimension humaine.<\/strong> Nous avons tous des histoires fascinantes \u00e0 raconter. Communiquer \u00e0 l\u2019aide de r\u00e9cits nous permet d\u2019attirer l\u2019attention des m\u00e9dias, de faire grandir notre mouvement et de r\u00e9affirmer notre humanit\u00e9 commune. Qu&rsquo;elles concernent un courageux citoyen exprimant seul son opposition en Irak ou une communaut\u00e9 se r\u00e9unissant pour mettre \u00e0 l&rsquo;arr\u00eat une centrale \u00e0 charbon au Kenya ou faire interdire la fracturation hydraulique au Br\u00e9sil, les histoires que nous partageons sont inspirantes pour l\u2019ensemble de notre mouvement.<\/p>\n<p><strong>Nous suscitons le changement en utilisant des m\u00e9thodes non violentes.<\/strong> Nous pr\u00f4nons la non-violence, \u00e0 l&rsquo;image de Gandhi, de Martin Luther King Jr. et d\u2019autres mouvements pacifistes avant nous. Pas de violence, ni de d\u00e9gradation des biens. Face \u00e0 la crise climatique, \u00e0 l\u2019extraction de combustibles fossiles et aux pratiques r\u00e9pressives des gouvernements et des entreprises qui en tirent profit, nous sommes convaincus que la non-violence strat\u00e9gique constitue le moyen le plus efficace de cr\u00e9er un monde juste et sain.<\/p>\n","protected":false},"excerpt":{"rendered":"<p>Pour compl\u00e9ter la description de notre m\u00e9thodologie, nous pr\u00e9sentons ci-dessous quelques principes d&rsquo;organisation plus sp\u00e9cifiques. Ces principes guident la mani\u00e8re<span class=\"text-cutoff\">&#8230;<\/span><\/p>\n","protected":false},"author":10012012,"featured_media":0,"parent":0,"menu_order":0,"comment_status":"closed","ping_status":"closed","template":"","meta":{"_acf_changed":false,"footnotes":""},"class_list":["post-133042","page","type-page","status-publish","hentry"],"acf":[],"yoast_head":"<!-- This site is optimized with the Yoast SEO Premium plugin v26.9 (Yoast SEO v27.5) - https:\/\/yoast.com\/product\/yoast-seo-premium-wordpress\/ -->\n<title>Principes d&#039;organisation de 350 - 350 Fran\u00e7ais<\/title>\n<meta name=\"robots\" content=\"index, follow, max-snippet:-1, max-image-preview:large, max-video-preview:-1\" \/>\n<link rel=\"canonical\" href=\"https:\/\/350.org\/fr\/principes-dorganisation\/\" \/>\n<meta property=\"og:locale\" content=\"fr_FR\" \/>\n<meta property=\"og:type\" content=\"article\" \/>\n<meta property=\"og:title\" content=\"Principes d&#039;organisation de 350\" \/>\n<meta property=\"og:description\" content=\"Pour compl\u00e9ter la description de notre m\u00e9thodologie, nous pr\u00e9sentons ci-dessous quelques principes d&rsquo;organisation plus sp\u00e9cifiques. Ces principes guident la mani\u00e8re...\" \/>\n<meta property=\"og:url\" content=\"https:\/\/350.org\/fr\/principes-dorganisation\/\" \/>\n<meta property=\"og:site_name\" content=\"350 Fran\u00e7ais\" \/>\n<meta property=\"article:modified_time\" content=\"2017-11-03T14:55:36+00:00\" \/>\n<meta name=\"twitter:card\" content=\"summary_large_image\" \/>\n<meta name=\"twitter:label1\" content=\"Dur\u00e9e de lecture estim\u00e9e\" \/>\n\t<meta name=\"twitter:data1\" content=\"6 minutes\" \/>\n<script type=\"application\/ld+json\" class=\"yoast-schema-graph\">{\"@context\":\"https:\\\/\\\/schema.org\",\"@graph\":[{\"@type\":\"WebPage\",\"@id\":\"https:\\\/\\\/350.org\\\/fr\\\/principes-dorganisation\\\/\",\"url\":\"https:\\\/\\\/350.org\\\/fr\\\/principes-dorganisation\\\/\",\"name\":\"Principes d'organisation de 350 - 350 Fran\u00e7ais\",\"isPartOf\":{\"@id\":\"https:\\\/\\\/350.org\\\/fr\\\/#website\"},\"datePublished\":\"2017-10-11T18:50:58+00:00\",\"dateModified\":\"2017-11-03T14:55:36+00:00\",\"breadcrumb\":{\"@id\":\"https:\\\/\\\/350.org\\\/fr\\\/principes-dorganisation\\\/#breadcrumb\"},\"inLanguage\":\"fr-FR\",\"potentialAction\":[{\"@type\":\"ReadAction\",\"target\":[\"https:\\\/\\\/350.org\\\/fr\\\/principes-dorganisation\\\/\"]}]},{\"@type\":\"BreadcrumbList\",\"@id\":\"https:\\\/\\\/350.org\\\/fr\\\/principes-dorganisation\\\/#breadcrumb\",\"itemListElement\":[{\"@type\":\"ListItem\",\"position\":1,\"name\":\"Home\",\"item\":\"https:\\\/\\\/350.org\\\/fr\\\/\"},{\"@type\":\"ListItem\",\"position\":2,\"name\":\"Principes d&#8217;organisation de 350\"}]},{\"@type\":\"WebSite\",\"@id\":\"https:\\\/\\\/350.org\\\/fr\\\/#website\",\"url\":\"https:\\\/\\\/350.org\\\/fr\\\/\",\"name\":\"350 Fran\u00e7ais\",\"description\":\"\",\"potentialAction\":[{\"@type\":\"SearchAction\",\"target\":{\"@type\":\"EntryPoint\",\"urlTemplate\":\"https:\\\/\\\/350.org\\\/fr\\\/?s={search_term_string}\"},\"query-input\":{\"@type\":\"PropertyValueSpecification\",\"valueRequired\":true,\"valueName\":\"search_term_string\"}}],\"inLanguage\":\"fr-FR\"}]}<\/script>\n<!-- \/ Yoast SEO Premium plugin. -->","yoast_head_json":{"title":"Principes d'organisation de 350 - 350 Fran\u00e7ais","robots":{"index":"index","follow":"follow","max-snippet":"max-snippet:-1","max-image-preview":"max-image-preview:large","max-video-preview":"max-video-preview:-1"},"canonical":"https:\/\/350.org\/fr\/principes-dorganisation\/","og_locale":"fr_FR","og_type":"article","og_title":"Principes d'organisation de 350","og_description":"Pour compl\u00e9ter la description de notre m\u00e9thodologie, nous pr\u00e9sentons ci-dessous quelques principes d&rsquo;organisation plus sp\u00e9cifiques. Ces principes guident la mani\u00e8re...","og_url":"https:\/\/350.org\/fr\/principes-dorganisation\/","og_site_name":"350 Fran\u00e7ais","article_modified_time":"2017-11-03T14:55:36+00:00","twitter_card":"summary_large_image","twitter_misc":{"Dur\u00e9e de lecture estim\u00e9e":"6 minutes"},"schema":{"@context":"https:\/\/schema.org","@graph":[{"@type":"WebPage","@id":"https:\/\/350.org\/fr\/principes-dorganisation\/","url":"https:\/\/350.org\/fr\/principes-dorganisation\/","name":"Principes d'organisation de 350 - 350 Fran\u00e7ais","isPartOf":{"@id":"https:\/\/350.org\/fr\/#website"},"datePublished":"2017-10-11T18:50:58+00:00","dateModified":"2017-11-03T14:55:36+00:00","breadcrumb":{"@id":"https:\/\/350.org\/fr\/principes-dorganisation\/#breadcrumb"},"inLanguage":"fr-FR","potentialAction":[{"@type":"ReadAction","target":["https:\/\/350.org\/fr\/principes-dorganisation\/"]}]},{"@type":"BreadcrumbList","@id":"https:\/\/350.org\/fr\/principes-dorganisation\/#breadcrumb","itemListElement":[{"@type":"ListItem","position":1,"name":"Home","item":"https:\/\/350.org\/fr\/"},{"@type":"ListItem","position":2,"name":"Principes d&#8217;organisation de 350"}]},{"@type":"WebSite","@id":"https:\/\/350.org\/fr\/#website","url":"https:\/\/350.org\/fr\/","name":"350 Fran\u00e7ais","description":"","potentialAction":[{"@type":"SearchAction","target":{"@type":"EntryPoint","urlTemplate":"https:\/\/350.org\/fr\/?s={search_term_string}"},"query-input":{"@type":"PropertyValueSpecification","valueRequired":true,"valueName":"search_term_string"}}],"inLanguage":"fr-FR"}]}},"_links":{"self":[{"href":"https:\/\/350.org\/fr\/wp-json\/wp\/v2\/pages\/133042","targetHints":{"allow":["GET"]}}],"collection":[{"href":"https:\/\/350.org\/fr\/wp-json\/wp\/v2\/pages"}],"about":[{"href":"https:\/\/350.org\/fr\/wp-json\/wp\/v2\/types\/page"}],"author":[{"embeddable":true,"href":"https:\/\/350.org\/fr\/wp-json\/wp\/v2\/users\/10012012"}],"replies":[{"embeddable":true,"href":"https:\/\/350.org\/fr\/wp-json\/wp\/v2\/comments?post=133042"}],"version-history":[{"count":0,"href":"https:\/\/350.org\/fr\/wp-json\/wp\/v2\/pages\/133042\/revisions"}],"wp:attachment":[{"href":"https:\/\/350.org\/fr\/wp-json\/wp\/v2\/media?parent=133042"}],"curies":[{"name":"wp","href":"https:\/\/api.w.org\/{rel}","templated":true}]}}