{"id":62,"date":"2013-10-03T22:49:21","date_gmt":"2013-10-03T22:49:21","guid":{"rendered":"https:\/\/350.org\/clone\/?page_id=62"},"modified":"2014-10-28T19:25:44","modified_gmt":"2014-10-28T19:25:44","slug":"team","status":"publish","type":"page","link":"https:\/\/350.org\/fr\/team\/","title":{"rendered":"Equipe"},"content":{"rendered":"<p><strong>350.org est propuls\u00e9 par des centaines de milliers de militants dans le monde, qui donnent de leur temps et de leurs comp\u00e9tences pour r\u00e9soudre la crise climatique. En d&rsquo;autres termes, 350.org, c&rsquo;est vous.<\/strong> Le mouvement est coordonn\u00e9 par une \u00e9quipe diss\u00e9min\u00e9e dans 15 pays.<\/p>\n<hr \/>\n<p><!-- p class=\"lead\">View: <a class=\"ajax-link active\" href=\"\/about\/team\" data-ajax-source=\"#ajax-content\" data-ajax-dest=\"#ajax-target\">Alphabetically<\/a> \/ <a class=\"ajax-link\" href=\"\/about\/team-teams\" data-ajax-source=\"#ajax-content\" data-ajax-dest=\"#ajax-target\">By Team<\/a>\n\n\n\n<hr \/-->\n<p>&nbsp;<\/p>\n","protected":false},"excerpt":{"rendered":"<p>350.org est propuls\u00e9 par des centaines de milliers de militants dans le monde, qui donnent de leur temps et de<span class=\"text-cutoff\">&#8230;<\/span><\/p>\n","protected":false},"author":3,"featured_media":0,"parent":0,"menu_order":0,"comment_status":"open","ping_status":"closed","template":"","meta":{"_acf_changed":false,"footnotes":""},"class_list":["post-62","page","type-page","status-publish","hentry"],"acf":[],"yoast_head":"<!-- This site is optimized with the Yoast SEO Premium plugin v26.9 (Yoast SEO v27.5) - https:\/\/yoast.com\/product\/yoast-seo-premium-wordpress\/ -->\n<title>Equipe - 350 Fran\u00e7ais<\/title>\n<meta name=\"robots\" content=\"index, follow, max-snippet:-1, max-image-preview:large, max-video-preview:-1\" \/>\n<link rel=\"canonical\" href=\"https:\/\/350.org\/fr\/team\/\" \/>\n<meta property=\"og:locale\" content=\"fr_FR\" \/>\n<meta property=\"og:type\" content=\"article\" \/>\n<meta property=\"og:title\" content=\"Equipe\" \/>\n<meta property=\"og:description\" content=\"350.org est propuls\u00e9 par des centaines de milliers de militants dans le monde, qui donnent de leur temps et de...\" \/>\n<meta property=\"og:url\" content=\"https:\/\/350.org\/fr\/team\/\" \/>\n<meta property=\"og:site_name\" content=\"350 Fran\u00e7ais\" \/>\n<meta property=\"article:modified_time\" content=\"2014-10-28T19:25:44+00:00\" \/>\n<meta name=\"twitter:card\" content=\"summary_large_image\" \/>\n<script type=\"application\/ld+json\" class=\"yoast-schema-graph\">{\"@context\":\"https:\\\/\\\/schema.org\",\"@graph\":[{\"@type\":\"WebPage\",\"@id\":\"https:\\\/\\\/350.org\\\/fr\\\/team\\\/\",\"url\":\"https:\\\/\\\/350.org\\\/fr\\\/team\\\/\",\"name\":\"Equipe - 350 Fran\u00e7ais\",\"isPartOf\":{\"@id\":\"https:\\\/\\\/350.org\\\/fr\\\/#website\"},\"datePublished\":\"2013-10-03T22:49:21+00:00\",\"dateModified\":\"2014-10-28T19:25:44+00:00\",\"breadcrumb\":{\"@id\":\"https:\\\/\\\/350.org\\\/fr\\\/team\\\/#breadcrumb\"},\"inLanguage\":\"fr-FR\",\"potentialAction\":[{\"@type\":\"ReadAction\",\"target\":[\"https:\\\/\\\/350.org\\\/fr\\\/team\\\/\"]}]},{\"@type\":\"BreadcrumbList\",\"@id\":\"https:\\\/\\\/350.org\\\/fr\\\/team\\\/#breadcrumb\",\"itemListElement\":[{\"@type\":\"ListItem\",\"position\":1,\"name\":\"Home\",\"item\":\"https:\\\/\\\/350.org\\\/fr\\\/\"},{\"@type\":\"ListItem\",\"position\":2,\"name\":\"Equipe\"}]},{\"@type\":\"WebSite\",\"@id\":\"https:\\\/\\\/350.org\\\/fr\\\/#website\",\"url\":\"https:\\\/\\\/350.org\\\/fr\\\/\",\"name\":\"350 Fran\u00e7ais\",\"description\":\"\",\"potentialAction\":[{\"@type\":\"SearchAction\",\"target\":{\"@type\":\"EntryPoint\",\"urlTemplate\":\"https:\\\/\\\/350.org\\\/fr\\\/?s={search_term_string}\"},\"query-input\":{\"@type\":\"PropertyValueSpecification\",\"valueRequired\":true,\"valueName\":\"search_term_string\"}}],\"inLanguage\":\"fr-FR\"}]}<\/script>\n<!-- \/ Yoast SEO Premium plugin. -->","yoast_head_json":{"title":"Equipe - 350 Fran\u00e7ais","robots":{"index":"index","follow":"follow","max-snippet":"max-snippet:-1","max-image-preview":"max-image-preview:large","max-video-preview":"max-video-preview:-1"},"canonical":"https:\/\/350.org\/fr\/team\/","og_locale":"fr_FR","og_type":"article","og_title":"Equipe","og_description":"350.org est propuls\u00e9 par des centaines de milliers de militants dans le monde, qui donnent de leur temps et de...","og_url":"https:\/\/350.org\/fr\/team\/","og_site_name":"350 Fran\u00e7ais","article_modified_time":"2014-10-28T19:25:44+00:00","twitter_card":"summary_large_image","schema":{"@context":"https:\/\/schema.org","@graph":[{"@type":"WebPage","@id":"https:\/\/350.org\/fr\/team\/","url":"https:\/\/350.org\/fr\/team\/","name":"Equipe - 350 Fran\u00e7ais","isPartOf":{"@id":"https:\/\/350.org\/fr\/#website"},"datePublished":"2013-10-03T22:49:21+00:00","dateModified":"2014-10-28T19:25:44+00:00","breadcrumb":{"@id":"https:\/\/350.org\/fr\/team\/#breadcrumb"},"inLanguage":"fr-FR","potentialAction":[{"@type":"ReadAction","target":["https:\/\/350.org\/fr\/team\/"]}]},{"@type":"BreadcrumbList","@id":"https:\/\/350.org\/fr\/team\/#breadcrumb","itemListElement":[{"@type":"ListItem","position":1,"name":"Home","item":"https:\/\/350.org\/fr\/"},{"@type":"ListItem","position":2,"name":"Equipe"}]},{"@type":"WebSite","@id":"https:\/\/350.org\/fr\/#website","url":"https:\/\/350.org\/fr\/","name":"350 Fran\u00e7ais","description":"","potentialAction":[{"@type":"SearchAction","target":{"@type":"EntryPoint","urlTemplate":"https:\/\/350.org\/fr\/?s={search_term_string}"},"query-input":{"@type":"PropertyValueSpecification","valueRequired":true,"valueName":"search_term_string"}}],"inLanguage":"fr-FR"}]}},"_links":{"self":[{"href":"https:\/\/350.org\/fr\/wp-json\/wp\/v2\/pages\/62","targetHints":{"allow":["GET"]}}],"collection":[{"href":"https:\/\/350.org\/fr\/wp-json\/wp\/v2\/pages"}],"about":[{"href":"https:\/\/350.org\/fr\/wp-json\/wp\/v2\/types\/page"}],"author":[{"embeddable":true,"href":"https:\/\/350.org\/fr\/wp-json\/wp\/v2\/users\/3"}],"replies":[{"embeddable":true,"href":"https:\/\/350.org\/fr\/wp-json\/wp\/v2\/comments?post=62"}],"version-history":[{"count":0,"href":"https:\/\/350.org\/fr\/wp-json\/wp\/v2\/pages\/62\/revisions"}],"wp:attachment":[{"href":"https:\/\/350.org\/fr\/wp-json\/wp\/v2\/media?parent=62"}],"curies":[{"name":"wp","href":"https:\/\/api.w.org\/{rel}","templated":true}]}}