{"id":129369,"date":"2014-08-07T12:09:30","date_gmt":"2014-08-07T15:09:30","guid":{"rendered":"https:\/\/350.org\/pt\/?page_id=129369"},"modified":"2014-08-07T12:11:55","modified_gmt":"2014-08-07T15:11:55","slug":"tres-empresas-bancam-65-da-arrecadacao-de-presidenciaveis","status":"publish","type":"page","link":"https:\/\/350.org\/pt\/tres-empresas-bancam-65-da-arrecadacao-de-presidenciaveis\/","title":{"rendered":"Tr\u00eas empresas bancam 65% da arrecada\u00e7\u00e3o de presidenci\u00e1veis"},"content":{"rendered":"<p>Tr\u00eas empresas \u2013a JBS, dona da marca Friboi, a\u00a0fabricante de bebidas Ambev, e a construtora OAS\u2013<br \/>\ns\u00e3o respons\u00e1veis por 65% do financiamento das\u00a0campanhas eleitorais pela Presid\u00eancia da Rep\u00fablica<br \/>\nat\u00e9 aqui.\u00a0O dado \u00e9 da primeira rodada de presta\u00e7\u00f5es de contas\u00a0das campanhas, conjunto de informa\u00e7\u00f5es divulgado\u00a0nesta quarta-feira (6) pelo TSE (Tribunal Superior\u00a0Eleitoral).<\/p>\n<p>No total, os 11 candidatos a presidente e seus comit\u00eas financeiros arrecadaram\u00a0R$ 31,2 milh\u00f5es. As empresas s\u00e3o respons\u00e1veis por 91% desse total. Outros\u00a06% s\u00e3o de financiamento p\u00fablico, por meio dos Fundos Partid\u00e1rios. Pessoas\u00a0f\u00edsicas contribu\u00edram com os demais 3%.<img loading=\"lazy\" decoding=\"async\" class=\"aligncenter wp-image-129370 size-full\" src=\"https:\/\/350.org\/pt\/wp-content\/uploads\/sites\/12\/2014\/08\/142199.jpg\" alt=\"142199\" width=\"620\" height=\"839\" srcset=\"https:\/\/350.org\/pt\/wp-content\/uploads\/sites\/12\/2014\/08\/142199.jpg 620w, https:\/\/350.org\/pt\/wp-content\/uploads\/sites\/12\/2014\/08\/142199-110x150.jpg 110w, https:\/\/350.org\/pt\/wp-content\/uploads\/sites\/12\/2014\/08\/142199-221x300.jpg 221w, https:\/\/350.org\/pt\/wp-content\/uploads\/sites\/12\/2014\/08\/142199-295x400.jpg 295w, https:\/\/350.org\/pt\/wp-content\/uploads\/sites\/12\/2014\/08\/142199-591x800.jpg 591w\" sizes=\"auto, (max-width: 620px) 100vw, 620px\" \/><\/p>\n<p>A JBS lidera o ranking de financiadores. Foi a empresa que mais doou para a\u00a0presidente Dilma Rousseff (R$ 5 milh\u00f5es), a que mais doou para o senador\u00a0tucano A\u00e9cio Neves (tamb\u00e9m R$ 5 milh\u00f5es) e ainda a segunda da lista do\u00a0candidato do PSB, Eduardo Campos (R$ 1 milh\u00e3o).\u00a0Os R$ 11 milh\u00f5es investidos pela JBS representam 35% do total geral desta\u00a0primeira rodada de contas eleitorais. Por meio de sua assessoria, a empresa\u00a0informou que &#8220;faz esse tipo de doa\u00e7\u00e3o h\u00e1 bastante tempo&#8221; para &#8220;participar do\u00a0processo pol\u00edtico&#8221;.\u00a0&#8220;Nossas doa\u00e7\u00f5es seguem as rela\u00e7\u00f5es que mantemos com os partidos, tanto\u00a0nacionalmente quanto nos Estados&#8221;, disse. &#8220;As doa\u00e7\u00f5es ao PT e ao PSDB\u00a0foram maiores por conta da maior presen\u00e7a e pulveriza\u00e7\u00e3o desses partidos no\u00a0pa\u00eds&#8221;, disse a firma.<\/p>\n<p>A empresa disse que ainda ir\u00e1 avaliar se far\u00e1 novas contribui\u00e7\u00f5es aos\u00a0candidatos nas pr\u00f3ximas semanas. A Ambev repassou um total de R$ 6,7\u00a0milh\u00f5es aos presidenci\u00e1veis do PT, PSDB e PSB. A OAS deu R$ 2,6 milh\u00f5es, somando as contribui\u00e7\u00f5es para A\u00e9cio e Campos.<\/p>\n<p>A Folha procurou representantes dessas duas empresas para comentar, mas\u00a0n\u00e3o teve resposta at\u00e9 o fechamento desta edi\u00e7\u00e3o.\u00a0Presume-se que os candidatos e seus comit\u00eas receber\u00e3o muito mais dinheiro\u00a0ao longo da campanha. Na elei\u00e7\u00e3o presidencial de 2010, a primeira parcial de\u00a0contas representou 8,1% do total arrecadado at\u00e9 o fim da disputa.\u00a0Na ocasi\u00e3o, a concentra\u00e7\u00e3o do financiamento em poucas empresas tamb\u00e9m j\u00e1\u00a0chamava a aten\u00e7\u00e3o desde a primeira parcial, mas era um pouco menos\u00a0intensa: os tr\u00eas maiores doadores respondiam por 56% do total.<\/p>\n<p>CANDIDATOS<br \/>\nAt\u00e9 agora, A\u00e9cio lidera a corrida pelo dinheiro, com R$ 11 milh\u00f5es\u00a0arrecadados. Dilma conseguiu R$ 10,1 milh\u00f5es. Eduardo Campos, R$ 8,2\u00a0milh\u00f5es. Juntos, os tr\u00eas representam 94% do total.\u00a0O tucano tamb\u00e9m lidera o ranking de gastos entre os presidenci\u00e1veis. Seu\u00a0comit\u00ea registrou despesas de R$ 6,6 milh\u00f5es at\u00e9 o momento. O maior gasto foi\u00a0com a empresa 2014 Comunica\u00e7\u00e3o (R$ 3,7 milh\u00f5es). No rol de despesas de\u00a0A\u00e9cio constam tamb\u00e9m R$ 319,2 mil para uma empresa que freta jatos.\u00a0Campos afirma j\u00e1 ter comprometido R$ 5,2 milh\u00f5es. Desse total, ele repassou\u00a0R$ 500 mil a candidatos do aliado PPS. Na presta\u00e7\u00e3o de contas divulgada\u00a0nesta quarta, a campanha de Dilma declarou gastos de apenas R$ 86 mil.<\/p>\n<p>FONTE: <a href=\"https:\/\/www1.folha.uol.com.br\/poder\/2014\/08\/1496943-tres-empresas-bancam-65-da-arrecadacao-de-presidenciaveis.shtml\" target=\"_blank\">FOLHA DE S.PAULO<\/a><\/p>\n<p>&nbsp;<\/p>\n","protected":false},"excerpt":{"rendered":"<p>Tr\u00eas empresas \u2013a JBS, dona da marca Friboi, a\u00a0fabricante de bebidas Ambev, e a construtora OAS\u2013 s\u00e3o respons\u00e1veis por 65%<span class=\"text-cutoff\">&#8230;<\/span><\/p>\n","protected":false},"author":16295,"featured_media":129370,"parent":0,"menu_order":0,"comment_status":"open","ping_status":"open","template":"","meta":{"_acf_changed":false,"footnotes":""},"class_list":["post-129369","page","type-page","status-publish","has-post-thumbnail","hentry"],"acf":[],"yoast_head":"<!-- This site is optimized with the Yoast SEO Premium plugin v26.9 (Yoast SEO v27.5) - https:\/\/yoast.com\/product\/yoast-seo-premium-wordpress\/ -->\n<title>Tr\u00eas empresas bancam 65% da arrecada\u00e7\u00e3o de presidenci\u00e1veis - 350 Portugu\u00eas<\/title>\n<meta name=\"robots\" content=\"index, follow, max-snippet:-1, max-image-preview:large, max-video-preview:-1\" \/>\n<link rel=\"canonical\" href=\"https:\/\/350.org\/pt\/tres-empresas-bancam-65-da-arrecadacao-de-presidenciaveis\/\" \/>\n<meta property=\"og:locale\" content=\"pt_BR\" \/>\n<meta property=\"og:type\" content=\"article\" \/>\n<meta property=\"og:title\" content=\"Tr\u00eas empresas bancam 65% da arrecada\u00e7\u00e3o de presidenci\u00e1veis\" \/>\n<meta property=\"og:description\" content=\"Tr\u00eas empresas \u2013a JBS, dona da marca Friboi, a\u00a0fabricante de bebidas Ambev, e a construtora OAS\u2013 s\u00e3o respons\u00e1veis por 65%...\" \/>\n<meta property=\"og:url\" content=\"https:\/\/350.org\/pt\/tres-empresas-bancam-65-da-arrecadacao-de-presidenciaveis\/\" \/>\n<meta property=\"og:site_name\" content=\"350 Portugu\u00eas\" \/>\n<meta property=\"article:modified_time\" content=\"2014-08-07T15:11:55+00:00\" \/>\n<meta property=\"og:image\" content=\"https:\/\/350.org\/pt\/wp-content\/uploads\/sites\/12\/2014\/08\/142199.jpg\" \/>\n\t<meta property=\"og:image:width\" content=\"620\" \/>\n\t<meta property=\"og:image:height\" content=\"839\" \/>\n\t<meta property=\"og:image:type\" content=\"image\/jpeg\" \/>\n<meta name=\"twitter:card\" content=\"summary_large_image\" \/>\n<meta name=\"twitter:label1\" content=\"Est. tempo de leitura\" \/>\n\t<meta name=\"twitter:data1\" content=\"3 minutos\" \/>\n<script type=\"application\/ld+json\" class=\"yoast-schema-graph\">{\"@context\":\"https:\\\/\\\/schema.org\",\"@graph\":[{\"@type\":\"WebPage\",\"@id\":\"https:\\\/\\\/350.org\\\/pt\\\/tres-empresas-bancam-65-da-arrecadacao-de-presidenciaveis\\\/\",\"url\":\"https:\\\/\\\/350.org\\\/pt\\\/tres-empresas-bancam-65-da-arrecadacao-de-presidenciaveis\\\/\",\"name\":\"Tr\u00eas empresas bancam 65% da arrecada\u00e7\u00e3o de presidenci\u00e1veis - 350 Portugu\u00eas\",\"isPartOf\":{\"@id\":\"https:\\\/\\\/350.org\\\/pt\\\/#website\"},\"primaryImageOfPage\":{\"@id\":\"https:\\\/\\\/350.org\\\/pt\\\/tres-empresas-bancam-65-da-arrecadacao-de-presidenciaveis\\\/#primaryimage\"},\"image\":{\"@id\":\"https:\\\/\\\/350.org\\\/pt\\\/tres-empresas-bancam-65-da-arrecadacao-de-presidenciaveis\\\/#primaryimage\"},\"thumbnailUrl\":\"https:\\\/\\\/350.org\\\/pt\\\/wp-content\\\/uploads\\\/sites\\\/12\\\/2014\\\/08\\\/142199.jpg\",\"datePublished\":\"2014-08-07T15:09:30+00:00\",\"dateModified\":\"2014-08-07T15:11:55+00:00\",\"breadcrumb\":{\"@id\":\"https:\\\/\\\/350.org\\\/pt\\\/tres-empresas-bancam-65-da-arrecadacao-de-presidenciaveis\\\/#breadcrumb\"},\"inLanguage\":\"pt-BR\",\"potentialAction\":[{\"@type\":\"ReadAction\",\"target\":[\"https:\\\/\\\/350.org\\\/pt\\\/tres-empresas-bancam-65-da-arrecadacao-de-presidenciaveis\\\/\"]}]},{\"@type\":\"ImageObject\",\"inLanguage\":\"pt-BR\",\"@id\":\"https:\\\/\\\/350.org\\\/pt\\\/tres-empresas-bancam-65-da-arrecadacao-de-presidenciaveis\\\/#primaryimage\",\"url\":\"https:\\\/\\\/350.org\\\/pt\\\/wp-content\\\/uploads\\\/sites\\\/12\\\/2014\\\/08\\\/142199.jpg\",\"contentUrl\":\"https:\\\/\\\/350.org\\\/pt\\\/wp-content\\\/uploads\\\/sites\\\/12\\\/2014\\\/08\\\/142199.jpg\",\"width\":620,\"height\":839},{\"@type\":\"BreadcrumbList\",\"@id\":\"https:\\\/\\\/350.org\\\/pt\\\/tres-empresas-bancam-65-da-arrecadacao-de-presidenciaveis\\\/#breadcrumb\",\"itemListElement\":[{\"@type\":\"ListItem\",\"position\":1,\"name\":\"Home\",\"item\":\"https:\\\/\\\/350.org\\\/pt\\\/\"},{\"@type\":\"ListItem\",\"position\":2,\"name\":\"Tr\u00eas empresas bancam 65% da arrecada\u00e7\u00e3o de presidenci\u00e1veis\"}]},{\"@type\":\"WebSite\",\"@id\":\"https:\\\/\\\/350.org\\\/pt\\\/#website\",\"url\":\"https:\\\/\\\/350.org\\\/pt\\\/\",\"name\":\"350 Portugu\u00eas\",\"description\":\"\",\"potentialAction\":[{\"@type\":\"SearchAction\",\"target\":{\"@type\":\"EntryPoint\",\"urlTemplate\":\"https:\\\/\\\/350.org\\\/pt\\\/?s={search_term_string}\"},\"query-input\":{\"@type\":\"PropertyValueSpecification\",\"valueRequired\":true,\"valueName\":\"search_term_string\"}}],\"inLanguage\":\"pt-BR\"}]}<\/script>\n<!-- \/ Yoast SEO Premium plugin. -->","yoast_head_json":{"title":"Tr\u00eas empresas bancam 65% da arrecada\u00e7\u00e3o de presidenci\u00e1veis - 350 Portugu\u00eas","robots":{"index":"index","follow":"follow","max-snippet":"max-snippet:-1","max-image-preview":"max-image-preview:large","max-video-preview":"max-video-preview:-1"},"canonical":"https:\/\/350.org\/pt\/tres-empresas-bancam-65-da-arrecadacao-de-presidenciaveis\/","og_locale":"pt_BR","og_type":"article","og_title":"Tr\u00eas empresas bancam 65% da arrecada\u00e7\u00e3o de presidenci\u00e1veis","og_description":"Tr\u00eas empresas \u2013a JBS, dona da marca Friboi, a\u00a0fabricante de bebidas Ambev, e a construtora OAS\u2013 s\u00e3o respons\u00e1veis por 65%...","og_url":"https:\/\/350.org\/pt\/tres-empresas-bancam-65-da-arrecadacao-de-presidenciaveis\/","og_site_name":"350 Portugu\u00eas","article_modified_time":"2014-08-07T15:11:55+00:00","og_image":[{"width":620,"height":839,"url":"https:\/\/350.org\/pt\/wp-content\/uploads\/sites\/12\/2014\/08\/142199.jpg","type":"image\/jpeg"}],"twitter_card":"summary_large_image","twitter_misc":{"Est. tempo de leitura":"3 minutos"},"schema":{"@context":"https:\/\/schema.org","@graph":[{"@type":"WebPage","@id":"https:\/\/350.org\/pt\/tres-empresas-bancam-65-da-arrecadacao-de-presidenciaveis\/","url":"https:\/\/350.org\/pt\/tres-empresas-bancam-65-da-arrecadacao-de-presidenciaveis\/","name":"Tr\u00eas empresas bancam 65% da arrecada\u00e7\u00e3o de presidenci\u00e1veis - 350 Portugu\u00eas","isPartOf":{"@id":"https:\/\/350.org\/pt\/#website"},"primaryImageOfPage":{"@id":"https:\/\/350.org\/pt\/tres-empresas-bancam-65-da-arrecadacao-de-presidenciaveis\/#primaryimage"},"image":{"@id":"https:\/\/350.org\/pt\/tres-empresas-bancam-65-da-arrecadacao-de-presidenciaveis\/#primaryimage"},"thumbnailUrl":"https:\/\/350.org\/pt\/wp-content\/uploads\/sites\/12\/2014\/08\/142199.jpg","datePublished":"2014-08-07T15:09:30+00:00","dateModified":"2014-08-07T15:11:55+00:00","breadcrumb":{"@id":"https:\/\/350.org\/pt\/tres-empresas-bancam-65-da-arrecadacao-de-presidenciaveis\/#breadcrumb"},"inLanguage":"pt-BR","potentialAction":[{"@type":"ReadAction","target":["https:\/\/350.org\/pt\/tres-empresas-bancam-65-da-arrecadacao-de-presidenciaveis\/"]}]},{"@type":"ImageObject","inLanguage":"pt-BR","@id":"https:\/\/350.org\/pt\/tres-empresas-bancam-65-da-arrecadacao-de-presidenciaveis\/#primaryimage","url":"https:\/\/350.org\/pt\/wp-content\/uploads\/sites\/12\/2014\/08\/142199.jpg","contentUrl":"https:\/\/350.org\/pt\/wp-content\/uploads\/sites\/12\/2014\/08\/142199.jpg","width":620,"height":839},{"@type":"BreadcrumbList","@id":"https:\/\/350.org\/pt\/tres-empresas-bancam-65-da-arrecadacao-de-presidenciaveis\/#breadcrumb","itemListElement":[{"@type":"ListItem","position":1,"name":"Home","item":"https:\/\/350.org\/pt\/"},{"@type":"ListItem","position":2,"name":"Tr\u00eas empresas bancam 65% da arrecada\u00e7\u00e3o de presidenci\u00e1veis"}]},{"@type":"WebSite","@id":"https:\/\/350.org\/pt\/#website","url":"https:\/\/350.org\/pt\/","name":"350 Portugu\u00eas","description":"","potentialAction":[{"@type":"SearchAction","target":{"@type":"EntryPoint","urlTemplate":"https:\/\/350.org\/pt\/?s={search_term_string}"},"query-input":{"@type":"PropertyValueSpecification","valueRequired":true,"valueName":"search_term_string"}}],"inLanguage":"pt-BR"}]}},"_links":{"self":[{"href":"https:\/\/350.org\/pt\/wp-json\/wp\/v2\/pages\/129369","targetHints":{"allow":["GET"]}}],"collection":[{"href":"https:\/\/350.org\/pt\/wp-json\/wp\/v2\/pages"}],"about":[{"href":"https:\/\/350.org\/pt\/wp-json\/wp\/v2\/types\/page"}],"author":[{"embeddable":true,"href":"https:\/\/350.org\/pt\/wp-json\/wp\/v2\/users\/16295"}],"replies":[{"embeddable":true,"href":"https:\/\/350.org\/pt\/wp-json\/wp\/v2\/comments?post=129369"}],"version-history":[{"count":0,"href":"https:\/\/350.org\/pt\/wp-json\/wp\/v2\/pages\/129369\/revisions"}],"wp:featuredmedia":[{"embeddable":true,"href":"https:\/\/350.org\/pt\/wp-json\/wp\/v2\/media\/129370"}],"wp:attachment":[{"href":"https:\/\/350.org\/pt\/wp-json\/wp\/v2\/media?parent=129369"}],"curies":[{"name":"wp","href":"https:\/\/api.w.org\/{rel}","templated":true}]}}