{"id":132430,"date":"2017-09-01T18:31:07","date_gmt":"2017-09-01T21:31:07","guid":{"rendered":"https:\/\/350.org\/pt\/?page_id=132430"},"modified":"2023-10-24T10:00:44","modified_gmt":"2023-10-24T13:00:44","slug":"conselho","status":"publish","type":"page","link":"https:\/\/350.org\/pt\/conselho\/","title":{"rendered":"Conselho"},"content":{"rendered":"<h2 class=\"meta\">Conselho<\/h2>\n<div class=\"board-member margin-bottom-large clearfix\">\n<div class=\"board-img c2 ct2_5 cm3_3\"><img loading=\"lazy\" decoding=\"async\" class=\" alignleft wp-image-34472\" src=\"https:\/\/350.org\/wp-content\/uploads\/2021\/10\/Rashmi.jpg\" alt=\"Lidy photo 1\" width=\"189\" height=\"176\" \/><\/div>\n<div class=\"c8 ct7_5 cm10\">\n<h3 class=\"margin-bottom-none\">Rashmi Mistry<\/h3>\n<h5>Presidente do Conselho<\/h5>\n<p>Residente na \u00c1frica do Sul nos \u00faltimos 11 anos, Rashmi liderou campanhas de desenvolvimento internacional por v\u00e1rios anos e, atualmente, \u00e9 cofundadora do coletivo multidisciplinar Better by Codesign. Foi o chefe da campanha global GROW, da Oxfam, sobre alimentos e justi\u00e7a clim\u00e1tica, tendo liderado as campanhas da organiza\u00e7\u00e3o sobre clima, fome, direitos de terras, agricultura sustent\u00e1vel e direitos das mulheres produtoras de pequena escala. Sua carreira come\u00e7ou no setor privado, em m\u00eddia e comunica\u00e7\u00f5es, antes de passar para o setor de ONGs, primeiro na CAFOD, gerenciando campanhas sobre extrativos, assist\u00eancia humanit\u00e1ria e clima, antes de ir para a Civicus para liderar uma campanha global de direitos humanos. Em 2011, Rashmi ingressou na Oxfam na \u00c1frica do Sul como l\u00edder de clima, trabalhando com comunidades de mulheres e ativistas em mudan\u00e7as de pol\u00edticas nacionais e globais. Ela ingressou na Oxfam International em 2014 para apoiar a lideran\u00e7a da campanha do sul.<br \/>\nRashmi \u00e9 uma defensora apaixonada de que as vozes das mulheres e das pessoas mais afetadas pela crise clim\u00e1tica sejam centrais na pol\u00edtica e nas tomadas de decis\u00f5es.<\/p>\n<\/div>\n<\/div>\n<div class=\"board-member margin-bottom-large clearfix\">\n<div class=\"board-img c2 ct2_5 cm3_3\"><img loading=\"lazy\" decoding=\"async\" class=\"alignnone wp-image-47471\" src=\"https:\/\/350.org\/wp-content\/uploads\/2020\/12\/China-Brotsky.png\" width=\"200\" height=\"200\" \/><\/div>\n<div class=\"c8 ct7_5 cm10\">\n<h3 class=\"margin-bottom-none\">China Brotsky<\/h3>\n<h5>Vice-Presidente e Tesoureira<\/h5>\n<p>China Brotsky \u00e9 uma l\u00edder ativa no movimento de justi\u00e7a social global que usa suas habilidades em finan\u00e7as, opera\u00e7\u00f5es e governan\u00e7a para apoiar organiza\u00e7\u00f5es nos movimentos de justi\u00e7a ambiental, clima, poder anticorporativo e direitos dos imigrantes. Recentemente, foi l\u00edder s\u00eanior da SumOfUs, uma organiza\u00e7\u00e3o global de responsabilidade corporativa online. Al\u00e9m de atuar na 350.org, tamb\u00e9m se dedica ao Conselho de Diretores da ACLU do Norte da Calif\u00f3rnia e ao Oasis Legal Services, um escrit\u00f3rio de advocacia sem fins lucrativos que fornece servi\u00e7os de pedido de asilo para refugiados LGBTQIA+. Por mais de 20 anos, participou da lideran\u00e7a executiva da Tides. Seu trabalho incluiu a constru\u00e7\u00e3o de uma rede binacional de aprendizagem entre pares em um espa\u00e7o colaborativo e um aplicativo de doa\u00e7\u00e3o online para organiza\u00e7\u00f5es de justi\u00e7a social. Tamb\u00e9m foi uma das fundadoras do Grupo de Ecologia Pol\u00edtica, uma organiza\u00e7\u00e3o de justi\u00e7a ambiental da regi\u00e3o de S\u00e3o Francisco, na Calif\u00f3rnia, e atuou nos conselhos de CorpWatch, Global Greengrants Fund e Greenpeace EUA. Em 2020, integrou a Seed The Vote para apoiar o trabalho eleitoral de organiza\u00e7\u00f5es de base nos estados do Arizona, Fl\u00f3rida, Ge\u00f3rgia e Pensilv\u00e2nia.<\/p>\n<\/div>\n<\/div>\n<div class=\"board-img c2 ct2_5 cm3_3\"><img loading=\"lazy\" decoding=\"async\" class=\" alignleft wp-image-34472\" src=\"https:\/\/350.org\/wp-content\/uploads\/2021\/11\/IMG-0732-scaled.jpg\" alt=\"Lidy photo 1\" width=\"189\" height=\"176\" \/><\/div>\n<div class=\"c8 ct7_5 cm10\">\n<h3 class=\"margin-bottom-none\">Daniela Costa<\/h3>\n<h5>Secret\u00e1ria<\/h5>\n<p dir=\"ltr\">Daniela Costa vive em S\u00e3o Paulo. Atualmente Daniela Pais Costa \u00e9 Gerente S\u00eanior de Desenvolvimento para as Am\u00e9ricas do Greenpeace Internacional. Tem mais de 15 anos de experi\u00eancia em quest\u00f5es de direitos humanos e justi\u00e7a social em n\u00edvel global, regional e nacional. Integrou e liderou uma das mudan\u00e7as organizacionais mais pioneiras no setor de desenvolvimento: a internacionaliza\u00e7\u00e3o da ActionAid. Mais tarde, liderou a transi\u00e7\u00e3o da Oxfam multi-afiliada para uma Oxfam na regi\u00e3o sul da \u00c1frica. Antes de atuar no Greenpeace, trabalhou no Making All Voices Count, um programa inovador que testa e documenta aprendizados em torno de quest\u00f5es sobre se a tecnologia pode promover transpar\u00eancia e responsabilidade. Costa trabalhou com organiza\u00e7\u00f5es de mais de 20 pa\u00edses, apoiando organiza\u00e7\u00f5es e lideran\u00e7as com foco no desenvolvimento de estrat\u00e9gias e programas, lideran\u00e7a em conselhos e processos de mudan\u00e7a.<\/p>\n<p dir=\"ltr\">\n<\/div>\n<div class=\"board-member margin-bottom-large clearfix\">\n<div class=\"board-member margin-bottom-large clearfix\">\n<div class=\"board-img c2 ct2_5 cm3_3\"><img loading=\"lazy\" decoding=\"async\" class=\" alignleft wp-image-34472\" src=\"https:\/\/350.org\/wp-content\/uploads\/2020\/05\/Chibeze-headshot-scaled.jpg\" alt=\"Lidy photo 1\" width=\"189\" height=\"176\" \/><\/div>\n<div class=\"c8 ct7_5 cm10\">\n<h3 class=\"margin-bottom-none\">Chibeze Ezekiel<\/h3>\n<p dir=\"ltr\">Chibeze \u00e9 coordenador executivo da Strategic Youth Network for Development e l\u00edder da 350 Gana (GROC) h\u00e1 muitos anos. Ele \u00e9 certificado como Youth Master Trainer em Mudan\u00e7as Clim\u00e1ticas pelo Instituto Banco Mundial e pelo British Council. Com experi\u00eancia pr\u00e1tica e profundo conhecimento em uma ampla gama de projetos de desenvolvimento, ele atua em uma s\u00e9rie de plataformas, oferecendo apoio na promo\u00e7\u00e3o de boa governan\u00e7a no setor ambiental de Gana, especificamente em mudan\u00e7as clim\u00e1ticas, diversidade biol\u00f3gica, silvicultura e acesso \u00e0 energia pela perspectiva dos jovens.<\/p>\n<\/div>\n<\/div>\n<div class=\"board-member margin-bottom-large clearfix\">\n<div class=\"board-img c2 ct2_5 cm3_3\"><img loading=\"lazy\" decoding=\"async\" class=\" alignleft wp-image-34472\" src=\"https:\/\/350.org\/wp-content\/uploads\/2020\/05\/ELLEN-Sprenger-headshot.jpeg\" alt=\"Lidy photo 1\" width=\"189\" height=\"176\" \/><\/div>\n<div class=\"c8 ct7_5 cm10\">\n<h3 class=\"margin-bottom-none\">Ellen Sprenger<\/h3>\n<p>Ellen Sprenger \u00e9 uma estrategista e defensora da justi\u00e7a social e clim\u00e1tica. Fundou a Spring em 2004, onde desde ent\u00e3o atua como CEO. Acredita no potencial humano e na capacidade coletiva de resolver os problemas de nosso tempo. \u00c9 otimista, curiosa, criativa, entusiasta do caf\u00e9 expresso e meditadora \u00e1vida. Suas \u00e1reas de especializa\u00e7\u00e3o incluem facilita\u00e7\u00e3o de confer\u00eancias com v\u00e1rios atores, desenvolvimento de cen\u00e1rios futuros, fortalecimento da inova\u00e7\u00e3o financeira e resili\u00eancia para organiza\u00e7\u00f5es de justi\u00e7a em todo o mundo e coaching executivo. Anteriormente, ocupou v\u00e1rios cargos de gest\u00e3o na Oxfam-Novib e foi diretora-executiva da Mama Cash, uma funda\u00e7\u00e3o feminista com sede em Amsterd\u00e3. Tem mestrado em Estudos de Desenvolvimento, MBA pela Erasmus University e \u00e9 Integral Master Coach\u2122 e Certified Integral Facilitator\u2122. De origem holandesa e canadense, Ellen morou na Tanz\u00e2nia, na \u00c1frica do Sul e nos Estados Unidos.<\/p>\n<\/div>\n<\/div>\n<div class=\"board-img c2 ct2_5 cm3_3\"><img loading=\"lazy\" decoding=\"async\" class=\"wp-image-32229\" src=\"https:\/\/350.org\/wp-content\/uploads\/2013\/11\/Jessy-Head-Shot-resized1-300x260.jpg\" sizes=\"auto, (max-width: 218px) 100vw, 218px\" srcset=\"https:\/\/350.org\/wp-content\/uploads\/2013\/11\/Jessy-Head-Shot-resized1-300x260.jpg 300w, https:\/\/350.org\/wp-content\/uploads\/2013\/11\/Jessy-Head-Shot-resized1-172x150.jpg 172w, https:\/\/350.org\/wp-content\/uploads\/2013\/11\/Jessy-Head-Shot-resized1-1024x888.jpg 1024w, https:\/\/350.org\/wp-content\/uploads\/2013\/11\/Jessy-Head-Shot-resized1-430x372.jpg 430w, https:\/\/350.org\/wp-content\/uploads\/2013\/11\/Jessy-Head-Shot-resized1-922x800.jpg 922w\" alt=\"Jessy Head Shot resized\" width=\"218\" height=\"189\" \/><\/div>\n<div class=\"c8 ct7_5 cm10\">\n<h3 class=\"margin-bottom-none\">Jessy Tolkan<\/h3>\n<p>Atualmente focada em tornar a ind\u00fastria automobil\u00edstica mais sustent\u00e1vel, Jessy passou a \u00faltima d\u00e9cada liderando um movimento que buscava gerar mudan\u00e7as progressivas. Recentemente, Jessy atuou como codiretora executiva do Citizen Engagement Laboratory. Ela foi membro s\u00eanior da consultoria New Organizing Institute para a constru\u00e7\u00e3o de infraestrutura progressiva, o voto juvenil de 2012 e os pr\u00f3ximos passos dos setores clim\u00e1tico e de energia. Antes de se concentrar no movimento progressivo como um todo, Jessy foi diretora executiva da Energy Action Coalition.<\/p>\n<p>&nbsp;<\/p>\n<\/div>\n<\/div>\n<div class=\"board-member margin-bottom-large clearfix\">\n<div class=\"board-img c2 ct2_5 cm3_3\"><img loading=\"lazy\" decoding=\"async\" class=\"alignleft wp-image-30685\" src=\"https:\/\/350.org\/wp-content\/uploads\/2013\/11\/kc-golden.jpg\" alt=\"kc-golden\" width=\"259\" height=\"191\" \/><\/div>\n<div class=\"c8 ct7_5 cm10\">\n<h3 class=\"margin-bottom-none\">KC Golden<\/h3>\n<p>KC \u00e9 um l\u00edder ativo no movimento clim\u00e1tico nacional dos EUA e atuou como presidente do conselho da 350 de 2015 a 2020. Tamb\u00e9m tem sido ativo no setor de servi\u00e7os p\u00fablicos, ajudando a Seattle City Light a se tornar a primeira grande concession\u00e1ria de energia el\u00e9trica livre de carbono no final da d\u00e9cada de 1990. Fez campanha por solu\u00e7\u00f5es de energia e justi\u00e7a clim\u00e1ticanos n\u00edveis estadual e local no noroeste dos EUA e atuou como diretor de pol\u00edtica energ\u00e9tica do estado de Washington<\/p>\n<\/div>\n<\/div>\n<div class=\"board-member margin-bottom-large clearfix\">\n<div class=\"board-img c2 ct2_5 cm3_3\"><img loading=\"lazy\" decoding=\"async\" class=\" alignleft wp-image-34472\" src=\"https:\/\/350.org\/wp-content\/uploads\/2020\/05\/Terry-O-headshot.png\" alt=\"Lidy photo 1\" width=\"189\" height=\"176\" \/><\/div>\n<div class=\"c8 ct7_5 cm10\">\n<h3 class=\"margin-bottom-none\">Terry Odendahl<\/h3>\n<p>Terry passou mais de 50 anos fazendo a ponte entre os mundos natural e humano. Ela \u00e9 presidenta e CEO aposentada do Global Greengrants Fund, onde atuou por mais de uma d\u00e9cada. Antrop\u00f3loga de forma\u00e7\u00e3o, ocupou cargos no corpo docente do Instituto de Pol\u00edticas P\u00fablicas da Universidade de Georgetown; da Universidade da Calif\u00f3rnia, San Diego; e da Universidade Yale. \u00c9 autora e editora de quatro livros: \u201cCharity Begins at Home: Generosity and Self-Interest Among the Philanthropic Elite\u201d; \u201cAmerica\u2019s Wealthy and the Future of Foundations\u201d; \u201cWomen and Power in the Nonprofit Sector\u201d; e \u201cCareer Patterns in Philanthropy\u201d. Publicou artigos de opini\u00e3o para The Guardian, EcoWatch, The Chronicle of Philanthropy, The New York Times, Alliance Magazine e outros ve\u00edculos. Terry dirigiu a National Network of Grantmakers na d\u00e9cada de 1990 e trabalhou como gerente de programa na Funda\u00e7\u00e3o Wyss, dedicando-se \u00e0 prote\u00e7\u00e3o de terras p\u00fablicas no oeste dos Estados Unidos, no in\u00edcio deste s\u00e9culo. Terry \u00e9 cofundadora do Institute for Women\u2019s Policy Research, em Washington, e do Institute for Collaborative Change, no estado do Novo M\u00e9xico. Al\u00e9m de atuar na 350, dedica-se atualmente aos conselhos da Save the Colorado e da EDGE Funders Alliance.<\/p>\n<\/div>\n<\/div>\n<div class=\"board-member margin-bottom-large clearfix\">\n<div class=\"board-img c2 ct2_5 cm3_3\"><img loading=\"lazy\" decoding=\"async\" class=\" alignleft wp-image-34472\" src=\"https:\/\/350.org\/wp-content\/uploads\/2021\/10\/Yeb.jpg\" alt=\"Lidy photo 1\" width=\"189\" height=\"176\" \/><\/div>\n<div class=\"c8 ct7_5 cm10\">\n<h3 class=\"margin-bottom-none\">Yeb Sa\u00f1o<\/h3>\n<p>Yeb Madla Sa\u00f1o \u00e9 um ativista da justi\u00e7a clim\u00e1tica das Filipinas e atualmente atua como diretor executivo do Greenpeace no Sudeste Asi\u00e1tico. Tamb\u00e9m \u00e9 o vice-presidente do Conselho do Movimento Laudato Si\u2019(o Movimento Cat\u00f3lico Global pelo Clima). Anteriormente, foi comiss\u00e1rio da Comiss\u00e3o de Mudan\u00e7as Clim\u00e1ticas das Filipinas, o principal \u00f3rg\u00e3o governamental de formula\u00e7\u00e3o de pol\u00edticas sobre mudan\u00e7as clim\u00e1ticas do pa\u00eds. Yeb foi o negociador-chefe das Filipinas na Conven\u00e7\u00e3o-Quadro das Na\u00e7\u00f5es Unidas sobre Mudan\u00e7as Clim\u00e1ticas (CQNUMC) e ficou amplamente conhecido por defender a justi\u00e7a clim\u00e1tica nas negocia\u00e7\u00f5es do clima. Tamb\u00e9m atuou como presidente do Programa de Trabalho Financeiro de Longo Prazo da CQNUMC. Tem trabalhado com comunidades locais e organismos internacionais por mais de 25 anos, lidando com quest\u00f5es nacionais e internacionais ligadas \u00e0 pol\u00edtica clim\u00e1tica, energia limpa, finan\u00e7as internacionais, biodiversidade, conserva\u00e7\u00e3o marinha, redu\u00e7\u00e3o de risco de desastres e governan\u00e7a, incluindo uma passagem como diretor do Programa de Clima e Energia do Fundo Mundial para a Natureza. Yeb liderou uma caminhada de 1.500 quil\u00f4metros com outros ativistas do clima de Roma a Paris em 2015. Tamb\u00e9m \u00e9 um mergulhador \u00e1vido, fot\u00f3grafo da vida selvagem, ciclista, pintor e acredita firmemente no fortalecimento da comunidade.<\/p>\n<\/div>\n<\/div>\n<div class=\"board-member margin-bottom-large clearfix\"><!-- div class=\"board-img c2 ct2_5 cm3_3\"><img loading=\"lazy\" decoding=\"async\" class=\" alignleft wp-image-34472\" src=\"https:\/\/350.org\/wp-content\/uploads\/2021\/10\/Yiting.jpg\" alt=\"Lidy photo 1\" width=\"189\" height=\"176\" \/><\/div>\n\n\n\n\n<div class=\"c8 ct7_5 cm10\">\n\n\n<h3 class=\"margin-bottom-none\">Yiting Wang<\/h3>\n\n\nYiting \u00e9 uma estrategista clim\u00e1tica do sudoeste da China. Sentiu-se inspirada a seguir carreira nas \u00e1rea de clima e sustentabilidade quando participou da Confer\u00eancia Powershift e se conectou com jovens ativistas de todo o mundo quando ainda era uma estudante nos Estados Unidos. Desde ent\u00e3o, sua busca por solu\u00e7\u00f5es clim\u00e1ticas e de desenvolvimento sustent\u00e1vel a levou por todo o mundo. Passou um tempo pesquisando na \u00cdndia e na \u00c1frica Oriental, explorando as maneiras pelas quais a transforma\u00e7\u00e3o de equipamentos de cozinha poderia servir como uma vit\u00f3ria para a sustentabilidade e a sa\u00fade das mulheres. Trabalhando com o WWF e com o Projeto Sunrise, fomentou iniciativas de m\u00faltiplas partes interessadas e coaliz\u00f5es globais para promover investimentos mais verdes em energia e com\u00e9rcio respons\u00e1vel de commodities entre a China e outros pa\u00edses em desenvolvimento. Tamb\u00e9m faz parte do conselho da China Youth Climate Action Network, com sede em Pequim.\n\n<\/div --><\/div>\n<h2 class=\"meta\">Emeritus<\/h2>\n<div class=\"board-member margin-bottom-large clearfix\">\n<div class=\"board-img c2 ct2_5 cm3_3\"><img loading=\"lazy\" decoding=\"async\" class=\"alignleft\" src=\"https:\/\/350.org\/wp-content\/uploads\/2013\/11\/bill2.jpg\" alt=\"Bill McKibben\" width=\"221\" height=\"147\" \/><\/div>\n<div class=\"c8 ct7_5 cm10\">\n<h3 class=\"margin-bottom-none\">Bill McKibben<\/h3>\n<p>Bill \u00e9 fundador e conselheiro s\u00eanior da 350.org, al\u00e9m de \u201cSchumann Distinguished Professor\u201d em resid\u00eancia na Middlebury College, no estado de Vermont, EUA. Em 2014, recebeu o pr\u00eamio Right Livelihood, tamb\u00e9m conhecido como \u201cNobel alternativo\u201d, e \u00e9 um dos fundadores do Instituto Sanders. Bill j\u00e1 escreveu diversos livros sobre o meio ambiente, incluindo <i>The End of Nature<\/i>, sua primeira obra, publicada h\u00e1 25 anos, e mais recentemente <i>Falter: Has the Human Game Begun to Play Itself Out?.<\/i><\/p>\n<\/div>\n<\/div>\n","protected":false},"excerpt":{"rendered":"<p>Conselho Rashmi Mistry Presidente do Conselho Residente na \u00c1frica do Sul nos \u00faltimos 11 anos, Rashmi liderou campanhas de desenvolvimento<span class=\"text-cutoff\">&#8230;<\/span><\/p>\n","protected":false},"author":10012064,"featured_media":0,"parent":0,"menu_order":0,"comment_status":"closed","ping_status":"closed","template":"","meta":{"_acf_changed":false,"footnotes":""},"class_list":["post-132430","page","type-page","status-publish","hentry"],"acf":[],"yoast_head":"<!-- This site is optimized with the Yoast SEO Premium plugin v26.9 (Yoast SEO v27.5) - https:\/\/yoast.com\/product\/yoast-seo-premium-wordpress\/ -->\n<title>Conselho - 350 Portugu\u00eas<\/title>\n<meta name=\"robots\" content=\"index, follow, max-snippet:-1, max-image-preview:large, max-video-preview:-1\" \/>\n<link rel=\"canonical\" href=\"https:\/\/350.org\/pt\/conselho\/\" \/>\n<meta property=\"og:locale\" content=\"pt_BR\" \/>\n<meta property=\"og:type\" content=\"article\" \/>\n<meta property=\"og:title\" content=\"Conselho\" \/>\n<meta property=\"og:description\" content=\"Conselho Rashmi Mistry Presidente do Conselho Residente na \u00c1frica do Sul nos \u00faltimos 11 anos, Rashmi liderou campanhas de desenvolvimento...\" \/>\n<meta property=\"og:url\" content=\"https:\/\/350.org\/pt\/conselho\/\" \/>\n<meta property=\"og:site_name\" content=\"350 Portugu\u00eas\" \/>\n<meta property=\"article:modified_time\" content=\"2023-10-24T13:00:44+00:00\" \/>\n<meta name=\"twitter:card\" content=\"summary_large_image\" \/>\n<meta name=\"twitter:label1\" content=\"Est. tempo de leitura\" \/>\n\t<meta name=\"twitter:data1\" content=\"8 minutos\" \/>\n<script type=\"application\/ld+json\" class=\"yoast-schema-graph\">{\"@context\":\"https:\\\/\\\/schema.org\",\"@graph\":[{\"@type\":\"WebPage\",\"@id\":\"https:\\\/\\\/350.org\\\/pt\\\/conselho\\\/\",\"url\":\"https:\\\/\\\/350.org\\\/pt\\\/conselho\\\/\",\"name\":\"Conselho - 350 Portugu\u00eas\",\"isPartOf\":{\"@id\":\"https:\\\/\\\/350.org\\\/pt\\\/#website\"},\"primaryImageOfPage\":{\"@id\":\"https:\\\/\\\/350.org\\\/pt\\\/conselho\\\/#primaryimage\"},\"image\":{\"@id\":\"https:\\\/\\\/350.org\\\/pt\\\/conselho\\\/#primaryimage\"},\"thumbnailUrl\":\"https:\\\/\\\/350.org\\\/wp-content\\\/uploads\\\/2021\\\/10\\\/Rashmi.jpg\",\"datePublished\":\"2017-09-01T21:31:07+00:00\",\"dateModified\":\"2023-10-24T13:00:44+00:00\",\"breadcrumb\":{\"@id\":\"https:\\\/\\\/350.org\\\/pt\\\/conselho\\\/#breadcrumb\"},\"inLanguage\":\"pt-BR\",\"potentialAction\":[{\"@type\":\"ReadAction\",\"target\":[\"https:\\\/\\\/350.org\\\/pt\\\/conselho\\\/\"]}]},{\"@type\":\"ImageObject\",\"inLanguage\":\"pt-BR\",\"@id\":\"https:\\\/\\\/350.org\\\/pt\\\/conselho\\\/#primaryimage\",\"url\":\"https:\\\/\\\/350.org\\\/wp-content\\\/uploads\\\/2021\\\/10\\\/Rashmi.jpg\",\"contentUrl\":\"https:\\\/\\\/350.org\\\/wp-content\\\/uploads\\\/2021\\\/10\\\/Rashmi.jpg\"},{\"@type\":\"BreadcrumbList\",\"@id\":\"https:\\\/\\\/350.org\\\/pt\\\/conselho\\\/#breadcrumb\",\"itemListElement\":[{\"@type\":\"ListItem\",\"position\":1,\"name\":\"Home\",\"item\":\"https:\\\/\\\/350.org\\\/pt\\\/\"},{\"@type\":\"ListItem\",\"position\":2,\"name\":\"Conselho\"}]},{\"@type\":\"WebSite\",\"@id\":\"https:\\\/\\\/350.org\\\/pt\\\/#website\",\"url\":\"https:\\\/\\\/350.org\\\/pt\\\/\",\"name\":\"350 Portugu\u00eas\",\"description\":\"\",\"potentialAction\":[{\"@type\":\"SearchAction\",\"target\":{\"@type\":\"EntryPoint\",\"urlTemplate\":\"https:\\\/\\\/350.org\\\/pt\\\/?s={search_term_string}\"},\"query-input\":{\"@type\":\"PropertyValueSpecification\",\"valueRequired\":true,\"valueName\":\"search_term_string\"}}],\"inLanguage\":\"pt-BR\"}]}<\/script>\n<!-- \/ Yoast SEO Premium plugin. -->","yoast_head_json":{"title":"Conselho - 350 Portugu\u00eas","robots":{"index":"index","follow":"follow","max-snippet":"max-snippet:-1","max-image-preview":"max-image-preview:large","max-video-preview":"max-video-preview:-1"},"canonical":"https:\/\/350.org\/pt\/conselho\/","og_locale":"pt_BR","og_type":"article","og_title":"Conselho","og_description":"Conselho Rashmi Mistry Presidente do Conselho Residente na \u00c1frica do Sul nos \u00faltimos 11 anos, Rashmi liderou campanhas de desenvolvimento...","og_url":"https:\/\/350.org\/pt\/conselho\/","og_site_name":"350 Portugu\u00eas","article_modified_time":"2023-10-24T13:00:44+00:00","twitter_card":"summary_large_image","twitter_misc":{"Est. tempo de leitura":"8 minutos"},"schema":{"@context":"https:\/\/schema.org","@graph":[{"@type":"WebPage","@id":"https:\/\/350.org\/pt\/conselho\/","url":"https:\/\/350.org\/pt\/conselho\/","name":"Conselho - 350 Portugu\u00eas","isPartOf":{"@id":"https:\/\/350.org\/pt\/#website"},"primaryImageOfPage":{"@id":"https:\/\/350.org\/pt\/conselho\/#primaryimage"},"image":{"@id":"https:\/\/350.org\/pt\/conselho\/#primaryimage"},"thumbnailUrl":"https:\/\/350.org\/wp-content\/uploads\/2021\/10\/Rashmi.jpg","datePublished":"2017-09-01T21:31:07+00:00","dateModified":"2023-10-24T13:00:44+00:00","breadcrumb":{"@id":"https:\/\/350.org\/pt\/conselho\/#breadcrumb"},"inLanguage":"pt-BR","potentialAction":[{"@type":"ReadAction","target":["https:\/\/350.org\/pt\/conselho\/"]}]},{"@type":"ImageObject","inLanguage":"pt-BR","@id":"https:\/\/350.org\/pt\/conselho\/#primaryimage","url":"https:\/\/350.org\/wp-content\/uploads\/2021\/10\/Rashmi.jpg","contentUrl":"https:\/\/350.org\/wp-content\/uploads\/2021\/10\/Rashmi.jpg"},{"@type":"BreadcrumbList","@id":"https:\/\/350.org\/pt\/conselho\/#breadcrumb","itemListElement":[{"@type":"ListItem","position":1,"name":"Home","item":"https:\/\/350.org\/pt\/"},{"@type":"ListItem","position":2,"name":"Conselho"}]},{"@type":"WebSite","@id":"https:\/\/350.org\/pt\/#website","url":"https:\/\/350.org\/pt\/","name":"350 Portugu\u00eas","description":"","potentialAction":[{"@type":"SearchAction","target":{"@type":"EntryPoint","urlTemplate":"https:\/\/350.org\/pt\/?s={search_term_string}"},"query-input":{"@type":"PropertyValueSpecification","valueRequired":true,"valueName":"search_term_string"}}],"inLanguage":"pt-BR"}]}},"_links":{"self":[{"href":"https:\/\/350.org\/pt\/wp-json\/wp\/v2\/pages\/132430","targetHints":{"allow":["GET"]}}],"collection":[{"href":"https:\/\/350.org\/pt\/wp-json\/wp\/v2\/pages"}],"about":[{"href":"https:\/\/350.org\/pt\/wp-json\/wp\/v2\/types\/page"}],"author":[{"embeddable":true,"href":"https:\/\/350.org\/pt\/wp-json\/wp\/v2\/users\/10012064"}],"replies":[{"embeddable":true,"href":"https:\/\/350.org\/pt\/wp-json\/wp\/v2\/comments?post=132430"}],"version-history":[{"count":0,"href":"https:\/\/350.org\/pt\/wp-json\/wp\/v2\/pages\/132430\/revisions"}],"wp:attachment":[{"href":"https:\/\/350.org\/pt\/wp-json\/wp\/v2\/media?parent=132430"}],"curies":[{"name":"wp","href":"https:\/\/api.w.org\/{rel}","templated":true}]}}