{"id":175520900,"date":"2024-12-03T11:03:25","date_gmt":"2024-12-03T14:03:25","guid":{"rendered":"https:\/\/350.org\/pt\/?page_id=175520900"},"modified":"2025-03-27T06:59:56","modified_gmt":"2025-03-27T09:59:56","slug":"onde-encontraremos-o-dinheiro","status":"publish","type":"page","link":"https:\/\/350.org\/pt\/rede-nossa-potencia-recursos\/onde-encontraremos-o-dinheiro\/","title":{"rendered":"Onde encontraremos o dinheiro?"},"content":{"rendered":"<p>Voc\u00ea tem um projeto. Voc\u00ea est\u00e1 procurando dinheiro.<\/p>\n<p>Antes de procurar dinheiro, voc\u00ea precisa elaborar um or\u00e7amento. Um or\u00e7amento deve registrar as despesas e os custos estimados para que algu\u00e9m possa ver para onde o dinheiro est\u00e1 indo.<\/p>\n<h1 class=\"wp-block-heading\">Etapa #1: Elaborar um or\u00e7amento<\/h1>\n<p>Seu or\u00e7amento deve incluir os diversos custos:<\/p>\n<ul class=\"wp-block-list\">\n<li>Local<\/li>\n<li>Design e engenharia, incluindo:\n<ul class=\"wp-block-list\">\n<li>turbina e\u00f3lica\/pain\u00e9is solares + inversores + sistemas de rastreamento<\/li>\n<li>Conex\u00f5es el\u00e9tricas<\/li>\n<li>projetos estruturais (novos telhados? estantes para os pain\u00e9is?)<\/li>\n<li>bateria de reserva?<\/li>\n<li>seguran\u00e7a\/seguran\u00e7a (por exemplo, parafusos de seguran\u00e7a para os pain\u00e9is)<\/li>\n<\/ul>\n<\/li>\n<li>Licen\u00e7as e aprova\u00e7\u00f5es\n<ul class=\"wp-block-list\">\n<li>quaisquer licen\u00e7as ambientais<\/li>\n<li>contratos de rede\/interconex\u00e3o<\/li>\n<\/ul>\n<\/li>\n<li>Inspe\u00e7\u00f5es e manuten\u00e7\u00e3o\n<ul class=\"wp-block-list\">\n<li>monitoramento do desempenho<\/li>\n<li>O sistema ter\u00e1 seguro contra roubo\/dano?<\/li>\n<li>manuten\u00e7\u00e3o do sistema (normalmente m\u00ednima para pain\u00e9is solares).<\/li>\n<\/ul>\n<\/li>\n<\/ul>\n<p>Ao analisar o or\u00e7amento, veja quais s\u00e3o suas necessidades e considere o que n\u00e3o \u00e9 necess\u00e1rio ou pode ser doado. Por exemplo, algumas comunidades reduziram substancialmente os custos de m\u00e3o de obra fazendo elas mesmas a instala\u00e7\u00e3o manual dos pain\u00e9is solares.<\/p>\n<h1 class=\"wp-block-heading\"><strong>Etapa #2: Pesquise como outros projetos semelhantes se financiaram<\/strong><\/h1>\n<p>Em\u00a0<a href=\"https:\/\/350.org\/pt\/nossa-potencia\/#toolkit\" data-type=\"post\" data-id=\"303\" data-wpel-link=\"internal\">O kit de ferramentas<\/a>\u00a0oferecemos hist\u00f3rias de como diferentes grupos conseguiram dinheiro. Por exemplo:<\/p>\n<blockquote class=\"wp-block-quote is-layout-flow wp-block-quote-is-layout-flow\"><p>Em Uganda, o acesso ao financiamento solar \u00e9 muito baixo. Assim\u00a0<a class=\"wpel-icon-right\" href=\"https:\/\/ashden.org\/awards\/winners\/power-for-all\/\" rel=\"external noopener noreferrer\" data-wpel-link=\"external\">O Power for All&#8217;s Utilities 2.0 elaborou um plano<\/a>\u00a0que re\u00fane uma coaliz\u00e3o entre a empresa de servi\u00e7os p\u00fablicos de grande escala e os programas de energia renov\u00e1vel menores e mais \u00e1geis. Sua primeira medida concreta foi executar um projeto piloto para apoiar novas pequenas empresas com uma microrrede solar. As receitas das &#8220;novas empresas criadas aumentaram em 68% durante o per\u00edodo piloto&#8221;. Isso tornou mais f\u00e1cil convencer as empresas a ajudar a colocar dinheiro na rede, o que beneficiou os cidad\u00e3os comuns que n\u00e3o tinham condi\u00e7\u00f5es de arcar com os custos iniciais. (&#8220;Entre os beneficiados est\u00e3o os alunos da escola local, que agora usa uma bomba el\u00e9trica para poupar os alunos de longas jornadas para coletar \u00e1gua. O vilarejo tamb\u00e9m tem ilumina\u00e7\u00e3o p\u00fablica pela primeira vez e uma m\u00e1quina comunit\u00e1ria de moagem e secagem para apoiar seus muitos agricultores locais&#8221;).<\/p>\n<p>Na Austr\u00e1lia, eles criaram uma estrutura de financiamento chamada\u00a0<a class=\"wpel-icon-right\" href=\"https:\/\/www.irena.org\/-\/media\/Files\/IRENA\/Coalition-for-Action\/IRENA_Coalition_Energy_Toolkit_2021.pdf?rev=7f4fbb8e2ffe4d208e7b70e4a768435d\" rel=\"external noopener noreferrer\" data-wpel-link=\"external\">Rede de Energia Renov\u00e1vel dos Cidad\u00e3os da Austr\u00e1lia<\/a>. Nesse caso, os fundos s\u00e3o doados por ONGs, empresas e cidad\u00e3os locais, e todo o dinheiro \u00e9 concedido como empr\u00e9stimos sem juros para cobrir os altos custos iniciais da energia renov\u00e1vel. Ap\u00f3s a instala\u00e7\u00e3o de uma fonte de energia renov\u00e1vel, parte de seus &#8220;lucros&#8221; com a energia volta para o fundo rotativo.<\/p><\/blockquote>\n<p>Recomendamos enfaticamente que voc\u00ea comece entrando em contato com outros projetos em sua \u00e1rea para obter algumas op\u00e7\u00f5es de como eles se financiaram.<\/p>\n<p>Muitos projetos se tornaram muito criativos em rela\u00e7\u00e3o \u00e0s diferentes formas de financiamento, e talvez voc\u00ea precise usar v\u00e1rios fluxos para financiar o projeto.<\/p>\n<p>Os principais fluxos s\u00e3o:<\/p>\n<ul class=\"wp-block-list\">\n<li><a href=\"https:\/\/ourownpower.org\/pt\/onde-encontraremos-o-dinheiro\/#1\">De dentro da comunidade<\/a><\/li>\n<li><a href=\"https:\/\/ourownpower.org\/pt\/onde-encontraremos-o-dinheiro\/#2\">De empresas de combust\u00edveis f\u00f3sseis<\/a><\/li>\n<li><a href=\"https:\/\/ourownpower.org\/pt\/onde-encontraremos-o-dinheiro\/#3\">Do governo<\/a><\/li>\n<li><a href=\"https:\/\/ourownpower.org\/pt\/onde-encontraremos-o-dinheiro\/#4\">De agentes externos<\/a><\/li>\n<\/ul>\n<h2 id=\"1\" class=\"wp-block-heading\"><strong>De dentro da comunidade<\/strong><\/h2>\n<p><em>Fundos rotativos.<\/em>\u00a0O projeto ainda pode ser iniciado, mas foi projetado para ser expandido (por exemplo, com uma turbina e\u00f3lica de cada vez ou alguns pain\u00e9is solares com um inversor superdimensionado). O projeto come\u00e7a pequeno, inicialmente com pessoas que podem pagar. Depois que a infraestrutura estiver instalada e funcionando, essas pessoas pagam uma pequena porcentagem para um fundo. Esse fundo ap\u00f3ia o projeto a ser expandido.<\/p>\n<p><em>Usar dinheiro de empresas locais que se beneficiam da energia.\u00a0<\/em>Especialmente em locais com eletricidade n\u00e3o confi\u00e1vel, a vis\u00e3o de uma rede est\u00e1vel \u00e9 muito atraente. A energia solar+e\u00f3lica com uma bateria de reserva proporciona um sistema muito confi\u00e1vel. Portanto, as empresas geralmente t\u00eam incentivos para investir em uma rede solar. \u00c0s vezes, elas podem ser persuadidas a compartilhar uma carga maior dos custos iniciais (custos est\u00e1veis que n\u00e3o aumentar\u00e3o, ao contr\u00e1rio dos geradores de reserva inst\u00e1veis + \u00f3leo\/g\u00e1s).<\/p>\n<p><em>Escala m\u00f3vel<\/em>. Nesse modelo, todos os que se beneficiar\u00e3o colocam algo no projeto. As pessoas que t\u00eam mais dinheiro investem mais. Para comunidades com uma variedade de riqueza, isso pode ajudar a compensar alguns dos custos iniciais.<\/p>\n<p><em>Escala m\u00f3vel<\/em>. Nesse modelo, todos os que se beneficiar\u00e3o colocam algo no projeto. As pessoas que t\u00eam mais dinheiro investem mais. Para comunidades com uma variedade de riqueza, isso pode ajudar a compensar alguns dos custos iniciais.<\/p>\n<h2 id=\"2\" class=\"wp-block-heading\"><strong>De empresas de combust\u00edveis f\u00f3sseis<\/strong><\/h2>\n<p><em>Poluidor-pagador<\/em>. Nesse modelo, \u00e9 realizada uma campanha para for\u00e7ar o setor de combust\u00edveis f\u00f3sseis a pagar. Isso requer um governo com vis\u00e3o de futuro ou uma comunidade muito poderosa. Exemplos disso: cidades que exigem que as usinas el\u00e9tricas fechadas paguem pelos custos de limpeza, remedia\u00e7\u00e3o e prepara\u00e7\u00e3o do local para abrigar campos solares ou, ap\u00f3s o fechamento de uma usina de carv\u00e3o, a cidade assume a propriedade do terreno para do\u00e1-lo a um fundo comunit\u00e1rio.<\/p>\n<h2 id=\"3\" class=\"wp-block-heading\"><strong>Do governo<\/strong><\/h2>\n<p><em>Subs\u00eddios e subven\u00e7\u00f5es<\/em>.\u00a0Provavelmente, esse deve ser o primeiro lugar a ser pesquisado.\u00a0Seus governos federal e local podem ter uma variedade de incidentes ou cr\u00e9ditos fiscais. Cada governo varia muito nesse aspecto. Alguns governos oferecem dinheiro direto ou impostos reduzidos para a instala\u00e7\u00e3o de energia renov\u00e1vel. Alguns oferecem descontos nos pr\u00f3prios pain\u00e9is. Alguns oferecem financiamento direto.<\/p>\n<figure class=\"wp-block-pullquote\">\n<blockquote><p>Net metering significa que uma resid\u00eancia ou empresa instalou uma fonte de energia renov\u00e1vel, como pain\u00e9is solares, que est\u00e3o conectados \u00e0 rede el\u00e9trica de seus servi\u00e7os p\u00fablicos. Esses pain\u00e9is solares ou turbinas e\u00f3licas, etc., podem gerar energia excedente ou extra que est\u00e1 acima e al\u00e9m do que a resid\u00eancia ou a comunidade usa. Quando isso acontece, a quantidade de energia extra \u00e9 transferida de volta para a rede el\u00e9trica e \u00e9 creditada na conta do cliente, o que gera uma &#8220;rede&#8221; ou um lucro para os propriet\u00e1rios dos pain\u00e9is solares.<\/p><\/blockquote>\n<\/figure>\n<p><em>Interrup\u00e7\u00f5es da empresa de servi\u00e7os p\u00fablicos<\/em>.\u00a0Essa \u00e9 outra \u00e1rea importante de pesquisa que voc\u00ea deve buscar se o seu sistema for conectado \u00e0 rede el\u00e9trica existente.\u00a0Suas empresas de servi\u00e7os de energia podem ser privadas ou p\u00fablicas. De qualquer forma, \u00e9 muito poss\u00edvel que elas tamb\u00e9m possam proporcionar economia de custos. A principal maneira \u00e9 por meio de um processo chamado &#8220;net metering&#8221;. Quando os pain\u00e9is solares produzem energia, parte dessa energia \u00e9 imediatamente usada pela casa\/comunidade. Se for produzida mais energia do que a utilizada, para onde ela vai? Pode ir para as baterias. Se n\u00e3o houver baterias (ou se elas estiverem cheias) e a energia n\u00e3o estiver conectada \u00e0 rede, ela ser\u00e1 desperdi\u00e7ada. Mas se esse excesso de energia for para a rede, poder\u00e1 ser usado onde quer que a rede esteja conectada.\u00a0<em>A medi\u00e7\u00e3o l\u00edquida \u00e9 (essencialmente) quando a rede precisa pagar aos produtores de energia solar por essa energia.<\/em>\u00a0As tarifas podem variar (tarifas de atacado ou varejo, etc.). Mas esses e outros incentivos podem mudar a efic\u00e1cia dos pain\u00e9is solares.\u00a0<a class=\"wpel-icon-right\" href=\"https:\/\/solartechadvisor.com\/net-metering\/\" rel=\"external noopener noreferrer\" data-wpel-link=\"external\">Voc\u00ea pode saber mais sobre medi\u00e7\u00e3o de rede aqui<\/a>\u00a0(ou\u00a0<a class=\"wpel-icon-right\" href=\"https:\/\/iea-pvps.org\/wp-content\/uploads\/2020\/01\/T9_NetMeteringAndPVDevelopmentInEmergingCountries_EN_Report.pdf\" rel=\"external noopener noreferrer\" data-wpel-link=\"external\">Leia estudos de caso mais detalhados aqui<\/a>).<\/p>\n<p><em>Parcerias p\u00fablicas\/privadas<\/em>. Os governos est\u00e3o sob press\u00e3o para mostrar que s\u00e3o &#8220;parte da solu\u00e7\u00e3o&#8221;. Mesmo que n\u00e3o tenham dinheiro, eles est\u00e3o motivados a mostrar que fazem parte da solu\u00e7\u00e3o da crise clim\u00e1tica. Portanto, eles podem estar dispostos a fazer parte do trabalho bra\u00e7al para encontrar dinheiro por meio de parcerias privadas. Se voc\u00ea seguir esse caminho, dever\u00e1 conhecer muito bem os tipos de termos que a parceria oferece, caso contr\u00e1rio, poder\u00e1 acabar fazendo um p\u00e9ssimo neg\u00f3cio.<\/p>\n<h2 id=\"4\" class=\"wp-block-heading\">De agentes externos<\/h2>\n<p>A partir da\u00ed, a lista come\u00e7a a se ampliar. Aconselhamos os grupos a dar uma olhada na lista anterior\u00a0<em>Primeiro,<\/em>\u00a0para ver o que \u00e9 poss\u00edvel. Mesmo que n\u00e3o consiga levantar todos (ou grande parte) dos fundos dessa forma, voc\u00ea ter\u00e1 muito mais credibilidade junto aos agentes externos se j\u00e1 tiver esgotado as op\u00e7\u00f5es mais locais.<\/p>\n<p>Em seguida, voc\u00ea dever\u00e1 ampliar sua pesquisa.<\/p>\n<p>Os atores externos podem incluir:<\/p>\n<p><em>Bancos \/ bancos de desenvolvimento para financiamento de empr\u00e9stimos.\u00a0<\/em>Esses podem ser os primeiros lugares que voc\u00ea procura, mas normalmente n\u00e3o s\u00e3o a aposta para voc\u00ea.\u00a0Dependendo de seu contexto, essas taxas podem ser muito altas. Temos defendido que os bancos p\u00fablicos ofere\u00e7am mais empr\u00e9stimos com condi\u00e7\u00f5es favor\u00e1veis, que t\u00eam termos mais generosos do que os atuais empr\u00e9stimos privados do mercado de bancos de rua. Esses empr\u00e9stimos flex\u00edveis t\u00eam taxas de juros abaixo do mercado e\/ou per\u00edodos de car\u00eancia nos quais o benefici\u00e1rio do empr\u00e9stimo n\u00e3o \u00e9 obrigado a fazer pagamentos da d\u00edvida por v\u00e1rios anos. Mas, em geral, os bancos s\u00e3o muito conservadores e podem ser mais dif\u00edceis, especialmente para n\u00f3s que estamos em locais do Sul Global.<\/p>\n<p><em>Subs\u00eddios externos<\/em>. Normalmente, eles s\u00e3o oferecidos por um fundo ou bilateralmente pelos governos. Em geral, \u00e9 o instrumento mais justo que pode ser oferecido a voc\u00ea. \u00c9 altamente recomend\u00e1vel pesquisar sobre eles.<\/p>\n<p><em>Capital de risco<\/em>. Isso \u00e9 mais arriscado, especialmente se essas pessoas estiverem fora de sua comunidade local\/ c\u00edrculos conhecidos. Seus interesses podem n\u00e3o estar alinhados com os da comunidade.<\/p>\n<p><em>T\u00edtulos verdes \/ Subs\u00eddios \/ Funda\u00e7\u00f5es.\u00a0<\/em>S\u00e3o baseados em projetos e empresas, geralmente subsidiados pelo governo. Instrumentos financeiros de renda fixa emitidos especificamente para financiar projetos de energia renov\u00e1vel ou iniciativas favor\u00e1veis ao meio ambiente. Os investidores recebem pagamentos regulares de juros e o valor principal no vencimento.<\/p>\n<p><em>Crowdfunding.\u00a0<\/em>Se o seu projeto tiver algumas hist\u00f3rias ou \u00e2ngulos interessantes, n\u00e3o descarte a possibilidade de usar o crowdfunding para obter parte do dinheiro. Com o lan\u00e7amento de uma campanha inteligente e conex\u00f5es com lugares\/comunidades com dinheiro, voc\u00ea pode conseguir arrecadar uma pequena parte das suas necessidades.<\/p>\n<h1 class=\"wp-block-heading\">Etapa #3: Esteja pronto para lutar contra o financiamento injusto<\/h1>\n<p>Em 2022, a Total e a ExxonMobil obtiveram lucros excedentes de US$ 56 bilh\u00f5es &#8211; somente esse valor poderia pagar pela energia solar para abastecer todas as resid\u00eancias no Qu\u00eania, Uganda e Tanz\u00e2nia. Esse \u00e9 o dinheiro dispon\u00edvel para salvar o planeta do pior da crise clim\u00e1tica.<\/p>\n<p>Globalmente, precisamos alcan\u00e7ar a implanta\u00e7\u00e3o anual de 1,5 terawatts de energia renov\u00e1vel a partir de 2030. Isso demandar\u00e1 de 4 a 5 trilh\u00f5es de d\u00f3lares americanos por ano. Em 2022, o investimento em energia limpa atingiu US$ 1,7 trilh\u00e3o globalmente.<\/p>\n<p>Nos pa\u00edses de alta renda, 81 % do investimento verde \u00e9 financiado pelo setor privado. Nos pa\u00edses emergentes e em desenvolvimento, a participa\u00e7\u00e3o privada \u00e9 de apenas 14%.<\/p>\n<p>H\u00e1 injusti\u00e7as fundamentais e hist\u00f3ricas que pertencem ao sistema financeiro global, incluindo a d\u00edvida, a hist\u00f3ria do colonialismo e o extrativismo.<\/p>\n<p>Se voc\u00ea quiser pedir dinheiro emprestado (o que normalmente faz para investir em um projeto de energia renov\u00e1vel), pagar\u00e1 uma taxa de juros de 3-4% no Norte Global, 10-15% nos pa\u00edses emergentes e em desenvolvimento. As subven\u00e7\u00f5es e o financiamento de d\u00edvidas de projetos de baixo custo representaram apenas 1% do financiamento de renov\u00e1veis. As institui\u00e7\u00f5es financeiras de desenvolvimento gastaram menos de 3% em investimentos em energia renov\u00e1vel em 2020.<\/p>\n<p>Tudo isso \u00e9 errado e injusto. Portanto, ao analisar os desafios individuais de seu pr\u00f3prio projeto, \u00e9 importante que voc\u00ea se conecte com outras comunidades para conversar<\/p>\n<p>Sua campanha pode acabar precisando se unir a grupos (como o 350) que lutam nos cen\u00e1rios nacional e internacional para pressionar os governos nacionais e os bancos p\u00fablicos a aumentar os fundos para a energia renov\u00e1vel e concordar em mudar os subs\u00eddios dos combust\u00edveis f\u00f3sseis para a energia renov\u00e1vel.<\/p>\n<h1 class=\"wp-block-heading\">Etapa #4: Comece a arrecadar fundos por meio destes v\u00e1rios canais<\/h1>\n<p>Comece fazendo um plano. Aconselhamos come\u00e7ar entendendo quais s\u00e3o os descontos\/incentivos que seu pa\u00eds oferece. Para come\u00e7ar, entre em contato com instaladores locais de energia renov\u00e1vel e eles ter\u00e3o conhecimento sobre algumas das op\u00e7\u00f5es. Voc\u00ea dever\u00e1 fazer uma pesquisa adicional para se certificar de que esgotou todas as possibilidades de entender os programas que j\u00e1 est\u00e3o em funcionamento no seu governo.<\/p>\n<p>Em seguida, certifique-se de entender a medi\u00e7\u00e3o l\u00edquida e quaisquer outros poss\u00edveis incentivos que possam vir de sua empresa de servi\u00e7os p\u00fablicos.<\/p>\n<p>Em seguida, v\u00e1 at\u00e9 a comunidade com ideias sobre maneiras de iniciar a capta\u00e7\u00e3o de recursos. Isso n\u00e3o eliminar\u00e1 sua lacuna, mas ser\u00e1 importante para mostrar a qualquer outro agente externo que voc\u00ea tem a ades\u00e3o da comunidade e que as pessoas levam o projeto a s\u00e9rio.<\/p>\n<p>Em seguida, voc\u00ea tem uma fase frustrante: sua comunidade est\u00e1 entusiasmada, mas talvez ainda falte um pouco para que o projeto seja &#8220;lan\u00e7ado&#8221;. Voc\u00ea precisar\u00e1 pesquisar subs\u00eddios externos e buscar outras maneiras de arrecadar fundos. Esse ser\u00e1 um momento dif\u00edcil e \u00e9 importante que voc\u00ea mantenha a comunidade informada para que ela n\u00e3o perca a f\u00e9\/momento.<\/p>\n<p>Analise a lista acima e escolha as rotas que voc\u00ea acha mais prov\u00e1veis, com base em conversas de outros projetos em sua \u00e1rea e com base nos relacionamentos que voc\u00ea tem em seu c\u00edrculo.<\/p>\n<p>Boa sorte!<\/p>\n","protected":false},"excerpt":{"rendered":"<p>Voc\u00ea tem um projeto. Voc\u00ea est\u00e1 procurando dinheiro. Antes de procurar dinheiro, voc\u00ea precisa elaborar um or\u00e7amento. Um or\u00e7amento deve<span class=\"text-cutoff\">&#8230;<\/span><\/p>\n","protected":false},"author":10012254,"featured_media":0,"parent":175521271,"menu_order":0,"comment_status":"closed","ping_status":"closed","template":"","meta":{"_acf_changed":false,"footnotes":""},"class_list":["post-175520900","page","type-page","status-publish","hentry"],"acf":[],"yoast_head":"<!-- This site is optimized with the Yoast SEO Premium plugin v26.9 (Yoast SEO v27.5) - https:\/\/yoast.com\/product\/yoast-seo-premium-wordpress\/ -->\n<title>Onde encontraremos o dinheiro? - 350 Portugu\u00eas<\/title>\n<meta name=\"robots\" content=\"index, follow, max-snippet:-1, max-image-preview:large, max-video-preview:-1\" \/>\n<link rel=\"canonical\" href=\"https:\/\/350.org\/pt\/rede-nossa-potencia-recursos\/onde-encontraremos-o-dinheiro\/\" \/>\n<meta property=\"og:locale\" content=\"pt_BR\" \/>\n<meta property=\"og:type\" content=\"article\" \/>\n<meta property=\"og:title\" content=\"Onde encontraremos o dinheiro?\" \/>\n<meta property=\"og:description\" content=\"Voc\u00ea tem um projeto. Voc\u00ea est\u00e1 procurando dinheiro. Antes de procurar dinheiro, voc\u00ea precisa elaborar um or\u00e7amento. Um or\u00e7amento deve...\" \/>\n<meta property=\"og:url\" content=\"https:\/\/350.org\/pt\/rede-nossa-potencia-recursos\/onde-encontraremos-o-dinheiro\/\" \/>\n<meta property=\"og:site_name\" content=\"350 Portugu\u00eas\" \/>\n<meta property=\"article:modified_time\" content=\"2025-03-27T09:59:56+00:00\" \/>\n<meta name=\"twitter:card\" content=\"summary_large_image\" \/>\n<meta name=\"twitter:label1\" content=\"Est. tempo de leitura\" \/>\n\t<meta name=\"twitter:data1\" content=\"10 minutos\" \/>\n<script type=\"application\/ld+json\" class=\"yoast-schema-graph\">{\"@context\":\"https:\\\/\\\/schema.org\",\"@graph\":[{\"@type\":\"WebPage\",\"@id\":\"https:\\\/\\\/350.org\\\/pt\\\/rede-nossa-potencia-recursos\\\/onde-encontraremos-o-dinheiro\\\/\",\"url\":\"https:\\\/\\\/350.org\\\/pt\\\/rede-nossa-potencia-recursos\\\/onde-encontraremos-o-dinheiro\\\/\",\"name\":\"Onde encontraremos o dinheiro? - 350 Portugu\u00eas\",\"isPartOf\":{\"@id\":\"https:\\\/\\\/350.org\\\/pt\\\/#website\"},\"datePublished\":\"2024-12-03T14:03:25+00:00\",\"dateModified\":\"2025-03-27T09:59:56+00:00\",\"breadcrumb\":{\"@id\":\"https:\\\/\\\/350.org\\\/pt\\\/rede-nossa-potencia-recursos\\\/onde-encontraremos-o-dinheiro\\\/#breadcrumb\"},\"inLanguage\":\"pt-BR\",\"potentialAction\":[{\"@type\":\"ReadAction\",\"target\":[\"https:\\\/\\\/350.org\\\/pt\\\/rede-nossa-potencia-recursos\\\/onde-encontraremos-o-dinheiro\\\/\"]}]},{\"@type\":\"BreadcrumbList\",\"@id\":\"https:\\\/\\\/350.org\\\/pt\\\/rede-nossa-potencia-recursos\\\/onde-encontraremos-o-dinheiro\\\/#breadcrumb\",\"itemListElement\":[{\"@type\":\"ListItem\",\"position\":1,\"name\":\"Home\",\"item\":\"https:\\\/\\\/350.org\\\/pt\\\/\"},{\"@type\":\"ListItem\",\"position\":2,\"name\":\"Rede Nossa Pot\u00eancia-Recursos\",\"item\":\"https:\\\/\\\/350.org\\\/pt\\\/rede-nossa-potencia-recursos\\\/\"},{\"@type\":\"ListItem\",\"position\":3,\"name\":\"Onde encontraremos o dinheiro?\"}]},{\"@type\":\"WebSite\",\"@id\":\"https:\\\/\\\/350.org\\\/pt\\\/#website\",\"url\":\"https:\\\/\\\/350.org\\\/pt\\\/\",\"name\":\"350 Portugu\u00eas\",\"description\":\"\",\"potentialAction\":[{\"@type\":\"SearchAction\",\"target\":{\"@type\":\"EntryPoint\",\"urlTemplate\":\"https:\\\/\\\/350.org\\\/pt\\\/?s={search_term_string}\"},\"query-input\":{\"@type\":\"PropertyValueSpecification\",\"valueRequired\":true,\"valueName\":\"search_term_string\"}}],\"inLanguage\":\"pt-BR\"}]}<\/script>\n<!-- \/ Yoast SEO Premium plugin. -->","yoast_head_json":{"title":"Onde encontraremos o dinheiro? - 350 Portugu\u00eas","robots":{"index":"index","follow":"follow","max-snippet":"max-snippet:-1","max-image-preview":"max-image-preview:large","max-video-preview":"max-video-preview:-1"},"canonical":"https:\/\/350.org\/pt\/rede-nossa-potencia-recursos\/onde-encontraremos-o-dinheiro\/","og_locale":"pt_BR","og_type":"article","og_title":"Onde encontraremos o dinheiro?","og_description":"Voc\u00ea tem um projeto. Voc\u00ea est\u00e1 procurando dinheiro. Antes de procurar dinheiro, voc\u00ea precisa elaborar um or\u00e7amento. Um or\u00e7amento deve...","og_url":"https:\/\/350.org\/pt\/rede-nossa-potencia-recursos\/onde-encontraremos-o-dinheiro\/","og_site_name":"350 Portugu\u00eas","article_modified_time":"2025-03-27T09:59:56+00:00","twitter_card":"summary_large_image","twitter_misc":{"Est. tempo de leitura":"10 minutos"},"schema":{"@context":"https:\/\/schema.org","@graph":[{"@type":"WebPage","@id":"https:\/\/350.org\/pt\/rede-nossa-potencia-recursos\/onde-encontraremos-o-dinheiro\/","url":"https:\/\/350.org\/pt\/rede-nossa-potencia-recursos\/onde-encontraremos-o-dinheiro\/","name":"Onde encontraremos o dinheiro? - 350 Portugu\u00eas","isPartOf":{"@id":"https:\/\/350.org\/pt\/#website"},"datePublished":"2024-12-03T14:03:25+00:00","dateModified":"2025-03-27T09:59:56+00:00","breadcrumb":{"@id":"https:\/\/350.org\/pt\/rede-nossa-potencia-recursos\/onde-encontraremos-o-dinheiro\/#breadcrumb"},"inLanguage":"pt-BR","potentialAction":[{"@type":"ReadAction","target":["https:\/\/350.org\/pt\/rede-nossa-potencia-recursos\/onde-encontraremos-o-dinheiro\/"]}]},{"@type":"BreadcrumbList","@id":"https:\/\/350.org\/pt\/rede-nossa-potencia-recursos\/onde-encontraremos-o-dinheiro\/#breadcrumb","itemListElement":[{"@type":"ListItem","position":1,"name":"Home","item":"https:\/\/350.org\/pt\/"},{"@type":"ListItem","position":2,"name":"Rede Nossa Pot\u00eancia-Recursos","item":"https:\/\/350.org\/pt\/rede-nossa-potencia-recursos\/"},{"@type":"ListItem","position":3,"name":"Onde encontraremos o dinheiro?"}]},{"@type":"WebSite","@id":"https:\/\/350.org\/pt\/#website","url":"https:\/\/350.org\/pt\/","name":"350 Portugu\u00eas","description":"","potentialAction":[{"@type":"SearchAction","target":{"@type":"EntryPoint","urlTemplate":"https:\/\/350.org\/pt\/?s={search_term_string}"},"query-input":{"@type":"PropertyValueSpecification","valueRequired":true,"valueName":"search_term_string"}}],"inLanguage":"pt-BR"}]}},"_links":{"self":[{"href":"https:\/\/350.org\/pt\/wp-json\/wp\/v2\/pages\/175520900","targetHints":{"allow":["GET"]}}],"collection":[{"href":"https:\/\/350.org\/pt\/wp-json\/wp\/v2\/pages"}],"about":[{"href":"https:\/\/350.org\/pt\/wp-json\/wp\/v2\/types\/page"}],"author":[{"embeddable":true,"href":"https:\/\/350.org\/pt\/wp-json\/wp\/v2\/users\/10012254"}],"replies":[{"embeddable":true,"href":"https:\/\/350.org\/pt\/wp-json\/wp\/v2\/comments?post=175520900"}],"version-history":[{"count":0,"href":"https:\/\/350.org\/pt\/wp-json\/wp\/v2\/pages\/175520900\/revisions"}],"up":[{"embeddable":true,"href":"https:\/\/350.org\/pt\/wp-json\/wp\/v2\/pages\/175521271"}],"wp:attachment":[{"href":"https:\/\/350.org\/pt\/wp-json\/wp\/v2\/media?parent=175520900"}],"curies":[{"name":"wp","href":"https:\/\/api.w.org\/{rel}","templated":true}]}}