{"id":30637,"date":"2013-11-25T09:29:48","date_gmt":"2013-11-25T09:29:48","guid":{"rendered":"https:\/\/350.org\/clone\/?page_id=30637"},"modified":"2014-05-30T08:43:02","modified_gmt":"2014-05-30T08:43:02","slug":"hold-action","status":"publish","type":"page","link":"https:\/\/350.org\/pt\/hold-action\/","title":{"rendered":"Organize uma a\u00e7\u00e3o"},"content":{"rendered":"<p>N\u00e3o importa se voc\u00ea \u00e9 um ativista de primeira viagem ou com um pouco mais de experi\u00eancia, esse \u00e9 um guia simples para voc\u00ea come\u00e7ar a planejar sua a\u00e7\u00e3o. Siga as instru\u00e7\u00f5es abaixo passo a passo e voc\u00ea j\u00e1 estar\u00e1 pronto para preparar uma a\u00e7\u00e3o criativa, mobilizadora e inspiradora na sua pr\u00f3pria comunidade<strong>.<\/strong><\/p>\n<h4>1) Escolha uma a\u00e7\u00e3o, um local e cadastre-a!<\/h4>\n<p>Grande parte da beleza do dia global de a\u00e7\u00e3o \u00e9 a variedade de a\u00e7\u00f5es criativas organizadas em todo o mundo. Algumas ideias comuns de a\u00e7\u00e3o incluem: organizar uma caminhada ou uma manifesta\u00e7\u00e3o na sua cidade ou bairro; ou um show com bandas e algumas falas inspiradoras numa pra\u00e7a central; ou tamb\u00e9m escaladas, piqueniques, mesas de discuss\u00e3o ou algum servi\u00e7o coletivo feito na sua comunidade (por exemplo, recolher o lixo da praia). Para algumas a\u00e7\u00f5es, o bacana est\u00e1 na sua pr\u00f3pria localiza\u00e7\u00e3o &#8211; existe algum lugar super legal ou historicamente importante na sua regi\u00e3o ou que guarde algum simbolismo com a quest\u00e3o das mudan\u00e7as clim\u00e1ticas? Esse lugares podem ser o cal\u00e7ad\u00e3o da praia, o topo de alguma montanha, barragens, usinas de energia limpa ou, por que n\u00e3o, debaixo d&#8217;\u00e1gua. Onde quer que seja sua a\u00e7\u00e3o,\u00a0fique atento para a melhor oportunidade para tirar uma foto com todo mundo presente. Por meio das fotos, n\u00f3s conectamos as a\u00e7\u00f5es em todo o mundo e amarramos as hist\u00f3rias.\u00a0N\u00e3o esque\u00e7a de registrar sua a\u00e7\u00e3o na 350.org, onde voc\u00ea vai poder entrar para publicar informa\u00e7\u00f5es e as outras pessoas poder\u00e3o se registrar para o evento.<\/p>\n<h4>2) Chame os Amigos e Vizinhos<\/h4>\n<p>Convide amigos, vizinhos, organiza\u00e7\u00f5es locais\u00a0para te ajudar a organizar ou patrocinar sua a\u00e7\u00e3o. Pense numa escala maior: quem poder\u00e1 se interessar em contribuir para sua a\u00e7\u00e3o? A igreja local, a sinagoga, a mesquita, o terreiro, o sindicato, o time de futebol do bairro, a universidade ou cooperativas de arte podem ser bons pontos de partida. \u00c9 nessa hora que voc\u00ea percebe que organizar uma a\u00e7\u00e3o \u00e9 divertido!<\/p>\n<h4>3) Trabalhe com os detalhes<\/h4>\n<p>Preste aten\u00e7\u00e3o aos detalhes log\u00edsticos com a maior anteced\u00eancia poss\u00edvel(\u00e9 para essas horas que voc\u00ea precisa de amigos para te ajudar) Coisas importantes a serem consideradas s\u00e3o o tempo de dura\u00e7\u00e3o da sua a\u00e7\u00e3o, localiza\u00e7\u00e3o, transporte at\u00e9 o local, banheiros, caixas de som, autoriza\u00e7\u00e3o da prefeitura (quando isso for necess\u00e1rio), patroc\u00ednios, etc.<\/p>\n<h4>4) Convide pol\u00edticos e autoridades do governo<\/h4>\n<p>Se voc\u00ea deseja que sua a\u00e7\u00e3o tenha grande impacto, \u00e9 essencial fazer com que\u00a0l\u00edderes locais, regionais e nacionais estejam presentes.\u00a0Convide o prefeito, a governadora, a ministra do Meio Ambiente ou o secret\u00e1rio municipal. Voc\u00ea nunca sabe quem estar\u00e1 interessado em dar as caras e se tornar uma refer\u00eancia para temas ambientais.<\/p>\n<h4>5) Divulgue<\/h4>\n<p>Mande e-mails, escreva para jornais comunit\u00e1rios, v\u00e1 at\u00e9 a esta\u00e7\u00e3o de r\u00e1dio local, pe\u00e7a para que organiza\u00e7\u00f5es parceiras incluam a sua a\u00e7\u00e3o nas suas newsletters\/boletins e espalhe p\u00f4steres pela cidade. Voc\u00ea encontra um modelo de p\u00f4ster para download na nossa\u00a0se\u00e7\u00e3o de Recursos.<\/p>\n<h4>6) Fa\u00e7a um cartaz ou faixa<\/h4>\n<p>Toda a\u00e7\u00e3o devem ter um cartaz, faixa ou algo que comunique o seu apoio \u00e0 causa das 350 ppm. Algumas comunidades v\u00e3o hastear enormes faixas com 350, outras v\u00e3o formar um 350 com os participantes e outros ainda v\u00e3o preferir um grande mural que diga 350 quando visto em conjunto.\u00a0N\u00f3s pedimos que cada pessoa fa\u00e7a seu pr\u00f3prio cartaz ou faixa\u00a0&#8211; \u00e9 lindo ver cada a\u00e7\u00e3o portando cartazes feitos pelas comunidades locais, temperados com o sabor local e, ainda assim, com uma mensagem unificada! Apenas n\u00e3o se esque\u00e7a de faz\u00ea-lo grande e leg\u00edvel.<\/p>\n<h4><strong>7) Informe a M\u00eddia<\/strong><\/h4>\n<p>\u00c9\u00a0muito importante\u00a0entrar em contato com a imprensa local, estadual e nacional\u00a0para que eles possam cobrir as a\u00e7\u00f5es da 350 na sua localidade. Pense em m\u00eddia escrita, r\u00e1dio, televiss\u00e3o e blogs que voc\u00ea desejaria que fossem cobrir o seu evento e comece a entrar em contato agora! Temos dispon\u00edvel no site um guia completo de como conseguir cobertura midi\u00e1tica, que cont\u00e9m tamb\u00e9m um modelo de realese para ser mandado para a imprensa, entre outras coisas. Encontre em:\u00a0Recursos para A\u00e7\u00f5es<\/p>\n<h4><strong>8) Fa\u00e7a a A\u00e7\u00e3o<\/strong><\/h4>\n<p>Voc\u00ea \u00e9 livre para planejar todos os detalhes da sua a\u00e7\u00e3o, apenas\u00a0assegure-se de tirar uma foto com todos os presentes e o cartaz com o 350 no dia do evento.\u00a0Divirta-se e sinta-se orgulhoso sabendo que voc\u00ea\u00a0\u00e9 uma parte muito importante de um movimento global gigante para parar o aquecimento global!<\/p>\n<h4>9) Conte-nos como foi<\/h4>\n<p>Essa parte\u00a0\u00e9 muito importante: quando acabar sua a\u00e7\u00e3o,\u00a0selecione sua melhor foto e mande para\u00a0photos@350.org. Talvez algum dos volunt\u00e1rios presentes na a\u00e7\u00e3o possa te ajudar com isso. Essa parte\u00a0\u00e9 importante porque n\u00f3s precisamos da sua foto para compor, junto com as demais, uma mensagem potente para chamar aten\u00e7\u00e3o da m\u00ed\u00addia e pol\u00ed\u00adticos mundiais. V\u00ed\u00addeos e relatos escritos s\u00e3o importantes tamb\u00e9m, mas fotos s\u00e3o a prioridade. Obrigado por fazer parte desse importante movimento pela mudan\u00e7a!<\/p>\n<p>Visite a se\u00e7\u00e3o de recursos da nossa p\u00e1gina\u00a0para baixar gr\u00e1tis algumas ferramentas pr\u00e1ticas e modelos de materiais para fazer do seu evento um sucesso.<\/p>\n","protected":false},"excerpt":{"rendered":"<p>N\u00e3o importa se voc\u00ea \u00e9 um ativista de primeira viagem ou com um pouco mais de experi\u00eancia, esse \u00e9 um<span class=\"text-cutoff\">&#8230;<\/span><\/p>\n","protected":false},"author":3,"featured_media":0,"parent":0,"menu_order":0,"comment_status":"open","ping_status":"open","template":"","meta":{"_acf_changed":false,"footnotes":""},"class_list":["post-30637","page","type-page","status-publish","hentry"],"acf":[],"yoast_head":"<!-- This site is optimized with the Yoast SEO Premium plugin v26.9 (Yoast SEO v27.5) - https:\/\/yoast.com\/product\/yoast-seo-premium-wordpress\/ -->\n<title>Organize uma a\u00e7\u00e3o - 350 Portugu\u00eas<\/title>\n<meta name=\"robots\" content=\"index, follow, max-snippet:-1, max-image-preview:large, max-video-preview:-1\" \/>\n<link rel=\"canonical\" href=\"https:\/\/350.org\/pt\/hold-action\/\" \/>\n<meta property=\"og:locale\" content=\"pt_BR\" \/>\n<meta property=\"og:type\" content=\"article\" \/>\n<meta property=\"og:title\" content=\"Organize uma a\u00e7\u00e3o\" \/>\n<meta property=\"og:description\" content=\"N\u00e3o importa se voc\u00ea \u00e9 um ativista de primeira viagem ou com um pouco mais de experi\u00eancia, esse \u00e9 um...\" \/>\n<meta property=\"og:url\" content=\"https:\/\/350.org\/pt\/hold-action\/\" \/>\n<meta property=\"og:site_name\" content=\"350 Portugu\u00eas\" \/>\n<meta property=\"article:modified_time\" content=\"2014-05-30T08:43:02+00:00\" \/>\n<meta name=\"twitter:card\" content=\"summary_large_image\" \/>\n<meta name=\"twitter:label1\" content=\"Est. tempo de leitura\" \/>\n\t<meta name=\"twitter:data1\" content=\"5 minutos\" \/>\n<script type=\"application\/ld+json\" class=\"yoast-schema-graph\">{\"@context\":\"https:\\\/\\\/schema.org\",\"@graph\":[{\"@type\":\"WebPage\",\"@id\":\"https:\\\/\\\/350.org\\\/pt\\\/hold-action\\\/\",\"url\":\"https:\\\/\\\/350.org\\\/pt\\\/hold-action\\\/\",\"name\":\"Organize uma a\u00e7\u00e3o - 350 Portugu\u00eas\",\"isPartOf\":{\"@id\":\"https:\\\/\\\/350.org\\\/pt\\\/#website\"},\"datePublished\":\"2013-11-25T09:29:48+00:00\",\"dateModified\":\"2014-05-30T08:43:02+00:00\",\"breadcrumb\":{\"@id\":\"https:\\\/\\\/350.org\\\/pt\\\/hold-action\\\/#breadcrumb\"},\"inLanguage\":\"pt-BR\",\"potentialAction\":[{\"@type\":\"ReadAction\",\"target\":[\"https:\\\/\\\/350.org\\\/pt\\\/hold-action\\\/\"]}]},{\"@type\":\"BreadcrumbList\",\"@id\":\"https:\\\/\\\/350.org\\\/pt\\\/hold-action\\\/#breadcrumb\",\"itemListElement\":[{\"@type\":\"ListItem\",\"position\":1,\"name\":\"Home\",\"item\":\"https:\\\/\\\/350.org\\\/pt\\\/\"},{\"@type\":\"ListItem\",\"position\":2,\"name\":\"Organize uma a\u00e7\u00e3o\"}]},{\"@type\":\"WebSite\",\"@id\":\"https:\\\/\\\/350.org\\\/pt\\\/#website\",\"url\":\"https:\\\/\\\/350.org\\\/pt\\\/\",\"name\":\"350 Portugu\u00eas\",\"description\":\"\",\"potentialAction\":[{\"@type\":\"SearchAction\",\"target\":{\"@type\":\"EntryPoint\",\"urlTemplate\":\"https:\\\/\\\/350.org\\\/pt\\\/?s={search_term_string}\"},\"query-input\":{\"@type\":\"PropertyValueSpecification\",\"valueRequired\":true,\"valueName\":\"search_term_string\"}}],\"inLanguage\":\"pt-BR\"}]}<\/script>\n<!-- \/ Yoast SEO Premium plugin. -->","yoast_head_json":{"title":"Organize uma a\u00e7\u00e3o - 350 Portugu\u00eas","robots":{"index":"index","follow":"follow","max-snippet":"max-snippet:-1","max-image-preview":"max-image-preview:large","max-video-preview":"max-video-preview:-1"},"canonical":"https:\/\/350.org\/pt\/hold-action\/","og_locale":"pt_BR","og_type":"article","og_title":"Organize uma a\u00e7\u00e3o","og_description":"N\u00e3o importa se voc\u00ea \u00e9 um ativista de primeira viagem ou com um pouco mais de experi\u00eancia, esse \u00e9 um...","og_url":"https:\/\/350.org\/pt\/hold-action\/","og_site_name":"350 Portugu\u00eas","article_modified_time":"2014-05-30T08:43:02+00:00","twitter_card":"summary_large_image","twitter_misc":{"Est. tempo de leitura":"5 minutos"},"schema":{"@context":"https:\/\/schema.org","@graph":[{"@type":"WebPage","@id":"https:\/\/350.org\/pt\/hold-action\/","url":"https:\/\/350.org\/pt\/hold-action\/","name":"Organize uma a\u00e7\u00e3o - 350 Portugu\u00eas","isPartOf":{"@id":"https:\/\/350.org\/pt\/#website"},"datePublished":"2013-11-25T09:29:48+00:00","dateModified":"2014-05-30T08:43:02+00:00","breadcrumb":{"@id":"https:\/\/350.org\/pt\/hold-action\/#breadcrumb"},"inLanguage":"pt-BR","potentialAction":[{"@type":"ReadAction","target":["https:\/\/350.org\/pt\/hold-action\/"]}]},{"@type":"BreadcrumbList","@id":"https:\/\/350.org\/pt\/hold-action\/#breadcrumb","itemListElement":[{"@type":"ListItem","position":1,"name":"Home","item":"https:\/\/350.org\/pt\/"},{"@type":"ListItem","position":2,"name":"Organize uma a\u00e7\u00e3o"}]},{"@type":"WebSite","@id":"https:\/\/350.org\/pt\/#website","url":"https:\/\/350.org\/pt\/","name":"350 Portugu\u00eas","description":"","potentialAction":[{"@type":"SearchAction","target":{"@type":"EntryPoint","urlTemplate":"https:\/\/350.org\/pt\/?s={search_term_string}"},"query-input":{"@type":"PropertyValueSpecification","valueRequired":true,"valueName":"search_term_string"}}],"inLanguage":"pt-BR"}]}},"_links":{"self":[{"href":"https:\/\/350.org\/pt\/wp-json\/wp\/v2\/pages\/30637","targetHints":{"allow":["GET"]}}],"collection":[{"href":"https:\/\/350.org\/pt\/wp-json\/wp\/v2\/pages"}],"about":[{"href":"https:\/\/350.org\/pt\/wp-json\/wp\/v2\/types\/page"}],"author":[{"embeddable":true,"href":"https:\/\/350.org\/pt\/wp-json\/wp\/v2\/users\/3"}],"replies":[{"embeddable":true,"href":"https:\/\/350.org\/pt\/wp-json\/wp\/v2\/comments?post=30637"}],"version-history":[{"count":0,"href":"https:\/\/350.org\/pt\/wp-json\/wp\/v2\/pages\/30637\/revisions"}],"wp:attachment":[{"href":"https:\/\/350.org\/pt\/wp-json\/wp\/v2\/media?parent=30637"}],"curies":[{"name":"wp","href":"https:\/\/api.w.org\/{rel}","templated":true}]}}